{"id":8019,"date":"2024-04-06T11:49:00","date_gmt":"2024-04-06T11:49:00","guid":{"rendered":"https:\/\/paramedic.ca\/competences\/nemrcp\/"},"modified":"2024-04-06T12:11:11","modified_gmt":"2024-04-06T12:11:11","slug":"nemrcp","status":"publish","type":"page","link":"https:\/\/paramedic.ca\/fr\/competences\/nemrcp\/","title":{"rendered":"NEMRCP"},"content":{"rendered":"\t\t<div data-elementor-type=\"wp-page\" data-elementor-id=\"8019\" class=\"elementor elementor-8019 elementor-8001\">\n\t\t\t\t\t\t<section class=\"elementor-section elementor-top-section elementor-element elementor-element-2447175 elementor-section-boxed elementor-section-height-default elementor-section-height-default default-style\" data-id=\"2447175\" data-element_type=\"section\" data-settings=\"{&quot;rt_color_sets&quot;:&quot;default-style&quot;}\">\n\t\t\t\t\t\t<div class=\"elementor-container elementor-column-gap-default\">\n\t\t\t\t\t<div class=\"elementor-column elementor-col-100 elementor-top-column elementor-element elementor-element-dd5e7aa\" data-id=\"dd5e7aa\" data-element_type=\"column\">\n\t\t\t<div class=\"elementor-widget-wrap elementor-element-populated\">\n\t\t\t\t\t\t<div class=\"elementor-element elementor-element-4e94d23 elementor-widget elementor-widget-heading\" data-id=\"4e94d23\" data-element_type=\"widget\" data-widget_type=\"heading.default\">\n\t\t\t\t<div class=\"elementor-widget-container\">\n\t\t\t\t\t<h2 class=\"elementor-heading-title elementor-size-default\">PROFIL NATIONAL DES COMP\u00c9TENCES PROFESSIONNELLES<br>\nPOUR LES INTERVENANTS M\u00c9DICAUX D'URGENCE<\/h2>\t\t\t\t<\/div>\n\t\t\t\t<\/div>\n\t\t\t\t<section class=\"elementor-section elementor-inner-section elementor-element elementor-element-5f7915c elementor-section-boxed elementor-section-height-default elementor-section-height-default default-style\" data-id=\"5f7915c\" data-element_type=\"section\" data-settings=\"{&quot;rt_color_sets&quot;:&quot;default-style&quot;}\">\n\t\t\t\t\t\t<div class=\"elementor-container elementor-column-gap-default\">\n\t\t\t\t\t<div class=\"elementor-column elementor-col-50 elementor-inner-column elementor-element elementor-element-4dcf4b3\" data-id=\"4dcf4b3\" data-element_type=\"column\">\n\t\t\t<div class=\"elementor-widget-wrap elementor-element-populated\">\n\t\t\t\t\t\t<div class=\"elementor-element elementor-element-574ea7e elementor-position-left elementor-vertical-align-top elementor-widget elementor-widget-image-box\" data-id=\"574ea7e\" data-element_type=\"widget\" data-widget_type=\"image-box.default\">\n\t\t\t\t<div class=\"elementor-widget-container\">\n\t\t\t\t\t<div class=\"elementor-image-box-wrapper\"><figure class=\"elementor-image-box-img\"><a href=\"https:\/\/paramedic.ca\/documents\/Paramedic-profile\/PAC-EMR.pdf\" target=\"_blank\" tabindex=\"-1\"><img decoding=\"async\" width=\"38\" height=\"40\" src=\"https:\/\/paramedic.ca\/wp-content\/uploads\/2022\/07\/pdf.png\" class=\"attachment-full size-full wp-image-4547\" alt=\"\" \/><\/a><\/figure><div class=\"elementor-image-box-content\"><h3 class=\"elementor-image-box-title\"><a href=\"https:\/\/paramedic.ca\/documents\/Paramedic-profile\/PAC-EMR.pdf\" target=\"_blank\">T\u00e9l\u00e9chargez le PNCP complet pour les tableaux IMU au format PDF<\/a><\/h3><\/div><\/div>\t\t\t\t<\/div>\n\t\t\t\t<\/div>\n\t\t\t\t<div class=\"elementor-element elementor-element-416bc79 elementor-widget elementor-widget-text-editor\" data-id=\"416bc79\" data-element_type=\"widget\" data-widget_type=\"text-editor.default\">\n\t\t\t\t<div class=\"elementor-widget-container\">\n\t\t\t\t\t\t\t\t\t<p>Le Profil national de comp\u00e9tences en IMU est un document consensuel. Il est guid\u00e9 par des donn\u00e9es et des opinions d\u2019experts refl\u00e9tant les aptitudes, les connaissances et les aptitudes repr\u00e9sentant les comp\u00e9tences minimales requises pour les praticiens du niveau IMU. Ce document a \u00e9t\u00e9 pr\u00e9par\u00e9 en sachant que l&#8217;exercice de la profession est r\u00e9glement\u00e9 \u00e0 l&#8217;\u00e9chelle provinciale, chaque province d\u00e9terminant les pouvoirs l\u00e9gislatifs (&#8220;champ d&#8217;exercice&#8221;) de leurs praticiens.<\/p>\n\t\t\t\t\t\t\t\t<\/div>\n\t\t\t\t<\/div>\n\t\t\t\t\t<\/div>\n\t\t<\/div>\n\t\t\t\t<div class=\"elementor-column elementor-col-50 elementor-inner-column elementor-element elementor-element-1d4023d9\" data-id=\"1d4023d9\" data-element_type=\"column\">\n\t\t\t<div class=\"elementor-widget-wrap elementor-element-populated\">\n\t\t\t\t\t\t<div class=\"elementor-element elementor-element-5a0b2e83 wpbits-parallax-effects elementor-absolute elementor-widget elementor-widget-wpb-tooltip\" data-id=\"5a0b2e83\" data-element_type=\"widget\" data-settings=\"{&quot;wpbits_afe_pro_parallax&quot;:&quot;wpbits-parallax-effects&quot;,&quot;wpbits_afe_pro_translate_y&quot;:&quot;true&quot;,&quot;wpbits_afe_pro_parallax_y&quot;:{&quot;unit&quot;:&quot;px&quot;,&quot;size&quot;:-100,&quot;sizes&quot;:[]},&quot;_position&quot;:&quot;absolute&quot;,&quot;wpbits_afe_pro_parallax_y_to&quot;:{&quot;unit&quot;:&quot;px&quot;,&quot;size&quot;:0,&quot;sizes&quot;:[]},&quot;wpbits_afe_pro_parallax_y_start&quot;:{&quot;unit&quot;:&quot;px&quot;,&quot;size&quot;:0,&quot;sizes&quot;:[]},&quot;wpbits_afe_pro_parallax_y_end&quot;:{&quot;unit&quot;:&quot;px&quot;,&quot;size&quot;:0,&quot;sizes&quot;:[]}}\" data-widget_type=\"wpb-tooltip.default\">\n\t\t\t\t<div class=\"elementor-widget-container\">\n\t\t\t\t\t        <div class=\"wpb-tooltip-wrapper\" data-tpid=\"wpb-tooltip-5a0b2e83 animated fast \" data-followmouse=\"false\" data-motp=\"false\" data-placement=\"s\" data-smart=\"true\" data-offset=\"15\">\n        <div class=\"wpb-tooltip wpb-tooltip-type-image\" data-powertip=\"\"><img fetchpriority=\"high\" decoding=\"async\" width=\"768\" height=\"512\" src=\"https:\/\/paramedic.ca\/wp-content\/uploads\/2024\/04\/dreamstime_l_203999073-768x512.jpeg\" class=\"attachment-medium_large size-medium_large wp-image-7991\" alt=\"\" srcset=\"https:\/\/paramedic.ca\/wp-content\/uploads\/2024\/04\/dreamstime_l_203999073-768x512.jpeg 768w, https:\/\/paramedic.ca\/wp-content\/uploads\/2024\/04\/dreamstime_l_203999073-300x200.jpeg 300w, https:\/\/paramedic.ca\/wp-content\/uploads\/2024\/04\/dreamstime_l_203999073-1024x682.jpeg 1024w, https:\/\/paramedic.ca\/wp-content\/uploads\/2024\/04\/dreamstime_l_203999073-600x400.jpeg 600w, https:\/\/paramedic.ca\/wp-content\/uploads\/2024\/04\/dreamstime_l_203999073.jpeg 1280w\" sizes=\"(max-width: 768px) 100vw, 768px\" \/><\/div>        <\/div>\n   \t\t\t\t<\/div>\n\t\t\t\t<\/div>\n\t\t\t\t<div class=\"elementor-element elementor-element-2915167 wpbits-parallax-effects elementor-widget elementor-widget-wpb-tooltip\" data-id=\"2915167\" data-element_type=\"widget\" data-settings=\"{&quot;wpbits_afe_pro_parallax&quot;:&quot;wpbits-parallax-effects&quot;,&quot;wpbits_afe_pro_translate_y&quot;:&quot;true&quot;,&quot;wpbits_afe_pro_parallax_y_to&quot;:{&quot;unit&quot;:&quot;px&quot;,&quot;size&quot;:-50,&quot;sizes&quot;:[]},&quot;wpbits_afe_pro_parallax_y&quot;:{&quot;unit&quot;:&quot;px&quot;,&quot;size&quot;:0,&quot;sizes&quot;:[]},&quot;wpbits_afe_pro_parallax_y_start&quot;:{&quot;unit&quot;:&quot;px&quot;,&quot;size&quot;:0,&quot;sizes&quot;:[]},&quot;wpbits_afe_pro_parallax_y_end&quot;:{&quot;unit&quot;:&quot;px&quot;,&quot;size&quot;:0,&quot;sizes&quot;:[]}}\" data-widget_type=\"wpb-tooltip.default\">\n\t\t\t\t<div class=\"elementor-widget-container\">\n\t\t\t\t\t        <div class=\"wpb-tooltip-wrapper\" data-tpid=\"wpb-tooltip-2915167 animated fast none\" data-followmouse=\"false\" data-motp=\"false\" data-placement=\"n\" data-smart=\"true\" data-offset=\"15\">\n        <div class=\"wpb-tooltip wpb-tooltip-type-image\" data-powertip=\"\"><img decoding=\"async\" width=\"768\" height=\"432\" src=\"https:\/\/paramedic.ca\/wp-content\/uploads\/2024\/04\/dreamstime_l_308548446-768x432.jpeg\" class=\"attachment-medium_large size-medium_large wp-image-7993\" alt=\"\" srcset=\"https:\/\/paramedic.ca\/wp-content\/uploads\/2024\/04\/dreamstime_l_308548446-768x432.jpeg 768w, https:\/\/paramedic.ca\/wp-content\/uploads\/2024\/04\/dreamstime_l_308548446-300x169.jpeg 300w, https:\/\/paramedic.ca\/wp-content\/uploads\/2024\/04\/dreamstime_l_308548446-1024x576.jpeg 1024w, https:\/\/paramedic.ca\/wp-content\/uploads\/2024\/04\/dreamstime_l_308548446-600x338.jpeg 600w, https:\/\/paramedic.ca\/wp-content\/uploads\/2024\/04\/dreamstime_l_308548446.jpeg 1280w\" sizes=\"(max-width: 768px) 100vw, 768px\" \/><\/div>        <\/div>\n   \t\t\t\t<\/div>\n\t\t\t\t<\/div>\n\t\t\t\t\t<\/div>\n\t\t<\/div>\n\t\t\t\t\t<\/div>\n\t\t<\/section>\n\t\t\t\t<div class=\"elementor-element elementor-element-d75f10d elementor-widget elementor-widget-text-editor\" data-id=\"d75f10d\" data-element_type=\"widget\" data-widget_type=\"text-editor.default\">\n\t\t\t\t<div class=\"elementor-widget-container\">\n\t\t\t\t\t\t\t\t\t<p>Ce document est destin\u00e9 \u00e0 \u00eatre utilis\u00e9 pour guider l&#8217;\u00e9laboration de normes de formation, de processus d&#8217;approbation de programmes de formation, d&#8217;\u00e9valuation du rendement et de matrice d&#8217;\u00e9valuation, d&#8217;examens de certification, de normes de pratique, d&#8217;autorit\u00e9 l\u00e9gislative (&#8220;champ d&#8217;exercice&#8221;), de lignes directrices de pratique, de formation continue\/comp\u00e9tence. programmes et politiques et proc\u00e9dures r\u00e9glementaires.<\/p>\n<p>Les futures mises \u00e0 jour du profil national de comp\u00e9tences en IMU devraient \u00eatre motiv\u00e9es par les changements dans les attentes professionnelles, les changements dans les mod\u00e8les de pratique professionnelle, les nouvelles conclusions de la science m\u00e9dicale, les changements technologiques et lorsque les conclusions de la recherche fond\u00e9e sur des donn\u00e9es probantes seront tir\u00e9es et publi\u00e9es. Conform\u00e9ment \u00e0 la pratique ant\u00e9rieure, l&#8217;APC r\u00e9examinera le contenu de ce document si n\u00e9cessaire et de mani\u00e8re r\u00e9currente.<\/p>\n\t\t\t\t\t\t\t\t<\/div>\n\t\t\t\t<\/div>\n\t\t\t\t\t<\/div>\n\t\t<\/div>\n\t\t\t\t\t<\/div>\n\t\t<\/section>\n\t\t\t\t<section class=\"elementor-section elementor-top-section elementor-element elementor-element-2a340dca row-style-1 elementor-section-boxed elementor-section-height-default elementor-section-height-default\" data-id=\"2a340dca\" data-element_type=\"section\" data-settings=\"{&quot;background_background&quot;:&quot;classic&quot;,&quot;rt_color_sets&quot;:&quot;row-style-1&quot;,&quot;shape_divider_top&quot;:&quot;arrow&quot;}\">\n\t\t\t\t\t<div class=\"elementor-shape elementor-shape-top\" aria-hidden=\"true\" data-negative=\"false\">\n\t\t\t<svg xmlns=\"http:\/\/www.w3.org\/2000\/svg\" viewBox=\"0 0 700 10\" preserveAspectRatio=\"none\">\n\t<path class=\"elementor-shape-fill\" d=\"M350,10L340,0h20L350,10z\"\/>\n<\/svg>\t\t<\/div>\n\t\t\t\t\t<div class=\"elementor-container elementor-column-gap-default\">\n\t\t\t\t\t<div class=\"elementor-column elementor-col-100 elementor-top-column elementor-element elementor-element-d128e5b\" data-id=\"d128e5b\" data-element_type=\"column\">\n\t\t\t<div class=\"elementor-widget-wrap elementor-element-populated\">\n\t\t\t\t\t\t<section class=\"elementor-section elementor-inner-section elementor-element elementor-element-638115c elementor-section-boxed elementor-section-height-default elementor-section-height-default default-style\" data-id=\"638115c\" data-element_type=\"section\" data-settings=\"{&quot;rt_color_sets&quot;:&quot;default-style&quot;}\">\n\t\t\t\t\t\t<div class=\"elementor-container elementor-column-gap-default\">\n\t\t\t\t\t<div class=\"elementor-column elementor-col-50 elementor-inner-column elementor-element elementor-element-62de67a\" data-id=\"62de67a\" data-element_type=\"column\">\n\t\t\t<div class=\"elementor-widget-wrap elementor-element-populated\">\n\t\t\t\t\t\t<div class=\"elementor-element elementor-element-c549238 elementor-widget elementor-widget-text-editor\" data-id=\"c549238\" data-element_type=\"widget\" data-widget_type=\"text-editor.default\">\n\t\t\t\t<div class=\"elementor-widget-container\">\n\t\t\t\t\t\t\t\t\t<p><em>&#8220;PAC s&#8217;engage \u00e0 diriger la profession param\u00e9dicale, gr\u00e2ce \u00e0 un esprit de collaboration, un engagement envers la vision et un leadership fort. Nous ferons preuve d&#8217;honn\u00eatet\u00e9, d&#8217;int\u00e9grit\u00e9 et de transparence dans nos affaires, rendrons des comptes aux chapitres et repr\u00e9senterons \u00e9quitablement les param\u00e9dics avec un Nous nous engageons \u00e0 renouveler le Profil national des comp\u00e9tences professionnelles (PNCP), \u00e0 \u00e9laborer un examen national et \u00e0 cr\u00e9er un registre national.<\/em><\/p>\n\t\t\t\t\t\t\t\t<\/div>\n\t\t\t\t<\/div>\n\t\t\t\t\t<\/div>\n\t\t<\/div>\n\t\t\t\t<div class=\"elementor-column elementor-col-50 elementor-inner-column elementor-element elementor-element-d2b258e\" data-id=\"d2b258e\" data-element_type=\"column\">\n\t\t\t<div class=\"elementor-widget-wrap elementor-element-populated\">\n\t\t\t\t\t\t<div class=\"elementor-element elementor-element-92f60f0 elementor-view-default elementor-widget elementor-widget-icon\" data-id=\"92f60f0\" data-element_type=\"widget\" data-widget_type=\"icon.default\">\n\t\t\t\t<div class=\"elementor-widget-container\">\n\t\t\t\t\t\t\t<div class=\"elementor-icon-wrapper\">\n\t\t\t<div class=\"elementor-icon\">\n\t\t\t<i aria-hidden=\"true\" class=\"fas fa-quote-right\"><\/i>\t\t\t<\/div>\n\t\t<\/div>\n\t\t\t\t\t\t<\/div>\n\t\t\t\t<\/div>\n\t\t\t\t\t<\/div>\n\t\t<\/div>\n\t\t\t\t\t<\/div>\n\t\t<\/section>\n\t\t\t\t\t<\/div>\n\t\t<\/div>\n\t\t\t\t\t<\/div>\n\t\t<\/section>\n\t\t\t\t<\/div>\n\t\t","protected":false},"excerpt":{"rendered":"<p>PROFIL NATIONAL DES COMP\u00c9TENCES PROFESSIONNELLES POUR LES INTERVENANTS M\u00c9DICAUX D&#8217;URGENCE T\u00e9l\u00e9chargez le PNCP complet pour les tableaux IMU au format PDF Le Profil national de comp\u00e9tences en IMU est un document consensuel. Il est guid\u00e9 par des donn\u00e9es et des opinions d\u2019experts refl\u00e9tant les aptitudes, les connaissances et les aptitudes repr\u00e9sentant les comp\u00e9tences minimales requises [&hellip;]<\/p>\n","protected":false},"author":3,"featured_media":0,"parent":6232,"menu_order":0,"comment_status":"closed","ping_status":"closed","template":"elementor_header_footer","meta":{"footnotes":""},"class_list":["post-8019","page","type-page","status-publish","hentry"],"_links":{"self":[{"href":"https:\/\/paramedic.ca\/fr\/wp-json\/wp\/v2\/pages\/8019","targetHints":{"allow":["GET"]}}],"collection":[{"href":"https:\/\/paramedic.ca\/fr\/wp-json\/wp\/v2\/pages"}],"about":[{"href":"https:\/\/paramedic.ca\/fr\/wp-json\/wp\/v2\/types\/page"}],"author":[{"embeddable":true,"href":"https:\/\/paramedic.ca\/fr\/wp-json\/wp\/v2\/users\/3"}],"replies":[{"embeddable":true,"href":"https:\/\/paramedic.ca\/fr\/wp-json\/wp\/v2\/comments?post=8019"}],"version-history":[{"count":1,"href":"https:\/\/paramedic.ca\/fr\/wp-json\/wp\/v2\/pages\/8019\/revisions"}],"predecessor-version":[{"id":8020,"href":"https:\/\/paramedic.ca\/fr\/wp-json\/wp\/v2\/pages\/8019\/revisions\/8020"}],"up":[{"embeddable":true,"href":"https:\/\/paramedic.ca\/fr\/wp-json\/wp\/v2\/pages\/6232"}],"wp:attachment":[{"href":"https:\/\/paramedic.ca\/fr\/wp-json\/wp\/v2\/media?parent=8019"}],"curies":[{"name":"wp","href":"https:\/\/api.w.org\/{rel}","templated":true}]}}