{"id":7246,"date":"2023-01-14T13:21:41","date_gmt":"2023-01-14T13:21:41","guid":{"rendered":"https:\/\/paramedic.ca\/adhesion\/"},"modified":"2024-09-25T14:00:37","modified_gmt":"2024-09-25T14:00:37","slug":"adhesion","status":"publish","type":"page","link":"https:\/\/paramedic.ca\/fr\/adhesion\/","title":{"rendered":"Adh\u00e9sion"},"content":{"rendered":"\t\t<div data-elementor-type=\"wp-page\" data-elementor-id=\"7246\" class=\"elementor elementor-7246 elementor-6975\">\n\t\t\t\t\t\t<section class=\"elementor-section elementor-top-section elementor-element elementor-element-9dcb493 elementor-section-full_width elementor-section-height-default elementor-section-height-default default-style\" data-id=\"9dcb493\" data-element_type=\"section\" data-settings=\"{&quot;rt_color_sets&quot;:&quot;default-style&quot;}\">\n\t\t\t\t\t\t<div class=\"elementor-container elementor-column-gap-default\">\n\t\t\t\t\t<div class=\"elementor-column elementor-col-100 elementor-top-column elementor-element elementor-element-fc9aa98\" data-id=\"fc9aa98\" data-element_type=\"column\">\n\t\t\t<div class=\"elementor-widget-wrap elementor-element-populated\">\n\t\t\t\t\t\t<div class=\"elementor-element elementor-element-5e995e7 elementor-widget elementor-widget-rt-sub-header\" data-id=\"5e995e7\" data-element_type=\"widget\" data-widget_type=\"rt-sub-header.default\">\n\t\t\t\t<div class=\"elementor-widget-container\">\n\t\t\t\t\t<section class=\"top_content clearfix\"><section class=\"info_bar clearfix \"><section class=\"heading\"><h1><\/h1><\/section> <section class=\"breadcrumb\"> <ol vocab=\"http:\/\/schema.org\/\" typeof=\"BreadcrumbList\">\n<li property=\"itemListElement\" typeof=\"ListItem\">\n<a property=\"item\" typeof=\"WebPage\" class=\"icon-home\" href=\"https:\/\/paramedic.ca\/fr\/\"><span property=\"name\">Home<\/span><\/a>\n<meta property=\"position\" content=\"1\"><\/li>\n <span class=\"icon-angle-right\"><\/span> <\/ol>\n <\/section><\/section><\/section>\t\t\t\t<\/div>\n\t\t\t\t<\/div>\n\t\t\t\t\t<\/div>\n\t\t<\/div>\n\t\t\t\t\t<\/div>\n\t\t<\/section>\n\t\t\t\t<section class=\"elementor-section elementor-top-section elementor-element elementor-element-a2febe5 elementor-section-content-middle row-style-1 wpbits-el-parallax-background elementor-section-boxed elementor-section-height-default elementor-section-height-default\" data-id=\"a2febe5\" data-element_type=\"section\" data-settings=\"{&quot;background_background&quot;:&quot;classic&quot;,&quot;rt_color_sets&quot;:&quot;row-style-1&quot;,&quot;wpb_parallax&quot;:&quot;wpbits-el-parallax-background&quot;,&quot;wpb_bg_parallax_effect&quot;:&quot;4&quot;,&quot;wpb_bg_parallax_speed&quot;:&quot;1&quot;}\">\n\t\t\t\t\t\t<div class=\"elementor-container elementor-column-gap-default\">\n\t\t\t\t\t<div class=\"elementor-column elementor-col-100 elementor-top-column elementor-element elementor-element-523145f\" data-id=\"523145f\" data-element_type=\"column\">\n\t\t\t<div class=\"elementor-widget-wrap elementor-element-populated\">\n\t\t\t\t\t\t<div class=\"elementor-element elementor-element-5482bca elementor-widget elementor-widget-wpb-heading\" data-id=\"5482bca\" data-element_type=\"widget\" data-widget_type=\"wpb-heading.default\">\n\t\t\t\t<div class=\"elementor-widget-container\">\n\t\t\t\t\t<h2 class=\"wpbits-heading\"><span>DEVENIR MEMBRE DE <em>\n'lAPC <\/em><\/span><\/h2>\t\t\t\t<\/div>\n\t\t\t\t<\/div>\n\t\t\t\t<div class=\"elementor-element elementor-element-ffe8ce4 elementor-widget elementor-widget-shortcode\" data-id=\"ffe8ce4\" data-element_type=\"widget\" data-widget_type=\"shortcode.default\">\n\t\t\t\t<div class=\"elementor-widget-container\">\n\t\t\t\t\t\t\t<div class=\"elementor-shortcode\"><hr class=\"style-six margin-t0 margin-b0 \"  data-rt-animate=\"animate\" data-rt-animation-type=\"fadeInDown\" data-rt-animation-group=\"single\" ><\/div>\n\t\t\t\t\t\t<\/div>\n\t\t\t\t<\/div>\n\t\t\t\t<section class=\"elementor-section elementor-inner-section elementor-element elementor-element-f7de25e elementor-section-boxed elementor-section-height-default elementor-section-height-default default-style\" data-id=\"f7de25e\" data-element_type=\"section\" data-settings=\"{&quot;rt_color_sets&quot;:&quot;default-style&quot;}\">\n\t\t\t\t\t\t<div class=\"elementor-container elementor-column-gap-no\">\n\t\t\t\t\t<div class=\"elementor-column elementor-col-50 elementor-inner-column elementor-element elementor-element-01adf3c\" data-id=\"01adf3c\" data-element_type=\"column\">\n\t\t\t<div class=\"elementor-widget-wrap elementor-element-populated\">\n\t\t\t\t\t\t<div class=\"elementor-element elementor-element-061d921 elementor-widget elementor-widget-text-editor\" data-id=\"061d921\" data-element_type=\"widget\" data-widget_type=\"text-editor.default\">\n\t\t\t\t<div class=\"elementor-widget-container\">\n\t\t\t\t\t\t\t\t\t<p class=\"text-justify\">Avec plus de 30 000 membres, l&#8217;Association des param\u00e9dics du Canada est compos\u00e9e de membres des chapitres provinciaux de l&#8217;APC.<\/p>\n<p class=\"text-justify\">De nombreux param\u00e9dics sont d\u00e9j\u00e0 membres de l&#8217;APC par l&#8217;interm\u00e9diaire de leur section (association\/syndicat provincial, etc.). Si vous n&#8217;\u00eates pas s\u00fbr d&#8217;\u00eatre membre ou si vous avez des questions sur l&#8217;adh\u00e9sion, veuillez contacter <a href=\"mailto:info@paramedic.ca\">info@paramedic.ca<\/a> pour plus d&#8217;informations.<\/p>\n\t\t\t\t\t\t\t\t<\/div>\n\t\t\t\t<\/div>\n\t\t\t\t<div class=\"elementor-element elementor-element-bd36b62 elementor-list-item-link-inline elementor-icon-list--layout-traditional elementor-widget elementor-widget-icon-list\" data-id=\"bd36b62\" data-element_type=\"widget\" data-widget_type=\"icon-list.default\">\n\t\t\t\t<div class=\"elementor-widget-container\">\n\t\t\t\t\t\t\t<ul class=\"elementor-icon-list-items\">\n\t\t\t\t\t\t\t<li class=\"elementor-icon-list-item\">\n\t\t\t\t\t\t\t\t\t\t\t<span class=\"elementor-icon-list-icon\">\n\t\t\t\t\t\t\t<i aria-hidden=\"true\" class=\"far fa-map\"><\/i>\t\t\t\t\t\t<\/span>\n\t\t\t\t\t\t\t\t\t\t<span class=\"elementor-icon-list-text\">201-4, rue Florence Ottawa, ON K2P 0W7<\/span>\n\t\t\t\t\t\t\t\t\t<\/li>\n\t\t\t\t\t\t\t\t<li class=\"elementor-icon-list-item\">\n\t\t\t\t\t\t\t\t\t\t\t<span class=\"elementor-icon-list-icon\">\n\t\t\t\t\t\t\t<i aria-hidden=\"true\" class=\"fas fa-mobile-alt\"><\/i>\t\t\t\t\t\t<\/span>\n\t\t\t\t\t\t\t\t\t\t<span class=\"elementor-icon-list-text\">Num\u00e9ro gratuit 1 (844) 836-6581<\/span>\n\t\t\t\t\t\t\t\t\t<\/li>\n\t\t\t\t\t\t\t\t<li class=\"elementor-icon-list-item\">\n\t\t\t\t\t\t\t\t\t\t\t<span class=\"elementor-icon-list-icon\">\n\t\t\t\t\t\t\t<i aria-hidden=\"true\" class=\"fas fa-mobile-alt\"><\/i>\t\t\t\t\t\t<\/span>\n\t\t\t\t\t\t\t\t\t\t<span class=\"elementor-icon-list-text\">T\u00e9l\u00e9phone local : (613) 836-6581<\/span>\n\t\t\t\t\t\t\t\t\t<\/li>\n\t\t\t\t\t\t\t\t<li class=\"elementor-icon-list-item\">\n\t\t\t\t\t\t\t\t\t\t\t<span class=\"elementor-icon-list-icon\">\n\t\t\t\t\t\t\t<i aria-hidden=\"true\" class=\"far fa-clock\"><\/i>\t\t\t\t\t\t<\/span>\n\t\t\t\t\t\t\t\t\t\t<span class=\"elementor-icon-list-text\">Lundi - Vendredi 8h - 16h <br> Samedi - Dimanche FERM\u00c9<\/span>\n\t\t\t\t\t\t\t\t\t<\/li>\n\t\t\t\t\t\t<\/ul>\n\t\t\t\t\t\t<\/div>\n\t\t\t\t<\/div>\n\t\t\t\t\t<\/div>\n\t\t<\/div>\n\t\t\t\t<div class=\"elementor-column elementor-col-50 elementor-inner-column elementor-element elementor-element-3af09ac\" data-id=\"3af09ac\" data-element_type=\"column\">\n\t\t\t<div class=\"elementor-widget-wrap elementor-element-populated\">\n\t\t\t\t\t\t<div class=\"elementor-element elementor-element-b291c6f elementor-widget elementor-widget-shortcode\" data-id=\"b291c6f\" data-element_type=\"widget\" data-widget_type=\"shortcode.default\">\n\t\t\t\t<div class=\"elementor-widget-container\">\n\t\t\t\t\t\t\t<div class=\"elementor-shortcode\"><form action=\"\/fr\/wp-json\/wp\/v2\/pages\/7246\" method=\"post\"><p>Votre nom et pr\u00e9nom <strong><span style=\"color:red\">* <\/span><\/strong> <br\/><input type=\"text\" name=\"firstname\" placeholder=\"Votre nom\" pattern=\"[a-zA-, Z0-9 ]+\" value=\"\" \/>&emsp;<input type=\"text\" name=\"lastname\" placeholder=\"Votre pr\u00e9nom\" pattern=\"[a-zA-, Z0-9 ]+\" value=\"\" \/><\/p><p>Votre Email <strong><span style=\"color:red\">*<\/span><\/strong> <br\/><input type=\"email\" name=\"email\" placeholder=\"ie. info@paramedic.ca\" value=\"\" \/><\/p><p><label>Type d'adh\u00e9sion <strong><span style=\"color:red\">* <\/span><\/strong> <\/label><br\/><input type=\"radio\" name=\"member\" id=\"member\" value=\"Param\u00e9dic\" \/>&nbsp;Param\u00e9dic<br\/><input type=\"radio\" name=\"member\" id=\"member\" value=\"Membre associ\u00e9\" \/>&nbsp;Membre associ\u00e9<br\/><\/p><p><label>Niveau de licence <span style=\"color: red;\">*<\/span><\/label><br\/><select id=\"license\" name=\"license\" class=\"form-control\" ><option value=\"\"  selected=\"\">S\u00e9lectionnez votre niveau de licence <span style=\"color: red;\">*<\/span><\/option><option value=\"RMU - R\u00e9pondant m\u00e9dical d'urgence\">RMU - R\u00e9pondant m\u00e9dical d'urgence<\/option><option value=\"TPSP - Travailleur param\u00e9dical en soins primaires\">TPSP - Travailleur param\u00e9dical en soins primaires<\/option><option value=\"TPSA - Travailleur param\u00e9dical en soins avanc\u00e9s\">TPSA - Travailleur param\u00e9dical en soins avanc\u00e9s<option value=\"TPSI - Travailleur param\u00e9dical en soins intensifs\">TPSI - Travailleur param\u00e9dical en soins intensifs<option value=\"Autre\">Other<\/select><\/p><p><label>Lieu de pratique <span style=\"color: red;\">*<\/span><\/label><br\/><select id=\"province\" name=\"province\" class=\"form-control\" ><option value=\"\"  selected=\"\">S\u00e9lectionnez votre province <span style=\"color: red;\">*<\/span><\/option><option value=\"PE - \u00cele-du-Prince-\u00c9douard\">PE - \u00cele-du-Prince-\u00c9douard<\/option><option value=\"NB - Nouveau-Brunswick\">NB - Nouveau-Brunswick<\/option><option value=\"NS - Nouvelle-\u00c9cosse\">NS - Nouvelle-\u00c9cosse<option value=\"NL - Terre-Neuve-et-Labrador\">NL - Terre-Neuve-et-Labrador<option value=\"QC - Quebec\">QC - Quebec<option value=\"ON - Ontario\">ON - Ontario<option value=\"MB - Manitoba\">MB - Manitoba<option value=\"SK - Saskatchewan\">SK - Saskatchewan<option value=\"AB - Alberta\">AB - Alberta<option value=\"BC - Colombie britannique\">BC - Colombie britannique<option value=\"NV - Nunavut\">NV - Nunavut<option value=\"NT - Territoires du nord-ouest\">NT - Territoires du nord-ouest<option value=\"YN - Yukon\">YN - Yukon<\/select><\/p><p><strong><em>En soumettant ces informations, j'accepte que mes informations soient partag\u00e9es avec l'Association des param\u00e9dics du Canada et l'Association des param\u00e9dics de la province de mon choix.<\/strong><\/em><\/br><input type=\"checkbox\"\n         name=\"check\"\n         id=\"GFG\"\n         value=\"1\"\n         required><\/p><script>\n        function validateForm() {\n            var checkbox = document.getElementById(\"GFG\");\n \n            if (!checkbox.checked) {\n                \/\/ If checkbox is not checked, prevent form submission\n                document.getElementById(\"sudo\").innerHTML = \n                      \"Checkbox is required!\";\n                return false;\n            }\n        }\n    <\/script>\nVeuillez prouver que vous \u00eates r\u00e9ellement une personne \ud83d\ude42 <br\/><input type=\"text\" name=\"human\" id=\"human\" placeholder=\"sept + un - quatre\" pattern=\"[a-zA-,. Z0-9 ]+\" value=\"\" \/><\/p><p><input type=\"submit\" name=\"submitted\" value=\"Envoyer\"> <\/p><\/form><\/div>\n\t\t\t\t\t\t<\/div>\n\t\t\t\t<\/div>\n\t\t\t\t\t<\/div>\n\t\t<\/div>\n\t\t\t\t\t<\/div>\n\t\t<\/section>\n\t\t\t\t\t<\/div>\n\t\t<\/div>\n\t\t\t\t\t<\/div>\n\t\t<\/section>\n\t\t\t\t<section class=\"elementor-section elementor-top-section elementor-element elementor-element-3d87335 elementor-section-content-middle   elementor-reverse-tablet elementor-reverse-mobile row-style-2 elementor-section-boxed elementor-section-height-default elementor-section-height-default\" data-id=\"3d87335\" data-element_type=\"section\" data-settings=\"{&quot;rt_color_sets&quot;:&quot;row-style-2&quot;}\">\n\t\t\t\t\t\t<div class=\"elementor-container elementor-column-gap-default\">\n\t\t\t\t\t<div class=\"elementor-column elementor-col-100 elementor-top-column elementor-element elementor-element-6b135ad\" data-id=\"6b135ad\" data-element_type=\"column\">\n\t\t\t<div class=\"elementor-widget-wrap elementor-element-populated\">\n\t\t\t\t\t\t<div class=\"elementor-element elementor-element-d04b2de elementor-widget elementor-widget-rt-divider\" data-id=\"d04b2de\" data-element_type=\"widget\" data-widget_type=\"rt-divider.default\">\n\t\t\t\t<div class=\"elementor-widget-container\">\n\t\t\t\t\t<hr class=\"style-seven margin-t0 margin-b0 \"  data-rt-animate=\"animate\" data-rt-animation-type=\"fadeInDown\" data-rt-animation-group=\"single\" >\t\t\t\t<\/div>\n\t\t\t\t<\/div>\n\t\t\t\t\t<\/div>\n\t\t<\/div>\n\t\t\t\t\t<\/div>\n\t\t<\/section>\n\t\t\t\t<\/div>\n\t\t","protected":false},"excerpt":{"rendered":"<p>Home DEVENIR MEMBRE DE &#8216;lAPC Avec plus de 30 000 membres, l&#8217;Association des param\u00e9dics du Canada est compos\u00e9e de membres des chapitres provinciaux de l&#8217;APC. De nombreux param\u00e9dics sont d\u00e9j\u00e0 membres de l&#8217;APC par l&#8217;interm\u00e9diaire de leur section (association\/syndicat provincial, etc.). Si vous n&#8217;\u00eates pas s\u00fbr d&#8217;\u00eatre membre ou si vous avez des questions sur [&hellip;]<\/p>\n","protected":false},"author":3,"featured_media":0,"parent":0,"menu_order":0,"comment_status":"closed","ping_status":"closed","template":"builder-ready.php","meta":{"footnotes":""},"class_list":["post-7246","page","type-page","status-publish","hentry"],"_links":{"self":[{"href":"https:\/\/paramedic.ca\/fr\/wp-json\/wp\/v2\/pages\/7246","targetHints":{"allow":["GET"]}}],"collection":[{"href":"https:\/\/paramedic.ca\/fr\/wp-json\/wp\/v2\/pages"}],"about":[{"href":"https:\/\/paramedic.ca\/fr\/wp-json\/wp\/v2\/types\/page"}],"author":[{"embeddable":true,"href":"https:\/\/paramedic.ca\/fr\/wp-json\/wp\/v2\/users\/3"}],"replies":[{"embeddable":true,"href":"https:\/\/paramedic.ca\/fr\/wp-json\/wp\/v2\/comments?post=7246"}],"version-history":[{"count":19,"href":"https:\/\/paramedic.ca\/fr\/wp-json\/wp\/v2\/pages\/7246\/revisions"}],"predecessor-version":[{"id":7976,"href":"https:\/\/paramedic.ca\/fr\/wp-json\/wp\/v2\/pages\/7246\/revisions\/7976"}],"wp:attachment":[{"href":"https:\/\/paramedic.ca\/fr\/wp-json\/wp\/v2\/media?parent=7246"}],"curies":[{"name":"wp","href":"https:\/\/api.w.org\/{rel}","templated":true}]}}