{"id":6291,"date":"2022-07-18T10:10:34","date_gmt":"2022-07-18T10:10:34","guid":{"rendered":"https:\/\/paramedic.ca\/ressources\/avantages-pour-les-membres\/lapc-assurance-groupe\/"},"modified":"2022-10-27T10:30:49","modified_gmt":"2022-10-27T10:30:49","slug":"lapc-assurance-groupe","status":"publish","type":"page","link":"https:\/\/paramedic.ca\/fr\/ressources\/avantages-pour-les-membres\/lapc-assurance-groupe\/","title":{"rendered":"l&#8217;APC Assurance Groupe"},"content":{"rendered":"\t\t<div data-elementor-type=\"wp-page\" data-elementor-id=\"6291\" class=\"elementor elementor-6291 elementor-4942\">\n\t\t\t\t\t\t<section class=\"elementor-section elementor-top-section elementor-element elementor-element-48d7e91 elementor-section-boxed elementor-section-height-default elementor-section-height-default default-style\" data-id=\"48d7e91\" data-element_type=\"section\" data-settings=\"{&quot;rt_color_sets&quot;:&quot;default-style&quot;}\">\n\t\t\t\t\t\t<div class=\"elementor-container elementor-column-gap-default\">\n\t\t\t\t\t<div class=\"elementor-column elementor-col-100 elementor-top-column elementor-element elementor-element-0f1367f\" data-id=\"0f1367f\" data-element_type=\"column\">\n\t\t\t<div class=\"elementor-widget-wrap elementor-element-populated\">\n\t\t\t\t\t\t<div class=\"elementor-element elementor-element-aad7aa2 elementor-widget elementor-widget-heading\" data-id=\"aad7aa2\" data-element_type=\"widget\" data-widget_type=\"heading.default\">\n\t\t\t\t<div class=\"elementor-widget-container\">\n\t\t\t\t\t<h2 class=\"elementor-heading-title elementor-size-default\">l'APC Assurance Groupe<\/h2>\t\t\t\t<\/div>\n\t\t\t\t<\/div>\n\t\t\t\t<div class=\"elementor-element elementor-element-1b0da6d elementor-widget elementor-widget-text-editor\" data-id=\"1b0da6d\" data-element_type=\"widget\" data-widget_type=\"text-editor.default\">\n\t\t\t\t<div class=\"elementor-widget-container\">\n\t\t\t\t\t\t\t\t\t<p>Nous sommes heureux d&#8217;annoncer que nous nous sommes associ\u00e9s \u00e0 l&#8217;Industrielle Alliance, Assurance et services financiers inc. pour lancer <a href=\"http:\/\/paramedic.ca\/documents\/PAC-Group-Insurance-Plan.pdf\" target=\"_blank\" rel=\"noopener\">le Programme d&#8217;assurance collective volontaire de l&#8217;Association des param\u00e9dics du Canada<\/a> Les membres peuvent acheter des assurances maladie grave, vie temporaire et d\u00e9c\u00e8s et mutilation accidentels con\u00e7us sp\u00e9cifiquement pour les besoins des membres l&#8217;APC, et \u00e0 des tarifs de groupe abordables.<\/p>\n<p>DES PRODUITS:<\/p>\n<ul>\n<li>Assurance-vie temporaire<\/li>\n<li>Assurance maladies graves<\/li>\n<li>Assurance d\u00e9c\u00e8s et mutilation accidentels<\/li>\n<\/ul>\n<p>Pour plus d&#8217;informations, visitez <a href=\"http:\/\/www.solutionsinsurance.com\/pac\">www.solutionsinsurance.com\/pac<\/a><\/p>\n\t\t\t\t\t\t\t\t<\/div>\n\t\t\t\t<\/div>\n\t\t\t\t<div class=\"elementor-element elementor-element-90189cb elementor-widget elementor-widget-text-editor\" data-id=\"90189cb\" data-element_type=\"widget\" data-widget_type=\"text-editor.default\">\n\t\t\t\t<div class=\"elementor-widget-container\">\n\t\t\t\t\t\t\t\t\t<p>Il y a des avantages majeurs, y compris l&#8217;acc\u00e8s \u00e0 des tarifs r\u00e9duits de groupe, \u00e0 souscrire une assurance en tant que groupe national puissant. Une assurance responsabilit\u00e9 civile sera offerte dans le cadre d&#8217;un programme complet, qui renforcera la profession et r\u00e9duira l&#8217;exposition des membres aux risques &#8211; gr\u00e2ce \u00e0 une formation \u00e0 l&#8217;\u00e9valuation et \u00e0 la r\u00e9duction des risques. Pour plus d&#8217;informations, t\u00e9l\u00e9chargez le dossier d&#8217;information complet <strong><a href=\"https:\/\/paramedic.ca\/documents\/PAC-Brochure.pdf\" target=\"_blank\" rel=\"noopener\">ICI<\/a><\/strong>.<\/p>\n\t\t\t\t\t\t\t\t<\/div>\n\t\t\t\t<\/div>\n\t\t\t\t\t<\/div>\n\t\t<\/div>\n\t\t\t\t\t<\/div>\n\t\t<\/section>\n\t\t\t\t<section class=\"elementor-section elementor-top-section elementor-element elementor-element-fa60c50 elementor-section-content-middle   elementor-reverse-tablet elementor-reverse-mobile row-style-2 elementor-section-boxed elementor-section-height-default elementor-section-height-default\" data-id=\"fa60c50\" data-element_type=\"section\" data-settings=\"{&quot;rt_color_sets&quot;:&quot;row-style-2&quot;,&quot;background_background&quot;:&quot;classic&quot;}\">\n\t\t\t\t\t\t<div class=\"elementor-container elementor-column-gap-default\">\n\t\t\t\t\t<div class=\"elementor-column elementor-col-100 elementor-top-column elementor-element elementor-element-9c0ee05\" data-id=\"9c0ee05\" data-element_type=\"column\">\n\t\t\t<div class=\"elementor-widget-wrap elementor-element-populated\">\n\t\t\t\t\t\t<section class=\"elementor-section elementor-inner-section elementor-element elementor-element-7120fe7 elementor-section-boxed elementor-section-height-default elementor-section-height-default default-style\" data-id=\"7120fe7\" data-element_type=\"section\" data-settings=\"{&quot;rt_color_sets&quot;:&quot;default-style&quot;}\">\n\t\t\t\t\t\t<div class=\"elementor-container elementor-column-gap-no\">\n\t\t\t\t\t<div class=\"elementor-column elementor-col-50 elementor-inner-column elementor-element elementor-element-67c55d8\" data-id=\"67c55d8\" data-element_type=\"column\">\n\t\t\t<div class=\"elementor-widget-wrap elementor-element-populated\">\n\t\t\t\t\t\t<div class=\"elementor-element elementor-element-b67c1e5 elementor-widget elementor-widget-heading\" data-id=\"b67c1e5\" data-element_type=\"widget\" data-widget_type=\"heading.default\">\n\t\t\t\t<div class=\"elementor-widget-container\">\n\t\t\t\t\t<h2 class=\"elementor-heading-title elementor-size-default\">Votre groupe\nProgramme d'assurance<\/h2>\t\t\t\t<\/div>\n\t\t\t\t<\/div>\n\t\t\t\t<div class=\"elementor-element elementor-element-d81d642 elementor-widget elementor-widget-spacer\" data-id=\"d81d642\" data-element_type=\"widget\" data-widget_type=\"spacer.default\">\n\t\t\t\t<div class=\"elementor-widget-container\">\n\t\t\t\t\t\t\t<div class=\"elementor-spacer\">\n\t\t\t<div class=\"elementor-spacer-inner\"><\/div>\n\t\t<\/div>\n\t\t\t\t\t\t<\/div>\n\t\t\t\t<\/div>\n\t\t\t\t<div class=\"elementor-element elementor-element-764e871 elementor-widget elementor-widget-text-editor\" data-id=\"764e871\" data-element_type=\"widget\" data-widget_type=\"text-editor.default\">\n\t\t\t\t<div class=\"elementor-widget-container\">\n\t\t\t\t\t\t\t\t\t<p>Exclusivement pour les membres de l&#8217;Association des param\u00e9dics du Canada (APC) ! Protection pour les personnes qui vous sont ch\u00e8res et tranquillit\u00e9 d&#8217;esprit pour vous.<\/p>\n<p>Si vous n&#8217;\u00eates pas enti\u00e8rement satisfait, vous pouvez annuler votre couverture et retourner le certificat dans les 60 jours suivant la date d&#8217;entr\u00e9e en vigueur. Vous recevrez un remboursement complet de toutes les primes d\u00e9j\u00e0 pay\u00e9es.<\/p>\n\t\t\t\t\t\t\t\t<\/div>\n\t\t\t\t<\/div>\n\t\t\t\t\t<\/div>\n\t\t<\/div>\n\t\t\t\t<div class=\"elementor-column elementor-col-50 elementor-inner-column elementor-element elementor-element-6ed7678\" data-id=\"6ed7678\" data-element_type=\"column\">\n\t\t\t<div class=\"elementor-widget-wrap elementor-element-populated\">\n\t\t\t\t\t\t<div class=\"elementor-element elementor-element-d61490f elementor-widget elementor-widget-image\" data-id=\"d61490f\" data-element_type=\"widget\" data-widget_type=\"image.default\">\n\t\t\t\t<div class=\"elementor-widget-container\">\n\t\t\t\t\t\t\t\t\t\t\t\t\t\t\t<img decoding=\"async\" width=\"198\" height=\"106\" src=\"https:\/\/paramedic.ca\/wp-content\/uploads\/2022\/07\/iAlogo_D_en.png\" class=\"attachment-large size-large wp-image-6100\" alt=\"\" \/>\t\t\t\t\t\t\t\t\t\t\t\t\t\t\t<\/div>\n\t\t\t\t<\/div>\n\t\t\t\t<div class=\"elementor-element elementor-element-1f59e96 elementor-widget elementor-widget-wpb-button\" data-id=\"1f59e96\" data-element_type=\"widget\" data-widget_type=\"wpb-button.default\">\n\t\t\t\t<div class=\"elementor-widget-container\">\n\t\t\t\t\t                <div class=\"wpb-btn-wrapper\">\n            <a id=\"\" class=\"wpb-btn-md \" href=\"https:\/\/specialmarkets.ia.ca\/pac\/apply-now\"  target=\"_blank\" >\n\t\t\t\t<span>\n\t\t\t\t\t<i aria-hidden=\"true\" class=\"fas fa-shield-alt\"><\/i>Souscrire maintenant\t\t\t\t<\/span>\n            <\/a>\n        <\/div>\n        \t\t\t\t<\/div>\n\t\t\t\t<\/div>\n\t\t\t\t\t<\/div>\n\t\t<\/div>\n\t\t\t\t\t<\/div>\n\t\t<\/section>\n\t\t\t\t\t<\/div>\n\t\t<\/div>\n\t\t\t\t\t<\/div>\n\t\t<\/section>\n\t\t\t\t<\/div>\n\t\t","protected":false},"excerpt":{"rendered":"<p>l&#8217;APC Assurance Groupe Nous sommes heureux d&#8217;annoncer que nous nous sommes associ\u00e9s \u00e0 l&#8217;Industrielle Alliance, Assurance et services financiers inc. pour lancer le Programme d&#8217;assurance collective volontaire de l&#8217;Association des param\u00e9dics du Canada Les membres peuvent acheter des assurances maladie grave, vie temporaire et d\u00e9c\u00e8s et mutilation accidentels con\u00e7us sp\u00e9cifiquement pour les besoins des membres [&hellip;]<\/p>\n","protected":false},"author":3,"featured_media":0,"parent":6275,"menu_order":1,"comment_status":"open","ping_status":"closed","template":"","meta":{"footnotes":""},"class_list":["post-6291","page","type-page","status-publish","hentry"],"_links":{"self":[{"href":"https:\/\/paramedic.ca\/fr\/wp-json\/wp\/v2\/pages\/6291","targetHints":{"allow":["GET"]}}],"collection":[{"href":"https:\/\/paramedic.ca\/fr\/wp-json\/wp\/v2\/pages"}],"about":[{"href":"https:\/\/paramedic.ca\/fr\/wp-json\/wp\/v2\/types\/page"}],"author":[{"embeddable":true,"href":"https:\/\/paramedic.ca\/fr\/wp-json\/wp\/v2\/users\/3"}],"replies":[{"embeddable":true,"href":"https:\/\/paramedic.ca\/fr\/wp-json\/wp\/v2\/comments?post=6291"}],"version-history":[{"count":4,"href":"https:\/\/paramedic.ca\/fr\/wp-json\/wp\/v2\/pages\/6291\/revisions"}],"predecessor-version":[{"id":6296,"href":"https:\/\/paramedic.ca\/fr\/wp-json\/wp\/v2\/pages\/6291\/revisions\/6296"}],"up":[{"embeddable":true,"href":"https:\/\/paramedic.ca\/fr\/wp-json\/wp\/v2\/pages\/6275"}],"wp:attachment":[{"href":"https:\/\/paramedic.ca\/fr\/wp-json\/wp\/v2\/media?parent=6291"}],"curies":[{"name":"wp","href":"https:\/\/api.w.org\/{rel}","templated":true}]}}