{"id":6285,"date":"2022-07-18T10:19:51","date_gmt":"2022-07-18T10:19:51","guid":{"rendered":"https:\/\/paramedic.ca\/ressources\/avantages-pour-les-membres\/assurance-habitation-et-automobile\/"},"modified":"2024-09-25T12:41:20","modified_gmt":"2024-09-25T12:41:20","slug":"assurance-habitation-et-automobile","status":"publish","type":"page","link":"https:\/\/paramedic.ca\/fr\/ressources\/avantages-pour-les-membres\/assurance-habitation-et-automobile\/","title":{"rendered":"Assurance habitation et automobile"},"content":{"rendered":"\t\t<div data-elementor-type=\"wp-page\" data-elementor-id=\"6285\" class=\"elementor elementor-6285 elementor-4958\">\n\t\t\t\t\t\t<section class=\"elementor-section elementor-top-section elementor-element elementor-element-c7c3878 elementor-section-boxed elementor-section-height-default elementor-section-height-default default-style\" data-id=\"c7c3878\" data-element_type=\"section\" data-e-type=\"section\" data-settings=\"{&quot;rt_color_sets&quot;:&quot;default-style&quot;}\">\n\t\t\t\t\t\t<div class=\"elementor-container elementor-column-gap-default\">\n\t\t\t\t\t<div class=\"elementor-column elementor-col-100 elementor-top-column elementor-element elementor-element-cd24a32\" data-id=\"cd24a32\" data-element_type=\"column\" data-e-type=\"column\">\n\t\t\t<div class=\"elementor-widget-wrap elementor-element-populated\">\n\t\t\t\t\t\t<section class=\"elementor-section elementor-inner-section elementor-element elementor-element-78f5a8e elementor-section-boxed elementor-section-height-default elementor-section-height-default default-style\" data-id=\"78f5a8e\" data-element_type=\"section\" data-e-type=\"section\" data-settings=\"{&quot;rt_color_sets&quot;:&quot;default-style&quot;}\">\n\t\t\t\t\t\t<div class=\"elementor-container elementor-column-gap-default\">\n\t\t\t\t\t<div class=\"elementor-column elementor-col-50 elementor-inner-column elementor-element elementor-element-b090360\" data-id=\"b090360\" data-element_type=\"column\" data-e-type=\"column\">\n\t\t\t<div class=\"elementor-widget-wrap elementor-element-populated\">\n\t\t\t\t\t\t<div class=\"elementor-element elementor-element-c78cae1 elementor-widget elementor-widget-image\" data-id=\"c78cae1\" data-element_type=\"widget\" data-e-type=\"widget\" data-widget_type=\"image.default\">\n\t\t\t\t<div class=\"elementor-widget-container\">\n\t\t\t\t\t\t\t\t\t\t\t\t\t\t\t<img decoding=\"async\" width=\"301\" height=\"52\" src=\"https:\/\/paramedic.ca\/wp-content\/uploads\/2024\/09\/group-FR.png\" class=\"attachment-full size-full wp-image-8815\" alt=\"\" \/>\t\t\t\t\t\t\t\t\t\t\t\t\t\t\t<\/div>\n\t\t\t\t<\/div>\n\t\t\t\t\t<\/div>\n\t\t<\/div>\n\t\t\t\t<div class=\"elementor-column elementor-col-50 elementor-inner-column elementor-element elementor-element-f4acef0\" data-id=\"f4acef0\" data-element_type=\"column\" data-e-type=\"column\">\n\t\t\t<div class=\"elementor-widget-wrap\">\n\t\t\t\t\t\t\t<\/div>\n\t\t<\/div>\n\t\t\t\t\t<\/div>\n\t\t<\/section>\n\t\t\t\t<div class=\"elementor-element elementor-element-0e31f07 elementor-widget elementor-widget-heading\" data-id=\"0e31f07\" data-element_type=\"widget\" data-e-type=\"widget\" data-widget_type=\"heading.default\">\n\t\t\t\t<div class=\"elementor-widget-container\">\n\t\t\t\t\t<h2 class=\"elementor-heading-title elementor-size-default\">Bienvenue!<\/h2>\t\t\t\t<\/div>\n\t\t\t\t<\/div>\n\t\t\t\t<div class=\"elementor-element elementor-element-dbdfb44 elementor-widget elementor-widget-text-editor\" data-id=\"dbdfb44\" data-element_type=\"widget\" data-e-type=\"widget\" data-widget_type=\"text-editor.default\">\n\t\t\t\t<div class=\"elementor-widget-container\">\n\t\t\t\t\t\t\t\t\t<p>Association des Param\u00e9dics du Canada collabore avec Co-operators pour offrir \u00e0 leurs membres des taux exclusifs sur l\u2019assurance habitation et auto<sup>1<\/sup>.<br \/>Ce n\u2019est pas la seule raison de passer \u00e0 Co-operators. En plus d\u2019\u00e9conomies exclusives, la\u00a0couverture de Co-operators comprend des avantages exceptionnels, commee:<\/p><p>\u2022 Un service gratuit d\u2019assistance offert par des avocates et avocats qualifi\u00e9s pour\u00a0n\u2019importe quelle question juridique au Canada;<br \/>\u2022 L\u2019avenant Eau multirisque, qui comprend tout ce qu\u2019il vous faut pour prot\u00e9ger votre\u00a0maison et vos biens contre les d\u00e9g\u00e2ts d\u2019eau soudains et accidentels*;<br \/>\u2022 La plateforme en ligne et l\u2019appli qui vous permettent d\u2019acc\u00e9der efficacement\u00a0\u00e0 votre police d\u2019assurance et de la modifier, partout et en tout temps;<br \/>\u2022 Des r\u00e9compenses pour les nouvelles conductrices et nouveaux conducteurs\u00a0qui conservent un dossier de conduite vierge.<br \/>\u2022 Vous pourriez \u00eatre admissible \u00e0 des r\u00e9ductions additionnelles juste en\u00a0changeant pour Co-operators<sup>2<\/sup>!<\/p><p>Lorsque vous devez faire une r\u00e9clamation, nous respectons toujours\u00a0notre Garantie du Service des reclamations<sup>3\u00a0<\/sup><\/p>\t\t\t\t\t\t\t\t<\/div>\n\t\t\t\t<\/div>\n\t\t\t\t<div class=\"elementor-element elementor-element-9b1e589 elementor-widget elementor-widget-heading\" data-id=\"9b1e589\" data-element_type=\"widget\" data-e-type=\"widget\" data-widget_type=\"heading.default\">\n\t\t\t\t<div class=\"elementor-widget-container\">\n\t\t\t\t\t<h2 class=\"elementor-heading-title elementor-size-default\">Association des Param\u00e9dics du Canada<br>\nObtenez-en plus avec une assurance habitation de Co-operators<\/h2>\t\t\t\t<\/div>\n\t\t\t\t<\/div>\n\t\t\t\t<section class=\"elementor-section elementor-inner-section elementor-element elementor-element-a60001c elementor-section-boxed elementor-section-height-default elementor-section-height-default default-style\" data-id=\"a60001c\" data-element_type=\"section\" data-e-type=\"section\" data-settings=\"{&quot;rt_color_sets&quot;:&quot;default-style&quot;}\">\n\t\t\t\t\t\t<div class=\"elementor-container elementor-column-gap-default\">\n\t\t\t\t\t<div class=\"elementor-column elementor-col-50 elementor-inner-column elementor-element elementor-element-9a87414\" data-id=\"9a87414\" data-element_type=\"column\" data-e-type=\"column\">\n\t\t\t<div class=\"elementor-widget-wrap elementor-element-populated\">\n\t\t\t\t\t\t<div class=\"elementor-element elementor-element-5ad784c elementor-widget elementor-widget-text-editor\" data-id=\"5ad784c\" data-element_type=\"widget\" data-e-type=\"widget\" data-widget_type=\"text-editor.default\">\n\t\t\t\t<div class=\"elementor-widget-container\">\n\t\t\t\t\t\t\t\t\t<p>Avec une police d\u2019assurance habitation de Co-operators, vous obtenez un acc\u00e8s exclusive\u00a0\u00e0 CustomerPerks<sup>MD<\/sup>, une plateforme en ligne qui vous offre des rabais aupr\u00e8s de milliers\u00a0d\u2019entreprises de confiance au Canada.<br \/>C\u2019est facile de s\u2019inscrire! Apr\u00e8s avoir achet\u00e9 votre police d\u2019assurance habitation :<\/p><p>1. trouvez votre code d\u2019activation dans le courriel envoy\u00e9 par CustomerPerks<sup>MD<\/sup>;<br \/>2. suivez les \u00e9tapes pour configurer votre compte;<br \/>3. regardez les \u00e9conomies s\u2019accumuler.\u00a0<\/p>\t\t\t\t\t\t\t\t<\/div>\n\t\t\t\t<\/div>\n\t\t\t\t<div class=\"elementor-element elementor-element-b5c626e elementor-widget elementor-widget-heading\" data-id=\"b5c626e\" data-element_type=\"widget\" data-e-type=\"widget\" data-widget_type=\"heading.default\">\n\t\t\t\t<div class=\"elementor-widget-container\">\n\t\t\t\t\t<h2 class=\"elementor-heading-title elementor-size-default\">Les Canadiennes et Canadiens font confiance au service  exceptionnel de Co-operators en assurance auto et habitation.<\/h2>\t\t\t\t<\/div>\n\t\t\t\t<\/div>\n\t\t\t\t<div class=\"elementor-element elementor-element-bcf428a elementor-widget elementor-widget-heading\" data-id=\"bcf428a\" data-element_type=\"widget\" data-e-type=\"widget\" data-widget_type=\"heading.default\">\n\t\t\t\t<div class=\"elementor-widget-container\">\n\t\t\t\t\t<h2 class=\"elementor-heading-title elementor-size-default\">Appelez au 1-800-387-1963 ou visitez le groupecoop.ca pour obtenir\nune soumission d\u00e8s aujourd\u2019hui.<\/h2>\t\t\t\t<\/div>\n\t\t\t\t<\/div>\n\t\t\t\t\t<\/div>\n\t\t<\/div>\n\t\t\t\t<div class=\"elementor-column elementor-col-50 elementor-inner-column elementor-element elementor-element-9c324f2\" data-id=\"9c324f2\" data-element_type=\"column\" data-e-type=\"column\">\n\t\t\t<div class=\"elementor-widget-wrap elementor-element-populated\">\n\t\t\t\t\t\t<div class=\"elementor-element elementor-element-7399b4a elementor-widget__width-initial elementor-widget elementor-widget-image\" data-id=\"7399b4a\" data-element_type=\"widget\" data-e-type=\"widget\" data-widget_type=\"image.default\">\n\t\t\t\t<div class=\"elementor-widget-container\">\n\t\t\t\t\t\t\t\t\t\t\t\t\t\t\t<img decoding=\"async\" src=\"https:\/\/paramedic.ca\/wp-content\/uploads\/elementor\/thumbs\/switch-FR-qumm62z9ax8gx0mp8xilt2e5yzi0m50s9abgcyyvh0.png\" title=\"switch-FR\" alt=\"switch-FR\" loading=\"lazy\" \/>\t\t\t\t\t\t\t\t\t\t\t\t\t\t\t<\/div>\n\t\t\t\t<\/div>\n\t\t\t\t\t<\/div>\n\t\t<\/div>\n\t\t\t\t\t<\/div>\n\t\t<\/section>\n\t\t\t\t<section class=\"elementor-section elementor-inner-section elementor-element elementor-element-6b296d0 elementor-section-boxed elementor-section-height-default elementor-section-height-default default-style\" data-id=\"6b296d0\" data-element_type=\"section\" data-e-type=\"section\" data-settings=\"{&quot;rt_color_sets&quot;:&quot;default-style&quot;}\">\n\t\t\t\t\t\t<div class=\"elementor-container elementor-column-gap-default\">\n\t\t\t\t\t<div class=\"elementor-column elementor-col-50 elementor-inner-column elementor-element elementor-element-8c1c612\" data-id=\"8c1c612\" data-element_type=\"column\" data-e-type=\"column\">\n\t\t\t<div class=\"elementor-widget-wrap elementor-element-populated\">\n\t\t\t\t\t\t<div class=\"elementor-element elementor-element-c1b1804 elementor-widget elementor-widget-text-editor\" data-id=\"c1b1804\" data-element_type=\"widget\" data-e-type=\"widget\" data-widget_type=\"text-editor.default\">\n\t\t\t\t<div class=\"elementor-widget-container\">\n\t\t\t\t\t\t\t\t\t<ul>\n \t<li>1-800-387-1963<\/li>\n \t<li><a href=\"http:\/\/coopgroup.ca\/\">Coopgroup.ca<\/a>, <a href=\"http:\/\/cooperatorsgroupinsurance.ca\/\">Cooperatorsgroupinsurance.ca<\/a><\/li>\n \t<li>Si un membre pr\u00e9f\u00e8re se rendre dans une agence locale de Co-operators dans sa communaut\u00e9, il peut indiquer qu&#8217;il est membre du l&#8217;APC et la r\u00e9duction sera appliqu\u00e9e \u00e0 sa soumission d&#8217;assurance habitation et\/ou automobile.<\/li>\n<\/ul>\t\t\t\t\t\t\t\t<\/div>\n\t\t\t\t<\/div>\n\t\t\t\t\t<\/div>\n\t\t<\/div>\n\t\t\t\t<div class=\"elementor-column elementor-col-50 elementor-inner-column elementor-element elementor-element-5ba31c2\" data-id=\"5ba31c2\" data-element_type=\"column\" data-e-type=\"column\">\n\t\t\t<div class=\"elementor-widget-wrap elementor-element-populated\">\n\t\t\t\t\t\t<div class=\"elementor-element elementor-element-0808892 elementor-widget elementor-widget-image\" data-id=\"0808892\" data-element_type=\"widget\" data-e-type=\"widget\" data-widget_type=\"image.default\">\n\t\t\t\t<div class=\"elementor-widget-container\">\n\t\t\t\t\t\t\t\t\t\t\t\t\t\t\t<img decoding=\"async\" width=\"226\" height=\"46\" src=\"https:\/\/paramedic.ca\/wp-content\/uploads\/2024\/09\/image001-1.png\" class=\"attachment-large size-large wp-image-8808\" alt=\"\" \/>\t\t\t\t\t\t\t\t\t\t\t\t\t\t\t<\/div>\n\t\t\t\t<\/div>\n\t\t\t\t\t<\/div>\n\t\t<\/div>\n\t\t\t\t\t<\/div>\n\t\t<\/section>\n\t\t\t\t\t<\/div>\n\t\t<\/div>\n\t\t\t\t\t<\/div>\n\t\t<\/section>\n\t\t\t\t<section class=\"elementor-section elementor-top-section elementor-element elementor-element-ee43109 elementor-section-boxed elementor-section-height-default elementor-section-height-default default-style\" data-id=\"ee43109\" data-element_type=\"section\" data-e-type=\"section\" data-settings=\"{&quot;rt_color_sets&quot;:&quot;default-style&quot;}\">\n\t\t\t\t\t\t<div class=\"elementor-container elementor-column-gap-default\">\n\t\t\t\t\t<div class=\"elementor-column elementor-col-50 elementor-top-column elementor-element elementor-element-4b45301\" data-id=\"4b45301\" data-element_type=\"column\" data-e-type=\"column\">\n\t\t\t<div class=\"elementor-widget-wrap elementor-element-populated\">\n\t\t\t\t\t\t<div class=\"elementor-element elementor-element-46c19bc elementor-widget elementor-widget-wpb-button\" data-id=\"46c19bc\" data-element_type=\"widget\" data-e-type=\"widget\" data-widget_type=\"wpb-button.default\">\n\t\t\t\t<div class=\"elementor-widget-container\">\n\t\t\t\t\t                <div class=\"wpb-btn-wrapper\">\n            <a id=\"\" class=\"wpb-btn-md \" href=\"http:\/\/www.paramedic.ca\/documents\/video\/advantages_of_co-operators_group_home_&#038;_auto_insurance_\u2013_fr%20(1080p).mp4\"  target=\"_blank\" >\n\t\t\t\t<span>\n\t\t\t\t\tAvantages de l\u2019assurance groupe habitation et auto de Co-operators\t\t\t\t<\/span>\n            <\/a>\n        <\/div>\n        \t\t\t\t<\/div>\n\t\t\t\t<\/div>\n\t\t\t\t\t<\/div>\n\t\t<\/div>\n\t\t\t\t<div class=\"elementor-column elementor-col-50 elementor-top-column elementor-element elementor-element-27f4ee5\" data-id=\"27f4ee5\" data-element_type=\"column\" data-e-type=\"column\">\n\t\t\t<div class=\"elementor-widget-wrap elementor-element-populated\">\n\t\t\t\t\t\t<div class=\"elementor-element elementor-element-45c8324 elementor-widget elementor-widget-wpb-button\" data-id=\"45c8324\" data-element_type=\"widget\" data-e-type=\"widget\" data-widget_type=\"wpb-button.default\">\n\t\t\t\t<div class=\"elementor-widget-container\">\n\t\t\t\t\t                <div class=\"wpb-btn-wrapper\">\n            <a id=\"\" class=\"wpb-btn-md \" href=\"http:\/\/www.paramedic.ca\/advantages_of_co-operators_group_home_insurance_\u2013_en%20(1080p).mp4\"  target=\"_blank\" >\n\t\t\t\t<span>\n\t\t\t\t\tAvantages de l\u2019assurance groupe habitation et auto de Co-operators seulement (BC,SK,MB)\t\t\t\t<\/span>\n            <\/a>\n        <\/div>\n        \t\t\t\t<\/div>\n\t\t\t\t<\/div>\n\t\t\t\t\t<\/div>\n\t\t<\/div>\n\t\t\t\t\t<\/div>\n\t\t<\/section>\n\t\t\t\t<section class=\"elementor-section elementor-top-section elementor-element elementor-element-c0b8c66 elementor-section-boxed elementor-section-height-default elementor-section-height-default default-style\" data-id=\"c0b8c66\" data-element_type=\"section\" data-e-type=\"section\" data-settings=\"{&quot;rt_color_sets&quot;:&quot;default-style&quot;}\">\n\t\t\t\t\t\t<div class=\"elementor-container elementor-column-gap-default\">\n\t\t\t\t\t<div class=\"elementor-column elementor-col-50 elementor-top-column elementor-element elementor-element-f24374c\" data-id=\"f24374c\" data-element_type=\"column\" data-e-type=\"column\">\n\t\t\t<div class=\"elementor-widget-wrap elementor-element-populated\">\n\t\t\t\t\t\t<div class=\"elementor-element elementor-element-ebee07a elementor-widget elementor-widget-image\" data-id=\"ebee07a\" data-element_type=\"widget\" data-e-type=\"widget\" data-widget_type=\"image.default\">\n\t\t\t\t<div class=\"elementor-widget-container\">\n\t\t\t\t\t\t\t\t\t\t\t\t\t\t\t<img fetchpriority=\"high\" decoding=\"async\" width=\"791\" height=\"1024\" src=\"https:\/\/paramedic.ca\/wp-content\/uploads\/2024\/09\/FR_PAC_Cooperators_InfoSheet-791x1024.png\" class=\"attachment-large size-large wp-image-8849\" alt=\"\" srcset=\"https:\/\/paramedic.ca\/wp-content\/uploads\/2024\/09\/FR_PAC_Cooperators_InfoSheet-791x1024.png 791w, https:\/\/paramedic.ca\/wp-content\/uploads\/2024\/09\/FR_PAC_Cooperators_InfoSheet-232x300.png 232w, https:\/\/paramedic.ca\/wp-content\/uploads\/2024\/09\/FR_PAC_Cooperators_InfoSheet-768x994.png 768w, https:\/\/paramedic.ca\/wp-content\/uploads\/2024\/09\/FR_PAC_Cooperators_InfoSheet-1187x1536.png 1187w, https:\/\/paramedic.ca\/wp-content\/uploads\/2024\/09\/FR_PAC_Cooperators_InfoSheet-600x776.png 600w, https:\/\/paramedic.ca\/wp-content\/uploads\/2024\/09\/FR_PAC_Cooperators_InfoSheet.png 1224w\" sizes=\"(max-width: 791px) 100vw, 791px\" \/>\t\t\t\t\t\t\t\t\t\t\t\t\t\t\t<\/div>\n\t\t\t\t<\/div>\n\t\t\t\t\t<\/div>\n\t\t<\/div>\n\t\t\t\t<div class=\"elementor-column elementor-col-50 elementor-top-column elementor-element elementor-element-460e57b\" data-id=\"460e57b\" data-element_type=\"column\" data-e-type=\"column\">\n\t\t\t<div class=\"elementor-widget-wrap elementor-element-populated\">\n\t\t\t\t\t\t<div class=\"elementor-element elementor-element-9ff79aa elementor-widget elementor-widget-image\" data-id=\"9ff79aa\" data-element_type=\"widget\" data-e-type=\"widget\" data-widget_type=\"image.default\">\n\t\t\t\t<div class=\"elementor-widget-container\">\n\t\t\t\t\t\t\t\t\t\t\t\t\t\t\t<img loading=\"lazy\" decoding=\"async\" width=\"791\" height=\"1024\" src=\"https:\/\/paramedic.ca\/wp-content\/uploads\/2024\/09\/FR_Paramedic_Association_of_Canada_Cooperators_2024_Offer-791x1024.png\" class=\"attachment-large size-large wp-image-8851\" alt=\"\" srcset=\"https:\/\/paramedic.ca\/wp-content\/uploads\/2024\/09\/FR_Paramedic_Association_of_Canada_Cooperators_2024_Offer-791x1024.png 791w, https:\/\/paramedic.ca\/wp-content\/uploads\/2024\/09\/FR_Paramedic_Association_of_Canada_Cooperators_2024_Offer-232x300.png 232w, https:\/\/paramedic.ca\/wp-content\/uploads\/2024\/09\/FR_Paramedic_Association_of_Canada_Cooperators_2024_Offer-768x994.png 768w, https:\/\/paramedic.ca\/wp-content\/uploads\/2024\/09\/FR_Paramedic_Association_of_Canada_Cooperators_2024_Offer-1187x1536.png 1187w, https:\/\/paramedic.ca\/wp-content\/uploads\/2024\/09\/FR_Paramedic_Association_of_Canada_Cooperators_2024_Offer-600x776.png 600w, https:\/\/paramedic.ca\/wp-content\/uploads\/2024\/09\/FR_Paramedic_Association_of_Canada_Cooperators_2024_Offer.png 1224w\" sizes=\"(max-width: 791px) 100vw, 791px\" \/>\t\t\t\t\t\t\t\t\t\t\t\t\t\t\t<\/div>\n\t\t\t\t<\/div>\n\t\t\t\t\t<\/div>\n\t\t<\/div>\n\t\t\t\t\t<\/div>\n\t\t<\/section>\n\t\t\t\t<\/div>\n\t\t","protected":false},"excerpt":{"rendered":"<p>Bienvenue! Association des Param\u00e9dics du Canada collabore avec Co-operators pour offrir \u00e0 leurs membres des taux exclusifs sur l\u2019assurance habitation et auto1.Ce n\u2019est pas la seule raison de passer \u00e0 Co-operators. En plus d\u2019\u00e9conomies exclusives, la\u00a0couverture de Co-operators comprend des avantages exceptionnels, commee: \u2022 Un service gratuit d\u2019assistance offert par des avocates et avocats qualifi\u00e9s [&hellip;]<\/p>\n","protected":false},"author":3,"featured_media":0,"parent":6275,"menu_order":2,"comment_status":"open","ping_status":"closed","template":"","meta":{"footnotes":""},"class_list":["post-6285","page","type-page","status-publish","hentry"],"_links":{"self":[{"href":"https:\/\/paramedic.ca\/fr\/wp-json\/wp\/v2\/pages\/6285","targetHints":{"allow":["GET"]}}],"collection":[{"href":"https:\/\/paramedic.ca\/fr\/wp-json\/wp\/v2\/pages"}],"about":[{"href":"https:\/\/paramedic.ca\/fr\/wp-json\/wp\/v2\/types\/page"}],"author":[{"embeddable":true,"href":"https:\/\/paramedic.ca\/fr\/wp-json\/wp\/v2\/users\/3"}],"replies":[{"embeddable":true,"href":"https:\/\/paramedic.ca\/fr\/wp-json\/wp\/v2\/comments?post=6285"}],"version-history":[{"count":43,"href":"https:\/\/paramedic.ca\/fr\/wp-json\/wp\/v2\/pages\/6285\/revisions"}],"predecessor-version":[{"id":8864,"href":"https:\/\/paramedic.ca\/fr\/wp-json\/wp\/v2\/pages\/6285\/revisions\/8864"}],"up":[{"embeddable":true,"href":"https:\/\/paramedic.ca\/fr\/wp-json\/wp\/v2\/pages\/6275"}],"wp:attachment":[{"href":"https:\/\/paramedic.ca\/fr\/wp-json\/wp\/v2\/media?parent=6285"}],"curies":[{"name":"wp","href":"https:\/\/api.w.org\/{rel}","templated":true}]}}