{"id":6282,"date":"2022-07-18T10:39:34","date_gmt":"2022-07-18T10:39:34","guid":{"rendered":"https:\/\/paramedic.ca\/ressources\/avantages-pour-les-membres\/hakim-optical\/"},"modified":"2024-01-02T20:51:07","modified_gmt":"2024-01-02T20:51:07","slug":"hakim-optical","status":"publish","type":"page","link":"https:\/\/paramedic.ca\/fr\/ressources\/avantages-pour-les-membres\/hakim-optical\/","title":{"rendered":"Hakim Optical"},"content":{"rendered":"\t\t<div data-elementor-type=\"wp-page\" data-elementor-id=\"6282\" class=\"elementor elementor-6282 elementor-4970\">\n\t\t\t\t\t\t<section class=\"elementor-section elementor-top-section elementor-element elementor-element-48d7e91 elementor-section-boxed elementor-section-height-default elementor-section-height-default default-style\" data-id=\"48d7e91\" data-element_type=\"section\" data-settings=\"{&quot;rt_color_sets&quot;:&quot;default-style&quot;}\">\n\t\t\t\t\t\t<div class=\"elementor-container elementor-column-gap-default\">\n\t\t\t\t\t<div class=\"elementor-column elementor-col-100 elementor-top-column elementor-element elementor-element-0f1367f\" data-id=\"0f1367f\" data-element_type=\"column\">\n\t\t\t<div class=\"elementor-widget-wrap elementor-element-populated\">\n\t\t\t\t\t\t<div class=\"elementor-element elementor-element-aad7aa2 elementor-widget elementor-widget-heading\" data-id=\"aad7aa2\" data-element_type=\"widget\" data-widget_type=\"heading.default\">\n\t\t\t\t<div class=\"elementor-widget-container\">\n\t\t\t\t\t<h2 class=\"elementor-heading-title elementor-size-default\">Hakim Optical\n<\/h2>\t\t\t\t<\/div>\n\t\t\t\t<\/div>\n\t\t\t\t<div class=\"elementor-element elementor-element-1b0da6d elementor-widget elementor-widget-text-editor\" data-id=\"1b0da6d\" data-element_type=\"widget\" data-widget_type=\"text-editor.default\">\n\t\t\t\t<div class=\"elementor-widget-container\">\n\t\t\t\t\t\t\t\t\t<p>Hakim Optical offre aux membres de l&#8217;Association des param\u00e9dics du Canada une offre de rabais d&#8217;entreprise privil\u00e9gi\u00e9e dans les magasins Hakim Optical \u00e0 l&#8217;\u00e9chelle nationale sans frais d&#8217;adh\u00e9sion pour l&#8217;Association des param\u00e9dics du Canada et ses membres.<\/p><p>Notre incroyable programme de rabais pour les employ\u00e9s offre \u00e0 chacun de vos membres \u00e0 travers le Canada (excluant le Qu\u00e9bec) un rabais continu de 10 % en tant qu&#8217;\u00e9conomies suppl\u00e9mentaires en plus de toute offre sp\u00e9ciale Hakim Optical annonc\u00e9e. De plus, chacun de vos membres recevra \u00e9galement une carte-cadeau Hakim Optical d&#8217;une valeur de 35 $ ou 70 $ avec examen de la vue, qu&#8217;ils pourront utiliser instantan\u00e9ment avec leur carte de 10 % de r\u00e9duction \u00e0 vie et en combinaison avec toute offre sp\u00e9ciale Hakim Optical annonc\u00e9e au moment de acheter, sur des lunettes de prescription, des lunettes de soleil ou des lentilles de contact dans l&#8217;un de nos magasins Hakim Optical situ\u00e9s \u00e0 travers le Canada.<\/p><p>Hakim Optical offre un programme de lunettes de s\u00e9curit\u00e9 sans frais d&#8217;adh\u00e9sion, c&#8217;est pour s&#8217;assurer que vos employ\u00e9s, membres et leurs familles ont droit \u00e0 des prix de gros au niveau du magasin. Ceux qui ne b\u00e9n\u00e9ficient pas d&#8217;un tel plan d&#8217;adh\u00e9sion doivent payer le prix de d\u00e9tail.<\/p><p>De nombreuses \u00e9conomies int\u00e9ressantes chez Hakim Optical dont vos membres profiteront tr\u00e8s certainement et dont ils profiteront avec les membres de leur famille. C&#8217;est vraiment un excellent ensemble d&#8217;avantages pour les membres.<\/p>\t\t\t\t\t\t\t\t<\/div>\n\t\t\t\t<\/div>\n\t\t\t\t\t<\/div>\n\t\t<\/div>\n\t\t\t\t\t<\/div>\n\t\t<\/section>\n\t\t\t\t<section class=\"elementor-section elementor-top-section elementor-element elementor-element-8ab4949 elementor-section-content-middle   elementor-reverse-tablet elementor-reverse-mobile row-style-2 elementor-section-boxed elementor-section-height-default elementor-section-height-default\" data-id=\"8ab4949\" data-element_type=\"section\" data-settings=\"{&quot;rt_color_sets&quot;:&quot;row-style-2&quot;,&quot;background_background&quot;:&quot;classic&quot;}\">\n\t\t\t\t\t\t<div class=\"elementor-container elementor-column-gap-default\">\n\t\t\t\t\t<div class=\"elementor-column elementor-col-100 elementor-top-column elementor-element elementor-element-43b7f09\" data-id=\"43b7f09\" data-element_type=\"column\">\n\t\t\t<div class=\"elementor-widget-wrap elementor-element-populated\">\n\t\t\t\t\t\t<section class=\"elementor-section elementor-inner-section elementor-element elementor-element-d845122 elementor-section-boxed elementor-section-height-default elementor-section-height-default default-style\" data-id=\"d845122\" data-element_type=\"section\" data-settings=\"{&quot;rt_color_sets&quot;:&quot;default-style&quot;}\">\n\t\t\t\t\t\t<div class=\"elementor-container elementor-column-gap-no\">\n\t\t\t\t\t<div class=\"elementor-column elementor-col-50 elementor-inner-column elementor-element elementor-element-16ce8f1\" data-id=\"16ce8f1\" data-element_type=\"column\">\n\t\t\t<div class=\"elementor-widget-wrap elementor-element-populated\">\n\t\t\t\t\t\t<div class=\"elementor-element elementor-element-7cbe476 elementor-widget elementor-widget-image\" data-id=\"7cbe476\" data-element_type=\"widget\" data-widget_type=\"image.default\">\n\t\t\t\t<div class=\"elementor-widget-container\">\n\t\t\t\t\t\t\t\t\t\t\t\t\t\t\t<img decoding=\"async\" width=\"333\" height=\"141\" src=\"https:\/\/paramedic.ca\/wp-content\/uploads\/2022\/07\/Hakim-Optical-Logo.png\" class=\"attachment-large size-large wp-image-6104\" alt=\"\" srcset=\"https:\/\/paramedic.ca\/wp-content\/uploads\/2022\/07\/Hakim-Optical-Logo.png 333w, https:\/\/paramedic.ca\/wp-content\/uploads\/2022\/07\/Hakim-Optical-Logo-300x127.png 300w\" sizes=\"(max-width: 333px) 100vw, 333px\" \/>\t\t\t\t\t\t\t\t\t\t\t\t\t\t\t<\/div>\n\t\t\t\t<\/div>\n\t\t\t\t<div class=\"elementor-element elementor-element-0f1d05d elementor-widget elementor-widget-spacer\" data-id=\"0f1d05d\" data-element_type=\"widget\" data-widget_type=\"spacer.default\">\n\t\t\t\t<div class=\"elementor-widget-container\">\n\t\t\t\t\t\t\t<div class=\"elementor-spacer\">\n\t\t\t<div class=\"elementor-spacer-inner\"><\/div>\n\t\t<\/div>\n\t\t\t\t\t\t<\/div>\n\t\t\t\t<\/div>\n\t\t\t\t\t<\/div>\n\t\t<\/div>\n\t\t\t\t<div class=\"elementor-column elementor-col-50 elementor-inner-column elementor-element elementor-element-143b68a\" data-id=\"143b68a\" data-element_type=\"column\">\n\t\t\t<div class=\"elementor-widget-wrap elementor-element-populated\">\n\t\t\t\t\t\t<div class=\"elementor-element elementor-element-78152f3 elementor-widget elementor-widget-text-editor\" data-id=\"78152f3\" data-element_type=\"widget\" data-widget_type=\"text-editor.default\">\n\t\t\t\t<div class=\"elementor-widget-container\">\n\t\t\t\t\t\t\t\t\t<p>Avec plus de 160 emplacements &#8211; appelez le 1.877.524.2020 pour un emplacement pr\u00e8s de chez vous ou suivez simplement le lien.<\/p>\n\t\t\t\t\t\t\t\t<\/div>\n\t\t\t\t<\/div>\n\t\t\t\t<div class=\"elementor-element elementor-element-5ac0d18 elementor-widget elementor-widget-wpb-button\" data-id=\"5ac0d18\" data-element_type=\"widget\" data-widget_type=\"wpb-button.default\">\n\t\t\t\t<div class=\"elementor-widget-container\">\n\t\t\t\t\t                <div class=\"wpb-btn-wrapper\">\n            <a id=\"\" class=\"wpb-btn-md \" href=\"https:\/\/hakimoptical.ca\/\"  target=\"_blank\" >\n\t\t\t\t<span>\n\t\t\t\t\t<i aria-hidden=\"true\" class=\"fas fa-glasses\"><\/i>Hakim Optical\t\t\t\t<\/span>\n            <\/a>\n        <\/div>\n        \t\t\t\t<\/div>\n\t\t\t\t<\/div>\n\t\t\t\t\t<\/div>\n\t\t<\/div>\n\t\t\t\t\t<\/div>\n\t\t<\/section>\n\t\t\t\t\t<\/div>\n\t\t<\/div>\n\t\t\t\t\t<\/div>\n\t\t<\/section>\n\t\t\t\t<section class=\"elementor-section elementor-top-section elementor-element elementor-element-fa60c50 elementor-section-content-middle   elementor-reverse-tablet elementor-reverse-mobile row-style-2 elementor-section-boxed elementor-section-height-default elementor-section-height-default\" data-id=\"fa60c50\" data-element_type=\"section\" data-settings=\"{&quot;rt_color_sets&quot;:&quot;row-style-2&quot;,&quot;background_background&quot;:&quot;classic&quot;}\">\n\t\t\t\t\t\t<div class=\"elementor-container elementor-column-gap-default\">\n\t\t\t\t\t<div class=\"elementor-column elementor-col-100 elementor-top-column elementor-element elementor-element-9c0ee05\" data-id=\"9c0ee05\" data-element_type=\"column\">\n\t\t\t<div class=\"elementor-widget-wrap elementor-element-populated\">\n\t\t\t\t\t\t<section class=\"elementor-section elementor-inner-section elementor-element elementor-element-7120fe7 elementor-section-boxed elementor-section-height-default elementor-section-height-default default-style\" data-id=\"7120fe7\" data-element_type=\"section\" data-settings=\"{&quot;rt_color_sets&quot;:&quot;default-style&quot;}\">\n\t\t\t\t\t\t<div class=\"elementor-container elementor-column-gap-no\">\n\t\t\t\t\t<div class=\"elementor-column elementor-col-50 elementor-inner-column elementor-element elementor-element-67c55d8\" data-id=\"67c55d8\" data-element_type=\"column\">\n\t\t\t<div class=\"elementor-widget-wrap elementor-element-populated\">\n\t\t\t\t\t\t<div class=\"elementor-element elementor-element-f42665f elementor-widget elementor-widget-image\" data-id=\"f42665f\" data-element_type=\"widget\" data-widget_type=\"image.default\">\n\t\t\t\t<div class=\"elementor-widget-container\">\n\t\t\t\t\t\t\t\t\t\t\t\t\t\t\t<img fetchpriority=\"high\" decoding=\"async\" width=\"791\" height=\"1024\" src=\"https:\/\/paramedic.ca\/wp-content\/uploads\/2022\/07\/HAKIM-OPTICAL-PCD_PAOC_1INTRO-PAGE-791x1024.jpg\" class=\"attachment-large size-large wp-image-6102\" alt=\"\" srcset=\"https:\/\/paramedic.ca\/wp-content\/uploads\/2022\/07\/HAKIM-OPTICAL-PCD_PAOC_1INTRO-PAGE-791x1024.jpg 791w, https:\/\/paramedic.ca\/wp-content\/uploads\/2022\/07\/HAKIM-OPTICAL-PCD_PAOC_1INTRO-PAGE-232x300.jpg 232w, https:\/\/paramedic.ca\/wp-content\/uploads\/2022\/07\/HAKIM-OPTICAL-PCD_PAOC_1INTRO-PAGE-768x994.jpg 768w, https:\/\/paramedic.ca\/wp-content\/uploads\/2022\/07\/HAKIM-OPTICAL-PCD_PAOC_1INTRO-PAGE-1187x1536.jpg 1187w, https:\/\/paramedic.ca\/wp-content\/uploads\/2022\/07\/HAKIM-OPTICAL-PCD_PAOC_1INTRO-PAGE-600x776.jpg 600w, https:\/\/paramedic.ca\/wp-content\/uploads\/2022\/07\/HAKIM-OPTICAL-PCD_PAOC_1INTRO-PAGE.jpg 1275w\" sizes=\"(max-width: 791px) 100vw, 791px\" \/>\t\t\t\t\t\t\t\t\t\t\t\t\t\t\t<\/div>\n\t\t\t\t<\/div>\n\t\t\t\t\t<\/div>\n\t\t<\/div>\n\t\t\t\t<div class=\"elementor-column elementor-col-50 elementor-inner-column elementor-element elementor-element-75d953a\" data-id=\"75d953a\" data-element_type=\"column\">\n\t\t\t<div class=\"elementor-widget-wrap elementor-element-populated\">\n\t\t\t\t\t\t<div class=\"elementor-element elementor-element-f894934 elementor-widget elementor-widget-image\" data-id=\"f894934\" data-element_type=\"widget\" data-widget_type=\"image.default\">\n\t\t\t\t<div class=\"elementor-widget-container\">\n\t\t\t\t\t\t\t\t\t\t\t\t\t\t\t<img decoding=\"async\" width=\"791\" height=\"1024\" src=\"https:\/\/paramedic.ca\/wp-content\/uploads\/2022\/07\/HAKIM-OPTICAL-PCD_PAOC_2COUPON-PAGE-791x1024.jpg\" class=\"attachment-large size-large wp-image-6103\" alt=\"\" srcset=\"https:\/\/paramedic.ca\/wp-content\/uploads\/2022\/07\/HAKIM-OPTICAL-PCD_PAOC_2COUPON-PAGE-791x1024.jpg 791w, https:\/\/paramedic.ca\/wp-content\/uploads\/2022\/07\/HAKIM-OPTICAL-PCD_PAOC_2COUPON-PAGE-232x300.jpg 232w, https:\/\/paramedic.ca\/wp-content\/uploads\/2022\/07\/HAKIM-OPTICAL-PCD_PAOC_2COUPON-PAGE-768x994.jpg 768w, https:\/\/paramedic.ca\/wp-content\/uploads\/2022\/07\/HAKIM-OPTICAL-PCD_PAOC_2COUPON-PAGE-1187x1536.jpg 1187w, https:\/\/paramedic.ca\/wp-content\/uploads\/2022\/07\/HAKIM-OPTICAL-PCD_PAOC_2COUPON-PAGE-600x776.jpg 600w, https:\/\/paramedic.ca\/wp-content\/uploads\/2022\/07\/HAKIM-OPTICAL-PCD_PAOC_2COUPON-PAGE.jpg 1275w\" sizes=\"(max-width: 791px) 100vw, 791px\" \/>\t\t\t\t\t\t\t\t\t\t\t\t\t\t\t<\/div>\n\t\t\t\t<\/div>\n\t\t\t\t\t<\/div>\n\t\t<\/div>\n\t\t\t\t\t<\/div>\n\t\t<\/section>\n\t\t\t\t\t<\/div>\n\t\t<\/div>\n\t\t\t\t\t<\/div>\n\t\t<\/section>\n\t\t\t\t<section class=\"elementor-section elementor-top-section elementor-element elementor-element-cc23578 elementor-section-boxed elementor-section-height-default elementor-section-height-default default-style\" data-id=\"cc23578\" data-element_type=\"section\" data-settings=\"{&quot;rt_color_sets&quot;:&quot;default-style&quot;}\">\n\t\t\t\t\t\t<div class=\"elementor-container elementor-column-gap-default\">\n\t\t\t\t\t<div class=\"elementor-column elementor-col-33 elementor-top-column elementor-element elementor-element-04c6d63\" data-id=\"04c6d63\" data-element_type=\"column\">\n\t\t\t<div class=\"elementor-widget-wrap\">\n\t\t\t\t\t\t\t<\/div>\n\t\t<\/div>\n\t\t\t\t<div class=\"elementor-column elementor-col-33 elementor-top-column elementor-element elementor-element-f4be4a7\" data-id=\"f4be4a7\" data-element_type=\"column\">\n\t\t\t<div class=\"elementor-widget-wrap elementor-element-populated\">\n\t\t\t\t\t\t<div class=\"elementor-element elementor-element-3c47c35 elementor-widget elementor-widget-image\" data-id=\"3c47c35\" data-element_type=\"widget\" data-widget_type=\"image.default\">\n\t\t\t\t<div class=\"elementor-widget-container\">\n\t\t\t\t\t\t\t\t\t\t\t\t\t\t\t<img loading=\"lazy\" decoding=\"async\" width=\"791\" height=\"1024\" src=\"https:\/\/paramedic.ca\/wp-content\/uploads\/2022\/07\/HAKIM-OPTICAL-ISEP_PAOC_OFFER-PAGE-791x1024.jpg\" class=\"attachment-large size-large wp-image-6101\" alt=\"\" srcset=\"https:\/\/paramedic.ca\/wp-content\/uploads\/2022\/07\/HAKIM-OPTICAL-ISEP_PAOC_OFFER-PAGE-791x1024.jpg 791w, https:\/\/paramedic.ca\/wp-content\/uploads\/2022\/07\/HAKIM-OPTICAL-ISEP_PAOC_OFFER-PAGE-232x300.jpg 232w, https:\/\/paramedic.ca\/wp-content\/uploads\/2022\/07\/HAKIM-OPTICAL-ISEP_PAOC_OFFER-PAGE-768x994.jpg 768w, https:\/\/paramedic.ca\/wp-content\/uploads\/2022\/07\/HAKIM-OPTICAL-ISEP_PAOC_OFFER-PAGE-1187x1536.jpg 1187w, https:\/\/paramedic.ca\/wp-content\/uploads\/2022\/07\/HAKIM-OPTICAL-ISEP_PAOC_OFFER-PAGE-600x776.jpg 600w, https:\/\/paramedic.ca\/wp-content\/uploads\/2022\/07\/HAKIM-OPTICAL-ISEP_PAOC_OFFER-PAGE.jpg 1275w\" sizes=\"(max-width: 791px) 100vw, 791px\" \/>\t\t\t\t\t\t\t\t\t\t\t\t\t\t\t<\/div>\n\t\t\t\t<\/div>\n\t\t\t\t\t<\/div>\n\t\t<\/div>\n\t\t\t\t<div class=\"elementor-column elementor-col-33 elementor-top-column elementor-element elementor-element-be7b1e9\" data-id=\"be7b1e9\" data-element_type=\"column\">\n\t\t\t<div class=\"elementor-widget-wrap\">\n\t\t\t\t\t\t\t<\/div>\n\t\t<\/div>\n\t\t\t\t\t<\/div>\n\t\t<\/section>\n\t\t\t\t<\/div>\n\t\t","protected":false},"excerpt":{"rendered":"<p>Hakim Optical Hakim Optical offre aux membres de l&#8217;Association des param\u00e9dics du Canada une offre de rabais d&#8217;entreprise privil\u00e9gi\u00e9e dans les magasins Hakim Optical \u00e0 l&#8217;\u00e9chelle nationale sans frais d&#8217;adh\u00e9sion pour l&#8217;Association des param\u00e9dics du Canada et ses membres. Notre incroyable programme de rabais pour les employ\u00e9s offre \u00e0 chacun de vos membres \u00e0 travers [&hellip;]<\/p>\n","protected":false},"author":3,"featured_media":0,"parent":6275,"menu_order":3,"comment_status":"open","ping_status":"closed","template":"","meta":{"footnotes":""},"class_list":["post-6282","page","type-page","status-publish","hentry"],"_links":{"self":[{"href":"https:\/\/paramedic.ca\/fr\/wp-json\/wp\/v2\/pages\/6282","targetHints":{"allow":["GET"]}}],"collection":[{"href":"https:\/\/paramedic.ca\/fr\/wp-json\/wp\/v2\/pages"}],"about":[{"href":"https:\/\/paramedic.ca\/fr\/wp-json\/wp\/v2\/types\/page"}],"author":[{"embeddable":true,"href":"https:\/\/paramedic.ca\/fr\/wp-json\/wp\/v2\/users\/3"}],"replies":[{"embeddable":true,"href":"https:\/\/paramedic.ca\/fr\/wp-json\/wp\/v2\/comments?post=6282"}],"version-history":[{"count":4,"href":"https:\/\/paramedic.ca\/fr\/wp-json\/wp\/v2\/pages\/6282\/revisions"}],"predecessor-version":[{"id":7767,"href":"https:\/\/paramedic.ca\/fr\/wp-json\/wp\/v2\/pages\/6282\/revisions\/7767"}],"up":[{"embeddable":true,"href":"https:\/\/paramedic.ca\/fr\/wp-json\/wp\/v2\/pages\/6275"}],"wp:attachment":[{"href":"https:\/\/paramedic.ca\/fr\/wp-json\/wp\/v2\/media?parent=6282"}],"curies":[{"name":"wp","href":"https:\/\/api.w.org\/{rel}","templated":true}]}}