{"id":6275,"date":"2022-07-18T00:13:09","date_gmt":"2022-07-18T00:13:09","guid":{"rendered":"https:\/\/paramedic.ca\/ressources\/avantages-pour-les-membres\/"},"modified":"2023-07-09T11:09:51","modified_gmt":"2023-07-09T11:09:51","slug":"avantages-pour-les-membres","status":"publish","type":"page","link":"https:\/\/paramedic.ca\/fr\/ressources\/avantages-pour-les-membres\/","title":{"rendered":"Avantages pour les membres"},"content":{"rendered":"\t\t<div data-elementor-type=\"wp-page\" data-elementor-id=\"6275\" class=\"elementor elementor-6275 elementor-4912\">\n\t\t\t\t\t\t<section class=\"elementor-section elementor-top-section elementor-element elementor-element-9dcb493 elementor-section-full_width elementor-section-height-default elementor-section-height-default default-style\" data-id=\"9dcb493\" data-element_type=\"section\" data-settings=\"{&quot;rt_color_sets&quot;:&quot;default-style&quot;}\">\n\t\t\t\t\t\t<div class=\"elementor-container elementor-column-gap-default\">\n\t\t\t\t\t<div class=\"elementor-column elementor-col-100 elementor-top-column elementor-element elementor-element-fc9aa98\" data-id=\"fc9aa98\" data-element_type=\"column\">\n\t\t\t<div class=\"elementor-widget-wrap elementor-element-populated\">\n\t\t\t\t\t\t<div class=\"elementor-element elementor-element-5e995e7 elementor-widget elementor-widget-rt-sub-header\" data-id=\"5e995e7\" data-element_type=\"widget\" data-widget_type=\"rt-sub-header.default\">\n\t\t\t\t<div class=\"elementor-widget-container\">\n\t\t\t\t\t<section class=\"top_content clearfix\"><section class=\"info_bar clearfix \"><section class=\"heading\"><h1><\/h1><\/section> <section class=\"breadcrumb\"> <ol vocab=\"http:\/\/schema.org\/\" typeof=\"BreadcrumbList\">\n<li property=\"itemListElement\" typeof=\"ListItem\">\n<a property=\"item\" typeof=\"WebPage\" class=\"icon-home\" href=\"https:\/\/paramedic.ca\/fr\/\"><span property=\"name\">Home<\/span><\/a>\n<meta property=\"position\" content=\"1\"><\/li>\n <span class=\"icon-angle-right\"><\/span> <\/ol>\n <\/section><\/section><\/section>\t\t\t\t<\/div>\n\t\t\t\t<\/div>\n\t\t\t\t\t<\/div>\n\t\t<\/div>\n\t\t\t\t\t<\/div>\n\t\t<\/section>\n\t\t\t\t<section class=\"elementor-section elementor-top-section elementor-element elementor-element-8e2f623 elementor-section-boxed elementor-section-height-default elementor-section-height-default default-style\" data-id=\"8e2f623\" data-element_type=\"section\" data-settings=\"{&quot;rt_color_sets&quot;:&quot;default-style&quot;}\">\n\t\t\t\t\t\t<div class=\"elementor-container elementor-column-gap-default\">\n\t\t\t\t\t<div class=\"elementor-column elementor-col-100 elementor-top-column elementor-element elementor-element-523145f\" data-id=\"523145f\" data-element_type=\"column\">\n\t\t\t<div class=\"elementor-widget-wrap elementor-element-populated\">\n\t\t\t\t\t\t<div class=\"elementor-element elementor-element-ee43d27 elementor-widget elementor-widget-wpb-heading\" data-id=\"ee43d27\" data-element_type=\"widget\" data-widget_type=\"wpb-heading.default\">\n\t\t\t\t<div class=\"elementor-widget-container\">\n\t\t\t\t\t<h2 class=\"wpbits-heading\"><span>DEVENIR<em> MEMBRE\n<\/em> <\/span><\/h2>\t\t\t\t<\/div>\n\t\t\t\t<\/div>\n\t\t\t\t<div class=\"elementor-element elementor-element-75f0292 elementor-widget elementor-widget-shortcode\" data-id=\"75f0292\" data-element_type=\"widget\" data-widget_type=\"shortcode.default\">\n\t\t\t\t<div class=\"elementor-widget-container\">\n\t\t\t\t\t\t\t<div class=\"elementor-shortcode\"><hr class=\"style-six margin-t0 margin-b0 \"  data-rt-animate=\"animate\" data-rt-animation-type=\"fadeInDown\" data-rt-animation-group=\"single\" ><\/div>\n\t\t\t\t\t\t<\/div>\n\t\t\t\t<\/div>\n\t\t\t\t<div class=\"elementor-element elementor-element-0a3c15f elementor-widget elementor-widget-text-editor\" data-id=\"0a3c15f\" data-element_type=\"widget\" data-widget_type=\"text-editor.default\">\n\t\t\t\t<div class=\"elementor-widget-container\">\n\t\t\t\t\t\t\t\t\t<p>Les plus de <strong>20 000<\/strong> membres de l&#8217;Association des param\u00e9dics du Canada sont compos\u00e9s de membres des chapitres provinciaux de l&#8217;APC.<\/p>\n<p>Les personnes qui sont membres\/inscrites \u00e0 l&#8217;une de nos sections sont \u00e9galement membres de l&#8217;Association param\u00e9dicale du Canada. Si vous vivez dans une province ou un territoire qui n&#8217;est <strong>pas membre d&#8217;une section<\/strong>, vous pouvez vous inscrire en tant que membre associ\u00e9 de la section des membres de l&#8217;APC.<\/p>\n\t\t\t\t\t\t\t\t<\/div>\n\t\t\t\t<\/div>\n\t\t\t\t\t<\/div>\n\t\t<\/div>\n\t\t\t\t\t<\/div>\n\t\t<\/section>\n\t\t\t\t<section class=\"elementor-section elementor-top-section elementor-element elementor-element-3d87335 elementor-section-content-middle   elementor-reverse-tablet elementor-reverse-mobile row-style-2 elementor-section-boxed elementor-section-height-default elementor-section-height-default\" data-id=\"3d87335\" data-element_type=\"section\" data-settings=\"{&quot;rt_color_sets&quot;:&quot;row-style-2&quot;}\">\n\t\t\t\t\t\t<div class=\"elementor-container elementor-column-gap-default\">\n\t\t\t\t\t<div class=\"elementor-column elementor-col-100 elementor-top-column elementor-element elementor-element-6b135ad\" data-id=\"6b135ad\" data-element_type=\"column\">\n\t\t\t<div class=\"elementor-widget-wrap elementor-element-populated\">\n\t\t\t\t\t\t<div class=\"elementor-element elementor-element-d04b2de elementor-widget elementor-widget-rt-divider\" data-id=\"d04b2de\" data-element_type=\"widget\" data-widget_type=\"rt-divider.default\">\n\t\t\t\t<div class=\"elementor-widget-container\">\n\t\t\t\t\t<hr class=\"style-seven margin-t0 margin-b0 \"  data-rt-animate=\"animate\" data-rt-animation-type=\"fadeInDown\" data-rt-animation-group=\"single\" >\t\t\t\t<\/div>\n\t\t\t\t<\/div>\n\t\t\t\t<div class=\"elementor-element elementor-element-bf614aa elementor-widget elementor-widget-wpb-heading\" data-id=\"bf614aa\" data-element_type=\"widget\" data-widget_type=\"wpb-heading.default\">\n\t\t\t\t<div class=\"elementor-widget-container\">\n\t\t\t\t\t<h2 class=\"wpbits-heading\"><span>AVANTAGES <EM>DES MEMBRES<\/EM><\/span><\/h2>\t\t\t\t<\/div>\n\t\t\t\t<\/div>\n\t\t\t\t<div class=\"elementor-element elementor-element-fb6498c elementor-widget elementor-widget-rt-divider\" data-id=\"fb6498c\" data-element_type=\"widget\" data-widget_type=\"rt-divider.default\">\n\t\t\t\t<div class=\"elementor-widget-container\">\n\t\t\t\t\t<hr class=\"style-seven margin-t0 margin-b0 \"  data-rt-animate=\"animate\" data-rt-animation-type=\"fadeInDown\" data-rt-animation-group=\"single\" >\t\t\t\t<\/div>\n\t\t\t\t<\/div>\n\t\t\t\t<section class=\"elementor-section elementor-inner-section elementor-element elementor-element-f7de25e elementor-section-boxed elementor-section-height-default elementor-section-height-default default-style\" data-id=\"f7de25e\" data-element_type=\"section\" data-settings=\"{&quot;rt_color_sets&quot;:&quot;default-style&quot;}\">\n\t\t\t\t\t\t<div class=\"elementor-container elementor-column-gap-no\">\n\t\t\t\t\t<div class=\"elementor-column elementor-col-50 elementor-inner-column elementor-element elementor-element-3af09ac\" data-id=\"3af09ac\" data-element_type=\"column\">\n\t\t\t<div class=\"elementor-widget-wrap elementor-element-populated\">\n\t\t\t\t\t\t<div class=\"elementor-element elementor-element-b0c2a88 elementor-widget elementor-widget-wpb-heading\" data-id=\"b0c2a88\" data-element_type=\"widget\" data-widget_type=\"wpb-heading.default\">\n\t\t\t\t<div class=\"elementor-widget-container\">\n\t\t\t\t\t<h3 class=\"wpbits-heading\"><span>Assurance responsabilit\u00e9 professionnelle<\/span><\/h3>\t\t\t\t<\/div>\n\t\t\t\t<\/div>\n\t\t\t\t<div class=\"elementor-element elementor-element-f9f403e elementor-widget elementor-widget-text-editor\" data-id=\"f9f403e\" data-element_type=\"widget\" data-widget_type=\"text-editor.default\">\n\t\t\t\t<div class=\"elementor-widget-container\">\n\t\t\t\t\t\t\t\t\t<p>l&#8217;APC est heureux d&#8217;offrir \u00e0 ses membres un programme national exclusif et complet d&#8217;assurance responsabilit\u00e9 pour <strong>69 $\/an<\/strong>. Il y a des avantages majeurs, y compris l&#8217;acc\u00e8s \u00e0 des tarifs r\u00e9duits de groupe, \u00e0 souscrire une assurance en tant que groupe national puissant.<\/p>\n\t\t\t\t\t\t\t\t<\/div>\n\t\t\t\t<\/div>\n\t\t\t\t\t<\/div>\n\t\t<\/div>\n\t\t\t\t<div class=\"elementor-column elementor-col-50 elementor-inner-column elementor-element elementor-element-01adf3c\" data-id=\"01adf3c\" data-element_type=\"column\">\n\t\t\t<div class=\"elementor-widget-wrap elementor-element-populated\">\n\t\t\t\t\t\t<div class=\"elementor-element elementor-element-27cd9a0 elementor-widget elementor-widget-wpb-button\" data-id=\"27cd9a0\" data-element_type=\"widget\" data-widget_type=\"wpb-button.default\">\n\t\t\t\t<div class=\"elementor-widget-container\">\n\t\t\t\t\t                <div class=\"wpb-btn-wrapper\">\n            <a id=\"\" class=\"wpb-btn-md \" href=\"https:\/\/paramedic.ca\/resources\/member-benifits\/liability-insurance\/\"  >\n\t\t\t\t<span>\n\t\t\t\t\t<i aria-hidden=\"true\" class=\"fas fa-user-shield\"><\/i>Assurance responsabilit\u00e9 civile\t\t\t\t<\/span>\n            <\/a>\n        <\/div>\n        \t\t\t\t<\/div>\n\t\t\t\t<\/div>\n\t\t\t\t\t<\/div>\n\t\t<\/div>\n\t\t\t\t\t<\/div>\n\t\t<\/section>\n\t\t\t\t<section class=\"elementor-section elementor-inner-section elementor-element elementor-element-0f5a057 elementor-section-boxed elementor-section-height-default elementor-section-height-default default-style\" data-id=\"0f5a057\" data-element_type=\"section\" data-settings=\"{&quot;rt_color_sets&quot;:&quot;default-style&quot;}\">\n\t\t\t\t\t\t<div class=\"elementor-container elementor-column-gap-no\">\n\t\t\t\t\t<div class=\"elementor-column elementor-col-50 elementor-inner-column elementor-element elementor-element-79fbde8\" data-id=\"79fbde8\" data-element_type=\"column\">\n\t\t\t<div class=\"elementor-widget-wrap elementor-element-populated\">\n\t\t\t\t\t\t<div class=\"elementor-element elementor-element-35ea62b elementor-widget elementor-widget-wpb-heading\" data-id=\"35ea62b\" data-element_type=\"widget\" data-widget_type=\"wpb-heading.default\">\n\t\t\t\t<div class=\"elementor-widget-container\">\n\t\t\t\t\t<h3 class=\"wpbits-heading\"><span>Programme d'assurance collective l'APC<\/span><\/h3>\t\t\t\t<\/div>\n\t\t\t\t<\/div>\n\t\t\t\t<div class=\"elementor-element elementor-element-7781b2b elementor-widget elementor-widget-text-editor\" data-id=\"7781b2b\" data-element_type=\"widget\" data-widget_type=\"text-editor.default\">\n\t\t\t\t<div class=\"elementor-widget-container\">\n\t\t\t\t\t\t\t\t\t<p class=\"section-banniere__texte\">Assurance collective exclusivement pour l&#8217;Association des param\u00e9dics du Canada (APC)! Protection pour les personnes qui vous sont ch\u00e8res et tranquillit\u00e9 d&#8217;esprit pour vous.<\/p>\n\t\t\t\t\t\t\t\t<\/div>\n\t\t\t\t<\/div>\n\t\t\t\t\t<\/div>\n\t\t<\/div>\n\t\t\t\t<div class=\"elementor-column elementor-col-50 elementor-inner-column elementor-element elementor-element-a28e9ab\" data-id=\"a28e9ab\" data-element_type=\"column\">\n\t\t\t<div class=\"elementor-widget-wrap elementor-element-populated\">\n\t\t\t\t\t\t<div class=\"elementor-element elementor-element-033c518 elementor-widget elementor-widget-wpb-button\" data-id=\"033c518\" data-element_type=\"widget\" data-widget_type=\"wpb-button.default\">\n\t\t\t\t<div class=\"elementor-widget-container\">\n\t\t\t\t\t                <div class=\"wpb-btn-wrapper\">\n            <a id=\"\" class=\"wpb-btn-md \" href=\"https:\/\/paramedic.ca\/resources\/member-benifits\/pac-group-insurance\/\"  >\n\t\t\t\t<span>\n\t\t\t\t\t<i aria-hidden=\"true\" class=\"fas fa-users\"><\/i>Assurance collective\t\t\t\t<\/span>\n            <\/a>\n        <\/div>\n        \t\t\t\t<\/div>\n\t\t\t\t<\/div>\n\t\t\t\t\t<\/div>\n\t\t<\/div>\n\t\t\t\t\t<\/div>\n\t\t<\/section>\n\t\t\t\t<section class=\"elementor-section elementor-inner-section elementor-element elementor-element-f4e5260 elementor-section-boxed elementor-section-height-default elementor-section-height-default default-style\" data-id=\"f4e5260\" data-element_type=\"section\" data-settings=\"{&quot;rt_color_sets&quot;:&quot;default-style&quot;}\">\n\t\t\t\t\t\t<div class=\"elementor-container elementor-column-gap-no\">\n\t\t\t\t\t<div class=\"elementor-column elementor-col-50 elementor-inner-column elementor-element elementor-element-38397b7\" data-id=\"38397b7\" data-element_type=\"column\">\n\t\t\t<div class=\"elementor-widget-wrap elementor-element-populated\">\n\t\t\t\t\t\t<div class=\"elementor-element elementor-element-458f700 elementor-widget elementor-widget-wpb-heading\" data-id=\"458f700\" data-element_type=\"widget\" data-widget_type=\"wpb-heading.default\">\n\t\t\t\t<div class=\"elementor-widget-container\">\n\t\t\t\t\t<h3 class=\"wpbits-heading\"><span>Assurance habitation et automobile<\/span><\/h3>\t\t\t\t<\/div>\n\t\t\t\t<\/div>\n\t\t\t\t<div class=\"elementor-element elementor-element-3663d78 elementor-widget elementor-widget-text-editor\" data-id=\"3663d78\" data-element_type=\"widget\" data-widget_type=\"text-editor.default\">\n\t\t\t\t<div class=\"elementor-widget-container\">\n\t\t\t\t\t\t\t\t\t<p>Dans le cadre du r\u00e9gime d&#8217;avantages sociaux de l&#8217;Association des param\u00e9dics du Canada (APC), vous, votre conjoint et vos enfants \u00e0 charge \u00eates admissibles \u00e0 des tarifs de groupe pr\u00e9f\u00e9rentiels sur les soumissions d&#8217;assurance habitation et automobile.<\/p>\n\t\t\t\t\t\t\t\t<\/div>\n\t\t\t\t<\/div>\n\t\t\t\t\t<\/div>\n\t\t<\/div>\n\t\t\t\t<div class=\"elementor-column elementor-col-50 elementor-inner-column elementor-element elementor-element-8f3c23d\" data-id=\"8f3c23d\" data-element_type=\"column\">\n\t\t\t<div class=\"elementor-widget-wrap elementor-element-populated\">\n\t\t\t\t\t\t<div class=\"elementor-element elementor-element-b5a60e6 elementor-widget elementor-widget-wpb-button\" data-id=\"b5a60e6\" data-element_type=\"widget\" data-widget_type=\"wpb-button.default\">\n\t\t\t\t<div class=\"elementor-widget-container\">\n\t\t\t\t\t                <div class=\"wpb-btn-wrapper\">\n            <a id=\"\" class=\"wpb-btn-md \" href=\"https:\/\/paramedic.ca\/resources\/member-benifits\/home-auto-insurance\/\"  >\n\t\t\t\t<span>\n\t\t\t\t\t<i aria-hidden=\"true\" class=\"fas fa-home\"><\/i>Assurance habitation et automobile\t\t\t\t<\/span>\n            <\/a>\n        <\/div>\n        \t\t\t\t<\/div>\n\t\t\t\t<\/div>\n\t\t\t\t\t<\/div>\n\t\t<\/div>\n\t\t\t\t\t<\/div>\n\t\t<\/section>\n\t\t\t\t<section class=\"elementor-section elementor-inner-section elementor-element elementor-element-013e25e elementor-section-boxed elementor-section-height-default elementor-section-height-default default-style\" data-id=\"013e25e\" data-element_type=\"section\" data-settings=\"{&quot;rt_color_sets&quot;:&quot;default-style&quot;}\">\n\t\t\t\t\t\t<div class=\"elementor-container elementor-column-gap-no\">\n\t\t\t\t\t<div class=\"elementor-column elementor-col-50 elementor-inner-column elementor-element elementor-element-62a84a2\" data-id=\"62a84a2\" data-element_type=\"column\">\n\t\t\t<div class=\"elementor-widget-wrap elementor-element-populated\">\n\t\t\t\t\t\t<div class=\"elementor-element elementor-element-60b7880 elementor-widget elementor-widget-wpb-heading\" data-id=\"60b7880\" data-element_type=\"widget\" data-widget_type=\"wpb-heading.default\">\n\t\t\t\t<div class=\"elementor-widget-container\">\n\t\t\t\t\t<h3 class=\"wpbits-heading\"><span>Hakim Optical<\/span><\/h3>\t\t\t\t<\/div>\n\t\t\t\t<\/div>\n\t\t\t\t<div class=\"elementor-element elementor-element-f1fc90b elementor-widget elementor-widget-text-editor\" data-id=\"f1fc90b\" data-element_type=\"widget\" data-widget_type=\"text-editor.default\">\n\t\t\t\t<div class=\"elementor-widget-container\">\n\t\t\t\t\t\t\t\t\t<p>Hakim Optical offre aux membres de l&#8217;Association des param\u00e9dics du Canada une offre de rabais d&#8217;entreprise privil\u00e9gi\u00e9e dans les magasins Hakim Optical \u00e0 l&#8217;\u00e9chelle nationale sans frais d&#8217;adh\u00e9sion pour l&#8217;Association des param\u00e9dics du Canada et ses membres.<\/p>\n\t\t\t\t\t\t\t\t<\/div>\n\t\t\t\t<\/div>\n\t\t\t\t\t<\/div>\n\t\t<\/div>\n\t\t\t\t<div class=\"elementor-column elementor-col-50 elementor-inner-column elementor-element elementor-element-991f88a\" data-id=\"991f88a\" data-element_type=\"column\">\n\t\t\t<div class=\"elementor-widget-wrap elementor-element-populated\">\n\t\t\t\t\t\t<div class=\"elementor-element elementor-element-262bcba elementor-widget elementor-widget-wpb-button\" data-id=\"262bcba\" data-element_type=\"widget\" data-widget_type=\"wpb-button.default\">\n\t\t\t\t<div class=\"elementor-widget-container\">\n\t\t\t\t\t                <div class=\"wpb-btn-wrapper\">\n            <a id=\"\" class=\"wpb-btn-md \" href=\"https:\/\/paramedic.ca\/resources\/member-benifits\/hakim-optical\/\"  >\n\t\t\t\t<span>\n\t\t\t\t\t<i aria-hidden=\"true\" class=\"fas fa-glasses\"><\/i>Hakim Optical\t\t\t\t<\/span>\n            <\/a>\n        <\/div>\n        \t\t\t\t<\/div>\n\t\t\t\t<\/div>\n\t\t\t\t\t<\/div>\n\t\t<\/div>\n\t\t\t\t\t<\/div>\n\t\t<\/section>\n\t\t\t\t\t<\/div>\n\t\t<\/div>\n\t\t\t\t\t<\/div>\n\t\t<\/section>\n\t\t\t\t<\/div>\n\t\t","protected":false},"excerpt":{"rendered":"<p>Home DEVENIR MEMBRE Les plus de 20 000 membres de l&#8217;Association des param\u00e9dics du Canada sont compos\u00e9s de membres des chapitres provinciaux de l&#8217;APC. Les personnes qui sont membres\/inscrites \u00e0 l&#8217;une de nos sections sont \u00e9galement membres de l&#8217;Association param\u00e9dicale du Canada. Si vous vivez dans une province ou un territoire qui n&#8217;est pas membre [&hellip;]<\/p>\n","protected":false},"author":3,"featured_media":0,"parent":6244,"menu_order":4,"comment_status":"open","ping_status":"closed","template":"builder-ready.php","meta":{"footnotes":""},"class_list":["post-6275","page","type-page","status-publish","hentry"],"_links":{"self":[{"href":"https:\/\/paramedic.ca\/fr\/wp-json\/wp\/v2\/pages\/6275","targetHints":{"allow":["GET"]}}],"collection":[{"href":"https:\/\/paramedic.ca\/fr\/wp-json\/wp\/v2\/pages"}],"about":[{"href":"https:\/\/paramedic.ca\/fr\/wp-json\/wp\/v2\/types\/page"}],"author":[{"embeddable":true,"href":"https:\/\/paramedic.ca\/fr\/wp-json\/wp\/v2\/users\/3"}],"replies":[{"embeddable":true,"href":"https:\/\/paramedic.ca\/fr\/wp-json\/wp\/v2\/comments?post=6275"}],"version-history":[{"count":7,"href":"https:\/\/paramedic.ca\/fr\/wp-json\/wp\/v2\/pages\/6275\/revisions"}],"predecessor-version":[{"id":7589,"href":"https:\/\/paramedic.ca\/fr\/wp-json\/wp\/v2\/pages\/6275\/revisions\/7589"}],"up":[{"embeddable":true,"href":"https:\/\/paramedic.ca\/fr\/wp-json\/wp\/v2\/pages\/6244"}],"wp:attachment":[{"href":"https:\/\/paramedic.ca\/fr\/wp-json\/wp\/v2\/media?parent=6275"}],"curies":[{"name":"wp","href":"https:\/\/api.w.org\/{rel}","templated":true}]}}