{"id":6256,"date":"2022-07-17T19:12:18","date_gmt":"2022-07-17T19:12:18","guid":{"rendered":"https:\/\/paramedic.ca\/ressources\/foire-aux-questions-faq\/"},"modified":"2022-10-26T10:08:28","modified_gmt":"2022-10-26T10:08:28","slug":"foire-aux-questions-faq","status":"publish","type":"page","link":"https:\/\/paramedic.ca\/fr\/ressources\/foire-aux-questions-faq\/","title":{"rendered":"Foire aux questions (FAQ)"},"content":{"rendered":"\t\t<div data-elementor-type=\"wp-page\" data-elementor-id=\"6256\" class=\"elementor elementor-6256 elementor-4892\">\n\t\t\t\t\t\t<section class=\"elementor-section elementor-top-section elementor-element elementor-element-9dcb493 elementor-section-full_width elementor-section-height-default elementor-section-height-default default-style\" data-id=\"9dcb493\" data-element_type=\"section\" data-settings=\"{&quot;rt_color_sets&quot;:&quot;default-style&quot;}\">\n\t\t\t\t\t\t<div class=\"elementor-container elementor-column-gap-default\">\n\t\t\t\t\t<div class=\"elementor-column elementor-col-100 elementor-top-column elementor-element elementor-element-fc9aa98\" data-id=\"fc9aa98\" data-element_type=\"column\">\n\t\t\t<div class=\"elementor-widget-wrap elementor-element-populated\">\n\t\t\t\t\t\t<div class=\"elementor-element elementor-element-5e995e7 elementor-widget elementor-widget-rt-sub-header\" data-id=\"5e995e7\" data-element_type=\"widget\" data-widget_type=\"rt-sub-header.default\">\n\t\t\t\t<div class=\"elementor-widget-container\">\n\t\t\t\t\t<section class=\"top_content clearfix\"><section class=\"info_bar clearfix \"><section class=\"heading\"><h1><\/h1><\/section> <section class=\"breadcrumb\"> <ol vocab=\"http:\/\/schema.org\/\" typeof=\"BreadcrumbList\">\n<li property=\"itemListElement\" typeof=\"ListItem\">\n<a property=\"item\" typeof=\"WebPage\" class=\"icon-home\" href=\"https:\/\/paramedic.ca\/fr\/\"><span property=\"name\">Home<\/span><\/a>\n<meta property=\"position\" content=\"1\"><\/li>\n <span class=\"icon-angle-right\"><\/span> <\/ol>\n <\/section><\/section><\/section>\t\t\t\t<\/div>\n\t\t\t\t<\/div>\n\t\t\t\t\t<\/div>\n\t\t<\/div>\n\t\t\t\t\t<\/div>\n\t\t<\/section>\n\t\t\t\t<section class=\"elementor-section elementor-top-section elementor-element elementor-element-9e4b6de elementor-section-boxed elementor-section-height-default elementor-section-height-default default-style\" data-id=\"9e4b6de\" data-element_type=\"section\" data-settings=\"{&quot;background_background&quot;:&quot;classic&quot;,&quot;rt_color_sets&quot;:&quot;default-style&quot;}\">\n\t\t\t\t\t\t<div class=\"elementor-container elementor-column-gap-default\">\n\t\t\t\t\t<div class=\"elementor-column elementor-col-100 elementor-top-column elementor-element elementor-element-49e6e45\" data-id=\"49e6e45\" data-element_type=\"column\">\n\t\t\t<div class=\"elementor-widget-wrap elementor-element-populated\">\n\t\t\t\t\t\t<div class=\"elementor-element elementor-element-04d38ba elementor-widget elementor-widget-wpb-heading\" data-id=\"04d38ba\" data-element_type=\"widget\" data-widget_type=\"wpb-heading.default\">\n\t\t\t\t<div class=\"elementor-widget-container\">\n\t\t\t\t\t<h2 class=\"wpbits-heading\"><span>FOIRE AUX <em>\nQUESTIONS<\/em> <\/span><\/h2>\t\t\t\t<\/div>\n\t\t\t\t<\/div>\n\t\t\t\t<div class=\"elementor-element elementor-element-c5eb0f1 elementor-widget elementor-widget-shortcode\" data-id=\"c5eb0f1\" data-element_type=\"widget\" data-widget_type=\"shortcode.default\">\n\t\t\t\t<div class=\"elementor-widget-container\">\n\t\t\t\t\t\t\t<div class=\"elementor-shortcode\"><hr class=\"style-six margin-t0 margin-b0 \"  data-rt-animate=\"animate\" data-rt-animation-type=\"fadeInDown\" data-rt-animation-group=\"single\" ><\/div>\n\t\t\t\t\t\t<\/div>\n\t\t\t\t<\/div>\n\t\t\t\t<div class=\"elementor-element elementor-element-db65b8f elementor-widget elementor-widget-toggle\" data-id=\"db65b8f\" data-element_type=\"widget\" data-widget_type=\"toggle.default\">\n\t\t\t\t<div class=\"elementor-widget-container\">\n\t\t\t\t\t\t\t<div class=\"elementor-toggle\">\n\t\t\t\t\t\t\t<div class=\"elementor-toggle-item\">\n\t\t\t\t\t<div id=\"elementor-tab-title-2301\" class=\"elementor-tab-title\" data-tab=\"1\" role=\"button\" aria-controls=\"elementor-tab-content-2301\" aria-expanded=\"false\">\n\t\t\t\t\t\t\t\t\t\t\t\t<span class=\"elementor-toggle-icon elementor-toggle-icon-left\" aria-hidden=\"true\">\n\t\t\t\t\t\t\t\t\t\t\t\t\t\t\t<span class=\"elementor-toggle-icon-closed\"><i class=\"fas fa-caret-right\"><\/i><\/span>\n\t\t\t\t\t\t\t\t<span class=\"elementor-toggle-icon-opened\"><i class=\"elementor-toggle-icon-opened fas fa-caret-up\"><\/i><\/span>\n\t\t\t\t\t\t\t\t\t\t\t\t\t<\/span>\n\t\t\t\t\t\t\t\t\t\t\t\t<a class=\"elementor-toggle-title\" tabindex=\"0\">Je suis en recherche de l\u2019emploi. Comment puis-je d\u00e9placer autour de Canada avec mes comp\u00e9tences en soins param\u00e9dicaux?<\/a>\n\t\t\t\t\t<\/div>\n\n\t\t\t\t\t<div id=\"elementor-tab-content-2301\" class=\"elementor-tab-content elementor-clearfix\" data-tab=\"1\" role=\"region\" aria-labelledby=\"elementor-tab-title-2301\"><p>Les soins param\u00e9dicaux sont r\u00e9glement\u00e9s au niveau provincial. Les exigences du permis de pratique sont \u00e9tablies par les r\u00e9gulateurs individuels. Vous y trouverez des liens de r\u00e9gulateur sous nos liens Web connexes au bas de la page.<\/p><\/div>\n\t\t\t\t<\/div>\n\t\t\t\t\t\t\t<div class=\"elementor-toggle-item\">\n\t\t\t\t\t<div id=\"elementor-tab-title-2302\" class=\"elementor-tab-title\" data-tab=\"2\" role=\"button\" aria-controls=\"elementor-tab-content-2302\" aria-expanded=\"false\">\n\t\t\t\t\t\t\t\t\t\t\t\t<span class=\"elementor-toggle-icon elementor-toggle-icon-left\" aria-hidden=\"true\">\n\t\t\t\t\t\t\t\t\t\t\t\t\t\t\t<span class=\"elementor-toggle-icon-closed\"><i class=\"fas fa-caret-right\"><\/i><\/span>\n\t\t\t\t\t\t\t\t<span class=\"elementor-toggle-icon-opened\"><i class=\"elementor-toggle-icon-opened fas fa-caret-up\"><\/i><\/span>\n\t\t\t\t\t\t\t\t\t\t\t\t\t<\/span>\n\t\t\t\t\t\t\t\t\t\t\t\t<a class=\"elementor-toggle-title\" tabindex=\"0\">O\u00f9 trouver du travail au Canada ?<\/a>\n\t\t\t\t\t<\/div>\n\n\t\t\t\t\t<div id=\"elementor-tab-content-2302\" class=\"elementor-tab-content elementor-clearfix\" data-tab=\"2\" role=\"region\" aria-labelledby=\"elementor-tab-title-2302\"><p>Il y a quelques liens d\u2019emploi sous nos <strong><a title=\".\" href=\"https:\/\/paramedic.ca\/resources\/links\/\">liens ici<\/a><\/strong> <\/p>\n<\/div>\n\t\t\t\t<\/div>\n\t\t\t\t\t\t\t<div class=\"elementor-toggle-item\">\n\t\t\t\t\t<div id=\"elementor-tab-title-2303\" class=\"elementor-tab-title\" data-tab=\"3\" role=\"button\" aria-controls=\"elementor-tab-content-2303\" aria-expanded=\"false\">\n\t\t\t\t\t\t\t\t\t\t\t\t<span class=\"elementor-toggle-icon elementor-toggle-icon-left\" aria-hidden=\"true\">\n\t\t\t\t\t\t\t\t\t\t\t\t\t\t\t<span class=\"elementor-toggle-icon-closed\"><i class=\"fas fa-caret-right\"><\/i><\/span>\n\t\t\t\t\t\t\t\t<span class=\"elementor-toggle-icon-opened\"><i class=\"elementor-toggle-icon-opened fas fa-caret-up\"><\/i><\/span>\n\t\t\t\t\t\t\t\t\t\t\t\t\t<\/span>\n\t\t\t\t\t\t\t\t\t\t\t\t<a class=\"elementor-toggle-title\" tabindex=\"0\">Comment l\u2019accord sur le commerce int\u00e9rieur (ACI) m\u2019affecte ?<\/a>\n\t\t\t\t\t<\/div>\n\n\t\t\t\t\t<div id=\"elementor-tab-content-2303\" class=\"elementor-tab-content elementor-clearfix\" data-tab=\"3\" role=\"region\" aria-labelledby=\"elementor-tab-title-2303\"><p>Si vous avez une formation agr\u00e9\u00e9e par l\u2019Association m\u00e9dicale canadienne et vous \u00eates autoris\u00e9 \u00e0 exercer au Canada, vous auriez plus de mobilit\u00e9 de vos titres de comp\u00e9tences. Consultez la <a href=\"https:\/\/paramedic.ca\/resources\/links\/?nav=02\" target=\"_blank\" rel=\"noopener\">section ACI<\/a> sous la rubrique \u201cInitiatives\u201d sur le menu d\u00e9roulant ci-dessus.<\/p>\n<\/div>\n\t\t\t\t<\/div>\n\t\t\t\t\t\t\t<div class=\"elementor-toggle-item\">\n\t\t\t\t\t<div id=\"elementor-tab-title-2304\" class=\"elementor-tab-title\" data-tab=\"4\" role=\"button\" aria-controls=\"elementor-tab-content-2304\" aria-expanded=\"false\">\n\t\t\t\t\t\t\t\t\t\t\t\t<span class=\"elementor-toggle-icon elementor-toggle-icon-left\" aria-hidden=\"true\">\n\t\t\t\t\t\t\t\t\t\t\t\t\t\t\t<span class=\"elementor-toggle-icon-closed\"><i class=\"fas fa-caret-right\"><\/i><\/span>\n\t\t\t\t\t\t\t\t<span class=\"elementor-toggle-icon-opened\"><i class=\"elementor-toggle-icon-opened fas fa-caret-up\"><\/i><\/span>\n\t\t\t\t\t\t\t\t\t\t\t\t\t<\/span>\n\t\t\t\t\t\t\t\t\t\t\t\t<a class=\"elementor-toggle-title\" tabindex=\"0\">Je suis dans un programme param\u00e9dical canadien ou international non accr\u00e9dit\u00e9, qui dois-je contacter pour des questions d\u2019autorisation?<\/a>\n\t\t\t\t\t<\/div>\n\n\t\t\t\t\t<div id=\"elementor-tab-content-2304\" class=\"elementor-tab-content elementor-clearfix\" data-tab=\"4\" role=\"region\" aria-labelledby=\"elementor-tab-title-2304\"><p>Vous devez communiquer avec les r\u00e9gulateurs individuels et les employeurs individuels pour avoir des informations sur l\u2019\u00e9quivalence de vos titres de comp\u00e9tences. Voir la section des liens connexes en bas de la page.<\/p>\n<\/div>\n\t\t\t\t<\/div>\n\t\t\t\t\t\t\t<div class=\"elementor-toggle-item\">\n\t\t\t\t\t<div id=\"elementor-tab-title-2305\" class=\"elementor-tab-title\" data-tab=\"5\" role=\"button\" aria-controls=\"elementor-tab-content-2305\" aria-expanded=\"false\">\n\t\t\t\t\t\t\t\t\t\t\t\t<span class=\"elementor-toggle-icon elementor-toggle-icon-left\" aria-hidden=\"true\">\n\t\t\t\t\t\t\t\t\t\t\t\t\t\t\t<span class=\"elementor-toggle-icon-closed\"><i class=\"fas fa-caret-right\"><\/i><\/span>\n\t\t\t\t\t\t\t\t<span class=\"elementor-toggle-icon-opened\"><i class=\"elementor-toggle-icon-opened fas fa-caret-up\"><\/i><\/span>\n\t\t\t\t\t\t\t\t\t\t\t\t\t<\/span>\n\t\t\t\t\t\t\t\t\t\t\t\t<a class=\"elementor-toggle-title\" tabindex=\"0\">Je tiens \u00e0 venir au Canada et de travailler ou avoir une formation en soins param\u00e9dicaux, comment puis-je le faire ? I would like to come to Canada and work or train as a paramedic, how do I do it?<\/a>\n\t\t\t\t\t<\/div>\n\n\t\t\t\t\t<div id=\"elementor-tab-content-2305\" class=\"elementor-tab-content elementor-clearfix\" data-tab=\"5\" role=\"region\" aria-labelledby=\"elementor-tab-title-2305\"><div class=\"col-sm-7 col-xs-12 col-xs-12\">\n<div id=\"content\">\n<p>Vous devriez communiquer avec les organismes de r\u00e9glementation provinciaux individuels pour voir quelles sont les exigences n\u00e9cessaires pour exercer dans la province. Si vous vous connectez \u00e0 notre site Web \u00e0 <a href=\"https:\/\/www.paramedic.ca\/\" target=\"_blank\" rel=\"noopener\">www.paramedic.ca<\/a>, vous trouverez un lien vers chaque <a href=\"https:\/\/paramedic.ca\/resources\/links\/\" target=\"_blank\" rel=\"noopener\">organisme de r\u00e9glementation provincial<\/a>. Les institutions de formations param\u00e9dicales se trouvent dans la section des liens connexes de notre page. Vous devez aussi contacter <strong><a href=\"https:\/\/www.cic.gc.ca\/english\/\" target=\"_blank\" rel=\"noopener\">Citoyennet\u00e9 et Immigration Canada<\/a><\/strong> .<\/p>\n<\/div>\n<\/div>\n<div class=\"col-sm-4 col-xs-12 pull-right\"> <\/div>\n<\/div>\n\t\t\t\t<\/div>\n\t\t\t\t\t\t\t\t<\/div>\n\t\t\t\t\t\t<\/div>\n\t\t\t\t<\/div>\n\t\t\t\t\t<\/div>\n\t\t<\/div>\n\t\t\t\t\t<\/div>\n\t\t<\/section>\n\t\t\t\t<\/div>\n\t\t","protected":false},"excerpt":{"rendered":"<p>Home FOIRE AUX QUESTIONS Je suis en recherche de l\u2019emploi. Comment puis-je d\u00e9placer autour de Canada avec mes comp\u00e9tences en soins param\u00e9dicaux? Les soins param\u00e9dicaux sont r\u00e9glement\u00e9s au niveau provincial. Les exigences du permis de pratique sont \u00e9tablies par les r\u00e9gulateurs individuels. Vous y trouverez des liens de r\u00e9gulateur sous nos liens Web connexes au [&hellip;]<\/p>\n","protected":false},"author":3,"featured_media":0,"parent":6244,"menu_order":2,"comment_status":"open","ping_status":"closed","template":"builder-ready.php","meta":{"footnotes":""},"class_list":["post-6256","page","type-page","status-publish","hentry"],"_links":{"self":[{"href":"https:\/\/paramedic.ca\/fr\/wp-json\/wp\/v2\/pages\/6256","targetHints":{"allow":["GET"]}}],"collection":[{"href":"https:\/\/paramedic.ca\/fr\/wp-json\/wp\/v2\/pages"}],"about":[{"href":"https:\/\/paramedic.ca\/fr\/wp-json\/wp\/v2\/types\/page"}],"author":[{"embeddable":true,"href":"https:\/\/paramedic.ca\/fr\/wp-json\/wp\/v2\/users\/3"}],"replies":[{"embeddable":true,"href":"https:\/\/paramedic.ca\/fr\/wp-json\/wp\/v2\/comments?post=6256"}],"version-history":[{"count":7,"href":"https:\/\/paramedic.ca\/fr\/wp-json\/wp\/v2\/pages\/6256\/revisions"}],"predecessor-version":[{"id":6264,"href":"https:\/\/paramedic.ca\/fr\/wp-json\/wp\/v2\/pages\/6256\/revisions\/6264"}],"up":[{"embeddable":true,"href":"https:\/\/paramedic.ca\/fr\/wp-json\/wp\/v2\/pages\/6244"}],"wp:attachment":[{"href":"https:\/\/paramedic.ca\/fr\/wp-json\/wp\/v2\/media?parent=6256"}],"curies":[{"name":"wp","href":"https:\/\/api.w.org\/{rel}","templated":true}]}}