{"id":6244,"date":"2022-07-17T11:51:07","date_gmt":"2022-07-17T11:51:07","guid":{"rendered":"https:\/\/paramedic.ca\/ressources\/"},"modified":"2024-09-25T13:00:54","modified_gmt":"2024-09-25T13:00:54","slug":"ressources","status":"publish","type":"page","link":"https:\/\/paramedic.ca\/fr\/ressources\/","title":{"rendered":"RESSOURCES"},"content":{"rendered":"\t\t<div data-elementor-type=\"wp-page\" data-elementor-id=\"6244\" class=\"elementor elementor-6244 elementor-4859\">\n\t\t\t\t\t\t<section class=\"elementor-section elementor-top-section elementor-element elementor-element-9dcb493 elementor-section-full_width elementor-section-height-default elementor-section-height-default default-style\" data-id=\"9dcb493\" data-element_type=\"section\" data-settings=\"{&quot;rt_color_sets&quot;:&quot;default-style&quot;}\">\n\t\t\t\t\t\t<div class=\"elementor-container elementor-column-gap-default\">\n\t\t\t\t\t<div class=\"elementor-column elementor-col-100 elementor-top-column elementor-element elementor-element-fc9aa98\" data-id=\"fc9aa98\" data-element_type=\"column\">\n\t\t\t<div class=\"elementor-widget-wrap elementor-element-populated\">\n\t\t\t\t\t\t<div class=\"elementor-element elementor-element-5e995e7 elementor-widget elementor-widget-rt-sub-header\" data-id=\"5e995e7\" data-element_type=\"widget\" data-widget_type=\"rt-sub-header.default\">\n\t\t\t\t<div class=\"elementor-widget-container\">\n\t\t\t\t\t<section class=\"top_content clearfix\"><section class=\"info_bar clearfix \"><section class=\"heading\"><h1><\/h1><\/section> <section class=\"breadcrumb\"> <ol vocab=\"http:\/\/schema.org\/\" typeof=\"BreadcrumbList\">\n<li property=\"itemListElement\" typeof=\"ListItem\">\n<a property=\"item\" typeof=\"WebPage\" class=\"icon-home\" href=\"https:\/\/paramedic.ca\/fr\/\"><span property=\"name\">Home<\/span><\/a>\n<meta property=\"position\" content=\"1\"><\/li>\n <span class=\"icon-angle-right\"><\/span> <\/ol>\n <\/section><\/section><\/section>\t\t\t\t<\/div>\n\t\t\t\t<\/div>\n\t\t\t\t\t<\/div>\n\t\t<\/div>\n\t\t\t\t\t<\/div>\n\t\t<\/section>\n\t\t\t\t<section class=\"elementor-section elementor-top-section elementor-element elementor-element-a2febe5 elementor-section-content-middle row-style-1 wpbits-el-parallax-background elementor-section-boxed elementor-section-height-default elementor-section-height-default\" data-id=\"a2febe5\" data-element_type=\"section\" data-settings=\"{&quot;background_background&quot;:&quot;classic&quot;,&quot;rt_color_sets&quot;:&quot;row-style-1&quot;,&quot;wpb_parallax&quot;:&quot;wpbits-el-parallax-background&quot;,&quot;wpb_bg_parallax_effect&quot;:&quot;4&quot;,&quot;wpb_bg_parallax_speed&quot;:&quot;1&quot;}\">\n\t\t\t\t\t\t<div class=\"elementor-container elementor-column-gap-default\">\n\t\t\t\t\t<div class=\"elementor-column elementor-col-50 elementor-top-column elementor-element elementor-element-523145f\" data-id=\"523145f\" data-element_type=\"column\">\n\t\t\t<div class=\"elementor-widget-wrap elementor-element-populated\">\n\t\t\t\t\t\t<div class=\"elementor-element elementor-element-6253272 elementor-widget elementor-widget-heading\" data-id=\"6253272\" data-element_type=\"widget\" data-widget_type=\"heading.default\">\n\t\t\t\t<div class=\"elementor-widget-container\">\n\t\t\t\t\t<h1 class=\"elementor-heading-title elementor-size-default\">Ressources li\u00e9es \u00e0 l'Association Des Param\u00e9dics du Canada<\/h1>\t\t\t\t<\/div>\n\t\t\t\t<\/div>\n\t\t\t\t<div class=\"elementor-element elementor-element-0a3c15f elementor-widget elementor-widget-text-editor\" data-id=\"0a3c15f\" data-element_type=\"widget\" data-widget_type=\"text-editor.default\">\n\t\t\t\t<div class=\"elementor-widget-container\">\n\t\t\t\t\t\t\t\t\t<p>Apprenez-en davantage sur les r\u00e8glements administratifs et les lignes directrices de l&#8217;Association Des Param\u00e9dics du Canada et plongez dans les chapitres de l&#8217;Association Des Param\u00e9dics \u00e0 travers le Canada.<\/p>\n\t\t\t\t\t\t\t\t<\/div>\n\t\t\t\t<\/div>\n\t\t\t\t<div class=\"elementor-element elementor-element-1ec26a5 elementor-widget elementor-widget-text-editor\" data-id=\"1ec26a5\" data-element_type=\"widget\" data-widget_type=\"text-editor.default\">\n\t\t\t\t<div class=\"elementor-widget-container\">\n\t\t\t\t\t\t\t\t\t<p>Les pages suivantes sont une collection de liens et de fichiers .pdf t\u00e9l\u00e9chargeables li\u00e9s \u00e0 l&#8217;industrie param\u00e9dicale du Canada. Si vous connaissez des liens ou des fichiers pertinents qui pourraient vous int\u00e9resser, veuillez nous les transmettre \u00e0 <a href=\"mailto:info@paramedic.ca\">info@paramedic.ca<\/a> ou envoyez-nous simplement un message via l&#8217;un de nos canaux de m\u00e9dias sociaux ou notre page de <a href=\"https:\/\/paramedic.ca\/fr\/contacter-nous\/\">contact<\/a> sur ce site Web.<\/p>\n\t\t\t\t\t\t\t\t<\/div>\n\t\t\t\t<\/div>\n\t\t\t\t\t<\/div>\n\t\t<\/div>\n\t\t\t\t<div class=\"elementor-column elementor-col-50 elementor-top-column elementor-element elementor-element-f64c54d\" data-id=\"f64c54d\" data-element_type=\"column\">\n\t\t\t<div class=\"elementor-widget-wrap elementor-element-populated\">\n\t\t\t\t\t\t<section class=\"elementor-section elementor-inner-section elementor-element elementor-element-ec94c73 elementor-section-content-middle elementor-section-boxed elementor-section-height-default elementor-section-height-default default-style\" data-id=\"ec94c73\" data-element_type=\"section\" data-settings=\"{&quot;rt_color_sets&quot;:&quot;default-style&quot;}\">\n\t\t\t\t\t\t<div class=\"elementor-container elementor-column-gap-no\">\n\t\t\t\t\t<div class=\"elementor-column elementor-col-100 elementor-inner-column elementor-element elementor-element-d6e4b39\" data-id=\"d6e4b39\" data-element_type=\"column\">\n\t\t\t<div class=\"elementor-widget-wrap elementor-element-populated\">\n\t\t\t\t\t\t<div class=\"elementor-element elementor-element-cd8195e wpbits-parallax-effects elementor-absolute elementor-widget elementor-widget-wpb-tooltip\" data-id=\"cd8195e\" data-element_type=\"widget\" data-settings=\"{&quot;wpbits_afe_pro_parallax&quot;:&quot;wpbits-parallax-effects&quot;,&quot;wpbits_afe_pro_translate_y&quot;:&quot;true&quot;,&quot;wpbits_afe_pro_parallax_y&quot;:{&quot;unit&quot;:&quot;px&quot;,&quot;size&quot;:-100,&quot;sizes&quot;:[]},&quot;_position&quot;:&quot;absolute&quot;,&quot;wpbits_afe_pro_parallax_y_to&quot;:{&quot;unit&quot;:&quot;px&quot;,&quot;size&quot;:0,&quot;sizes&quot;:[]},&quot;wpbits_afe_pro_parallax_y_start&quot;:{&quot;unit&quot;:&quot;px&quot;,&quot;size&quot;:0,&quot;sizes&quot;:[]},&quot;wpbits_afe_pro_parallax_y_end&quot;:{&quot;unit&quot;:&quot;px&quot;,&quot;size&quot;:0,&quot;sizes&quot;:[]}}\" data-widget_type=\"wpb-tooltip.default\">\n\t\t\t\t<div class=\"elementor-widget-container\">\n\t\t\t\t\t        <div class=\"wpb-tooltip-wrapper\" data-tpid=\"wpb-tooltip-cd8195e animated fast \" data-followmouse=\"false\" data-motp=\"false\" data-placement=\"s\" data-smart=\"true\" data-offset=\"15\">\n        <div class=\"wpb-tooltip wpb-tooltip-type-image\" data-powertip=\"\"><img decoding=\"async\" src=\"https:\/\/paramedic.ca\/wp-content\/uploads\/2022\/07\/115-20220518_204401.jpg\" title=\"\" alt=\"\" loading=\"lazy\" \/><\/div>        <\/div>\n   \t\t\t\t<\/div>\n\t\t\t\t<\/div>\n\t\t\t\t<div class=\"elementor-element elementor-element-c63bf5b wpbits-parallax-effects elementor-widget elementor-widget-wpb-tooltip\" data-id=\"c63bf5b\" data-element_type=\"widget\" data-settings=\"{&quot;wpbits_afe_pro_parallax&quot;:&quot;wpbits-parallax-effects&quot;,&quot;wpbits_afe_pro_translate_y&quot;:&quot;true&quot;,&quot;wpbits_afe_pro_parallax_y_to&quot;:{&quot;unit&quot;:&quot;px&quot;,&quot;size&quot;:-50,&quot;sizes&quot;:[]},&quot;wpbits_afe_pro_parallax_y&quot;:{&quot;unit&quot;:&quot;px&quot;,&quot;size&quot;:0,&quot;sizes&quot;:[]},&quot;wpbits_afe_pro_parallax_y_start&quot;:{&quot;unit&quot;:&quot;px&quot;,&quot;size&quot;:0,&quot;sizes&quot;:[]},&quot;wpbits_afe_pro_parallax_y_end&quot;:{&quot;unit&quot;:&quot;px&quot;,&quot;size&quot;:0,&quot;sizes&quot;:[]}}\" data-widget_type=\"wpb-tooltip.default\">\n\t\t\t\t<div class=\"elementor-widget-container\">\n\t\t\t\t\t        <div class=\"wpb-tooltip-wrapper\" data-tpid=\"wpb-tooltip-c63bf5b animated fast none\" data-followmouse=\"false\" data-motp=\"false\" data-placement=\"n\" data-smart=\"true\" data-offset=\"15\">\n        <div class=\"wpb-tooltip wpb-tooltip-type-image\" data-powertip=\"\"><img fetchpriority=\"high\" decoding=\"async\" width=\"640\" height=\"320\" src=\"https:\/\/paramedic.ca\/wp-content\/uploads\/2022\/06\/about-1.png\" class=\"attachment-medium_large size-medium_large wp-image-4362\" alt=\"\" srcset=\"https:\/\/paramedic.ca\/wp-content\/uploads\/2022\/06\/about-1.png 640w, https:\/\/paramedic.ca\/wp-content\/uploads\/2022\/06\/about-1-600x300.png 600w, https:\/\/paramedic.ca\/wp-content\/uploads\/2022\/06\/about-1-300x150.png 300w\" sizes=\"(max-width: 640px) 100vw, 640px\" \/><\/div>        <\/div>\n   \t\t\t\t<\/div>\n\t\t\t\t<\/div>\n\t\t\t\t\t<\/div>\n\t\t<\/div>\n\t\t\t\t\t<\/div>\n\t\t<\/section>\n\t\t\t\t\t<\/div>\n\t\t<\/div>\n\t\t\t\t\t<\/div>\n\t\t<\/section>\n\t\t\t\t<section class=\"elementor-section elementor-top-section elementor-element elementor-element-3d87335 elementor-section-content-middle   elementor-reverse-tablet elementor-reverse-mobile row-style-2 elementor-section-boxed elementor-section-height-default elementor-section-height-default\" data-id=\"3d87335\" data-element_type=\"section\" data-settings=\"{&quot;rt_color_sets&quot;:&quot;row-style-2&quot;}\">\n\t\t\t\t\t\t<div class=\"elementor-container elementor-column-gap-default\">\n\t\t\t\t\t<div class=\"elementor-column elementor-col-100 elementor-top-column elementor-element elementor-element-6b135ad\" data-id=\"6b135ad\" data-element_type=\"column\">\n\t\t\t<div class=\"elementor-widget-wrap elementor-element-populated\">\n\t\t\t\t\t\t<div class=\"elementor-element elementor-element-d04b2de elementor-widget elementor-widget-rt-divider\" data-id=\"d04b2de\" data-element_type=\"widget\" data-widget_type=\"rt-divider.default\">\n\t\t\t\t<div class=\"elementor-widget-container\">\n\t\t\t\t\t<hr class=\"style-seven margin-t0 margin-b0 \"  data-rt-animate=\"animate\" data-rt-animation-type=\"fadeInDown\" data-rt-animation-group=\"single\" >\t\t\t\t<\/div>\n\t\t\t\t<\/div>\n\t\t\t\t<section class=\"elementor-section elementor-inner-section elementor-element elementor-element-f7de25e elementor-section-boxed elementor-section-height-default elementor-section-height-default default-style\" data-id=\"f7de25e\" data-element_type=\"section\" data-settings=\"{&quot;rt_color_sets&quot;:&quot;default-style&quot;}\">\n\t\t\t\t\t\t<div class=\"elementor-container elementor-column-gap-no\">\n\t\t\t\t\t<div class=\"elementor-column elementor-col-50 elementor-inner-column elementor-element elementor-element-3af09ac\" data-id=\"3af09ac\" data-element_type=\"column\">\n\t\t\t<div class=\"elementor-widget-wrap elementor-element-populated\">\n\t\t\t\t\t\t<div class=\"elementor-element elementor-element-b0c2a88 elementor-widget elementor-widget-wpb-heading\" data-id=\"b0c2a88\" data-element_type=\"widget\" data-widget_type=\"wpb-heading.default\">\n\t\t\t\t<div class=\"elementor-widget-container\">\n\t\t\t\t\t<h3 class=\"wpbits-heading\"><span>Documentation<\/span><\/h3>\t\t\t\t<\/div>\n\t\t\t\t<\/div>\n\t\t\t\t<div class=\"elementor-element elementor-element-f9f403e elementor-widget elementor-widget-text-editor\" data-id=\"f9f403e\" data-element_type=\"widget\" data-widget_type=\"text-editor.default\">\n\t\t\t\t<div class=\"elementor-widget-container\">\n\t\t\t\t\t\t\t\t\t<p>Nous avons plusieurs fichiers t\u00e9l\u00e9chargeables pour votre r\u00e9f\u00e9rence, allant des dossiers des assembl\u00e9es g\u00e9n\u00e9rales annuelles pass\u00e9es aux programmes de r\u00e9compenses en passant par les r\u00e8glements administratifs. Vous devriez pouvoir tout trouver ici.<\/p>\n\t\t\t\t\t\t\t\t<\/div>\n\t\t\t\t<\/div>\n\t\t\t\t\t<\/div>\n\t\t<\/div>\n\t\t\t\t<div class=\"elementor-column elementor-col-50 elementor-inner-column elementor-element elementor-element-01adf3c\" data-id=\"01adf3c\" data-element_type=\"column\">\n\t\t\t<div class=\"elementor-widget-wrap elementor-element-populated\">\n\t\t\t\t\t\t<div class=\"elementor-element elementor-element-27cd9a0 elementor-widget elementor-widget-wpb-button\" data-id=\"27cd9a0\" data-element_type=\"widget\" data-widget_type=\"wpb-button.default\">\n\t\t\t\t<div class=\"elementor-widget-container\">\n\t\t\t\t\t                <div class=\"wpb-btn-wrapper\">\n            <a id=\"\" class=\"wpb-btn-md \" href=\"https:\/\/paramedic.ca\/resources\/documents\/\"  >\n\t\t\t\t<span>\n\t\t\t\t\t<i aria-hidden=\"true\" class=\"fas fa-book-open\"><\/i>Biblioth\u00e8que de documents\t\t\t\t<\/span>\n            <\/a>\n        <\/div>\n        \t\t\t\t<\/div>\n\t\t\t\t<\/div>\n\t\t\t\t\t<\/div>\n\t\t<\/div>\n\t\t\t\t\t<\/div>\n\t\t<\/section>\n\t\t\t\t<section class=\"elementor-section elementor-inner-section elementor-element elementor-element-0f5a057 elementor-section-boxed elementor-section-height-default elementor-section-height-default default-style\" data-id=\"0f5a057\" data-element_type=\"section\" data-settings=\"{&quot;rt_color_sets&quot;:&quot;default-style&quot;}\">\n\t\t\t\t\t\t<div class=\"elementor-container elementor-column-gap-no\">\n\t\t\t\t\t<div class=\"elementor-column elementor-col-50 elementor-inner-column elementor-element elementor-element-79fbde8\" data-id=\"79fbde8\" data-element_type=\"column\">\n\t\t\t<div class=\"elementor-widget-wrap elementor-element-populated\">\n\t\t\t\t\t\t<div class=\"elementor-element elementor-element-35ea62b elementor-widget elementor-widget-wpb-heading\" data-id=\"35ea62b\" data-element_type=\"widget\" data-widget_type=\"wpb-heading.default\">\n\t\t\t\t<div class=\"elementor-widget-container\">\n\t\t\t\t\t<h3 class=\"wpbits-heading\"><span>Liens avec l'industrie param\u00e9dicale<\/span><\/h3>\t\t\t\t<\/div>\n\t\t\t\t<\/div>\n\t\t\t\t<div class=\"elementor-element elementor-element-7781b2b elementor-widget elementor-widget-text-editor\" data-id=\"7781b2b\" data-element_type=\"widget\" data-widget_type=\"text-editor.default\">\n\t\t\t\t<div class=\"elementor-widget-container\">\n\t\t\t\t\t\t\t\t\t<p>Que vous recherchiez une autre association d&#8217;ambulanciers param\u00e9dicaux ou que vous souhaitiez revoir leurs r\u00e8glements ou peut-\u00eatre que vous vouliez simplement lire une publication de partout au pays, nous avons ce qu&#8217;il vous faut.<\/p>\n\t\t\t\t\t\t\t\t<\/div>\n\t\t\t\t<\/div>\n\t\t\t\t\t<\/div>\n\t\t<\/div>\n\t\t\t\t<div class=\"elementor-column elementor-col-50 elementor-inner-column elementor-element elementor-element-a28e9ab\" data-id=\"a28e9ab\" data-element_type=\"column\">\n\t\t\t<div class=\"elementor-widget-wrap elementor-element-populated\">\n\t\t\t\t\t\t<div class=\"elementor-element elementor-element-033c518 elementor-widget elementor-widget-wpb-button\" data-id=\"033c518\" data-element_type=\"widget\" data-widget_type=\"wpb-button.default\">\n\t\t\t\t<div class=\"elementor-widget-container\">\n\t\t\t\t\t                <div class=\"wpb-btn-wrapper\">\n            <a id=\"\" class=\"wpb-btn-md \" href=\"https:\/\/paramedic.ca\/links\/\"  >\n\t\t\t\t<span>\n\t\t\t\t\t<i aria-hidden=\"true\" class=\"fas fa-link\"><\/i>Liens connexes\t\t\t\t<\/span>\n            <\/a>\n        <\/div>\n        \t\t\t\t<\/div>\n\t\t\t\t<\/div>\n\t\t\t\t\t<\/div>\n\t\t<\/div>\n\t\t\t\t\t<\/div>\n\t\t<\/section>\n\t\t\t\t<section class=\"elementor-section elementor-inner-section elementor-element elementor-element-f4e5260 elementor-section-boxed elementor-section-height-default elementor-section-height-default default-style\" data-id=\"f4e5260\" data-element_type=\"section\" data-settings=\"{&quot;rt_color_sets&quot;:&quot;default-style&quot;}\">\n\t\t\t\t\t\t<div class=\"elementor-container elementor-column-gap-no\">\n\t\t\t\t\t<div class=\"elementor-column elementor-col-50 elementor-inner-column elementor-element elementor-element-38397b7\" data-id=\"38397b7\" data-element_type=\"column\">\n\t\t\t<div class=\"elementor-widget-wrap elementor-element-populated\">\n\t\t\t\t\t\t<div class=\"elementor-element elementor-element-458f700 elementor-widget elementor-widget-wpb-heading\" data-id=\"458f700\" data-element_type=\"widget\" data-widget_type=\"wpb-heading.default\">\n\t\t\t\t<div class=\"elementor-widget-container\">\n\t\t\t\t\t<h3 class=\"wpbits-heading\"><span>Ressources en sant\u00e9 mentale<\/span><\/h3>\t\t\t\t<\/div>\n\t\t\t\t<\/div>\n\t\t\t\t<div class=\"elementor-element elementor-element-3663d78 elementor-widget elementor-widget-text-editor\" data-id=\"3663d78\" data-element_type=\"widget\" data-widget_type=\"text-editor.default\">\n\t\t\t\t<div class=\"elementor-widget-container\">\n\t\t\t\t\t\t\t\t\t<p>Nous esp\u00e9rons cr\u00e9er une importante ressource de soutien, d&#8217;\u00e9ducation et de formation pour tout le personnel d&#8217;urgence et leurs familles. Nous appr\u00e9cierions grandement votre contribution.<\/p>\n\t\t\t\t\t\t\t\t<\/div>\n\t\t\t\t<\/div>\n\t\t\t\t\t<\/div>\n\t\t<\/div>\n\t\t\t\t<div class=\"elementor-column elementor-col-50 elementor-inner-column elementor-element elementor-element-8f3c23d\" data-id=\"8f3c23d\" data-element_type=\"column\">\n\t\t\t<div class=\"elementor-widget-wrap elementor-element-populated\">\n\t\t\t\t\t\t<div class=\"elementor-element elementor-element-b5a60e6 elementor-widget elementor-widget-wpb-button\" data-id=\"b5a60e6\" data-element_type=\"widget\" data-widget_type=\"wpb-button.default\">\n\t\t\t\t<div class=\"elementor-widget-container\">\n\t\t\t\t\t                <div class=\"wpb-btn-wrapper\">\n            <a id=\"\" class=\"wpb-btn-md \" href=\"\"  >\n\t\t\t\t<span>\n\t\t\t\t\t<i aria-hidden=\"true\" class=\"far fa-comments\"><\/i>Sant\u00e9 mentale\t\t\t\t<\/span>\n            <\/a>\n        <\/div>\n        \t\t\t\t<\/div>\n\t\t\t\t<\/div>\n\t\t\t\t\t<\/div>\n\t\t<\/div>\n\t\t\t\t\t<\/div>\n\t\t<\/section>\n\t\t\t\t<section class=\"elementor-section elementor-inner-section elementor-element elementor-element-227f871 elementor-section-boxed elementor-section-height-default elementor-section-height-default default-style\" data-id=\"227f871\" data-element_type=\"section\" data-settings=\"{&quot;rt_color_sets&quot;:&quot;default-style&quot;}\">\n\t\t\t\t\t\t<div class=\"elementor-container elementor-column-gap-no\">\n\t\t\t\t\t<div class=\"elementor-column elementor-col-50 elementor-inner-column elementor-element elementor-element-61f4c76\" data-id=\"61f4c76\" data-element_type=\"column\">\n\t\t\t<div class=\"elementor-widget-wrap elementor-element-populated\">\n\t\t\t\t\t\t<div class=\"elementor-element elementor-element-0308853 elementor-widget elementor-widget-wpb-heading\" data-id=\"0308853\" data-element_type=\"widget\" data-widget_type=\"wpb-heading.default\">\n\t\t\t\t<div class=\"elementor-widget-container\">\n\t\t\t\t\t<h3 class=\"wpbits-heading\"><span>Questions fr\u00e9quemment pos\u00e9es<\/span><\/h3>\t\t\t\t<\/div>\n\t\t\t\t<\/div>\n\t\t\t\t<div class=\"elementor-element elementor-element-c97d9fc elementor-widget elementor-widget-text-editor\" data-id=\"c97d9fc\" data-element_type=\"widget\" data-widget_type=\"text-editor.default\">\n\t\t\t\t<div class=\"elementor-widget-container\">\n\t\t\t\t\t\t\t\t\t<p>Il est difficile d&#8217;anticiper ce que les ambulanciers param\u00e9dicaux peuvent demander, alors lorsque nous avons des questions courantes, nous publierons la r\u00e9ponse ici pour essayer de mieux vous servir. Si vous ne trouvez pas la r\u00e9ponse que vous cherchez sur cette page, n&#8217;h\u00e9sitez pas \u00e0 <a href=\"https:\/\/paramedic.ca\/fr\/contacter-nous\/\" target=\"_blank\" rel=\"noopener\">nous contacter<\/a> et \u00e0 nous proposer quelques suggestions.<\/p>\n\t\t\t\t\t\t\t\t<\/div>\n\t\t\t\t<\/div>\n\t\t\t\t\t<\/div>\n\t\t<\/div>\n\t\t\t\t<div class=\"elementor-column elementor-col-50 elementor-inner-column elementor-element elementor-element-b9bad05\" data-id=\"b9bad05\" data-element_type=\"column\">\n\t\t\t<div class=\"elementor-widget-wrap elementor-element-populated\">\n\t\t\t\t\t\t<div class=\"elementor-element elementor-element-26fcff3 elementor-widget elementor-widget-wpb-button\" data-id=\"26fcff3\" data-element_type=\"widget\" data-widget_type=\"wpb-button.default\">\n\t\t\t\t<div class=\"elementor-widget-container\">\n\t\t\t\t\t                <div class=\"wpb-btn-wrapper\">\n            <a id=\"\" class=\"wpb-btn-md \" href=\"https:\/\/paramedic.ca\/resources\/burning-questions\/\"  >\n\t\t\t\t<span>\n\t\t\t\t\t<i aria-hidden=\"true\" class=\"far fa-question-circle\"><\/i>Des questions\t\t\t\t<\/span>\n            <\/a>\n        <\/div>\n        \t\t\t\t<\/div>\n\t\t\t\t<\/div>\n\t\t\t\t\t<\/div>\n\t\t<\/div>\n\t\t\t\t\t<\/div>\n\t\t<\/section>\n\t\t\t\t\t<\/div>\n\t\t<\/div>\n\t\t\t\t\t<\/div>\n\t\t<\/section>\n\t\t\t\t<\/div>\n\t\t","protected":false},"excerpt":{"rendered":"<p>Home Ressources li\u00e9es \u00e0 l&#8217;Association Des Param\u00e9dics du Canada Apprenez-en davantage sur les r\u00e8glements administratifs et les lignes directrices de l&#8217;Association Des Param\u00e9dics du Canada et plongez dans les chapitres de l&#8217;Association Des Param\u00e9dics \u00e0 travers le Canada. Les pages suivantes sont une collection de liens et de fichiers .pdf t\u00e9l\u00e9chargeables li\u00e9s \u00e0 l&#8217;industrie param\u00e9dicale [&hellip;]<\/p>\n","protected":false},"author":3,"featured_media":0,"parent":0,"menu_order":0,"comment_status":"open","ping_status":"closed","template":"builder-ready.php","meta":{"footnotes":""},"class_list":["post-6244","page","type-page","status-publish","hentry"],"_links":{"self":[{"href":"https:\/\/paramedic.ca\/fr\/wp-json\/wp\/v2\/pages\/6244","targetHints":{"allow":["GET"]}}],"collection":[{"href":"https:\/\/paramedic.ca\/fr\/wp-json\/wp\/v2\/pages"}],"about":[{"href":"https:\/\/paramedic.ca\/fr\/wp-json\/wp\/v2\/types\/page"}],"author":[{"embeddable":true,"href":"https:\/\/paramedic.ca\/fr\/wp-json\/wp\/v2\/users\/3"}],"replies":[{"embeddable":true,"href":"https:\/\/paramedic.ca\/fr\/wp-json\/wp\/v2\/comments?post=6244"}],"version-history":[{"count":7,"href":"https:\/\/paramedic.ca\/fr\/wp-json\/wp\/v2\/pages\/6244\/revisions"}],"predecessor-version":[{"id":8889,"href":"https:\/\/paramedic.ca\/fr\/wp-json\/wp\/v2\/pages\/6244\/revisions\/8889"}],"wp:attachment":[{"href":"https:\/\/paramedic.ca\/fr\/wp-json\/wp\/v2\/media?parent=6244"}],"curies":[{"name":"wp","href":"https:\/\/api.w.org\/{rel}","templated":true}]}}