{"id":6229,"date":"2012-07-20T23:10:41","date_gmt":"2012-07-20T23:10:41","guid":{"rendered":"https:\/\/paramedic.ca\/nouvelle\/"},"modified":"2023-03-02T22:47:38","modified_gmt":"2023-03-02T22:47:38","slug":"nouvelle","status":"publish","type":"page","link":"https:\/\/paramedic.ca\/fr\/competences\/nouvelle\/","title":{"rendered":"NPNP"},"content":{"rendered":"\t\t<div data-elementor-type=\"wp-page\" data-elementor-id=\"6229\" class=\"elementor elementor-6229 elementor-1558\">\n\t\t\t\t\t\t<section class=\"elementor-section elementor-top-section elementor-element elementor-element-b6435ab elementor-section-boxed elementor-section-height-default elementor-section-height-default default-style\" data-id=\"b6435ab\" data-element_type=\"section\" data-settings=\"{&quot;rt_color_sets&quot;:&quot;default-style&quot;}\">\n\t\t\t\t\t\t<div class=\"elementor-container elementor-column-gap-default\">\n\t\t\t\t\t<div class=\"elementor-column elementor-col-100 elementor-top-column elementor-element elementor-element-92ef998\" data-id=\"92ef998\" data-element_type=\"column\" data-settings=\"{&quot;wpb_column_content_align&quot;:&quot;flex-start&quot;}\">\n\t\t\t<div class=\"elementor-widget-wrap elementor-element-populated\">\n\t\t\t\t\t\t<div class=\"elementor-element elementor-element-dcba2df elementor-widget elementor-widget-rt-blog\" data-id=\"dcba2df\" data-element_type=\"widget\" data-widget_type=\"rt-blog.default\">\n\t\t\t\t<div class=\"elementor-widget-container\">\n\t\t\t\t\t<div class=\"row\"><div class=\"box one \">\n \n\t\n<!-- blog box-->\n<article class=\"blog_list loop\" id=\"post-7989\">\n\n\t\n\n\t<section class=\"article_section with_icon\">\n\t\t\n\t\t<div class=\"blog-head-line clearfix\">    \n\n\t\t\t<div class=\"post-title-holder\">\n\n\t\t\t\t<!-- blog headline-->\n\t\t\t\t<h2><a href=\"https:\/\/paramedic.ca\/fr\/2024\/04\/06\/elaboration-du-referentiel-national-de-competences-pour-les-paramedics\/\" rel=\"bookmark\">\u00c9laboration du R\u00e9f\u00e9rentiel National de Comp\u00e9tences pour les Param\u00e9dics<\/a><\/h2> \n\t\t\t\t<!-- \/ blog headline--> \n \n\t\t\t\t\t\t<!-- meta data -->\r\n\t\t<div class=\"post_data\">\r\n\t\t\t\r\n\t\t\t\t\t\t<!-- date -->\r\n\t\t\t<span class=\"icon-calendar date updated\">April 6, 2024<\/span>\r\n\t\t\t\t\t \t\t\t\r\n\t\t\t\t\t\t\t\r\n\t\t\t\t\t\t\r\n\t\t\t\r\n\t\t<\/div><!-- \/ end div  .post_data -->\r\n\t\r\n\t\t\t<meta itemprop=\"name\" content=\"\u00c9laboration du R\u00e9f\u00e9rentiel National de Comp\u00e9tences pour les Param\u00e9dics\">\r\n\t\t\t<meta itemprop=\"datePublished\" content=\"April 6, 2024\">\r\n\t\t\t<meta itemprop=\"url\" content=\"https:\/\/paramedic.ca\/fr\/2024\/04\/06\/elaboration-du-referentiel-national-de-competences-pour-les-paramedics\/\">\r\n\t\t\t<meta itemprop=\"image\" content=\"\">\r\n\t\t\t<meta itemprop=\"author\" content=\"Developer\">\r\n\t\t\n\t\t\t<\/div><!-- \/ end div  .post-title-holder -->\n\t\t\t\n\t\t<\/div><!-- \/ end div  .blog-head-line -->  \n\n\n\t\t\n\n\t\t\n\t\t\n<p>Ce projet d\u00e9veloppera un cadre de comp\u00e9tences qui refl\u00e8te les besoins de la pratique param\u00e9dicale contemporaine au Canada.<\/p>\n\n\t<\/section> \n\n<\/article> \n<!-- \/ blog box--><\/div>\n<\/div><div class=\"row\"><div class=\"box one \">\n \n\t\n<!-- blog box-->\n<article class=\"blog_list loop\" id=\"post-7644\">\n\n\t\n\n\t<section class=\"article_section with_icon\">\n\t\t\n\t\t<div class=\"blog-head-line clearfix\">    \n\n\t\t\t<div class=\"post-title-holder\">\n\n\t\t\t\t<!-- blog headline-->\n\t\t\t\t<h2><a href=\"https:\/\/paramedic.ca\/fr\/2023\/09\/23\/nosp-remporte-un-prix-international\/\" rel=\"bookmark\">NOSP remporte un prix international<\/a><\/h2> \n\t\t\t\t<!-- \/ blog headline--> \n \n\t\t\t\t\t\t<!-- meta data -->\r\n\t\t<div class=\"post_data\">\r\n\t\t\t\r\n\t\t\t\t\t\t<!-- date -->\r\n\t\t\t<span class=\"icon-calendar date updated\">September 23, 2023<\/span>\r\n\t\t\t\t\t \t\t\t\r\n\t\t\t\t\t\t\t\r\n\t\t\t\t\t\t\r\n\t\t\t\r\n\t\t<\/div><!-- \/ end div  .post_data -->\r\n\t\r\n\t\t\t<meta itemprop=\"name\" content=\"NOSP remporte un prix international\">\r\n\t\t\t<meta itemprop=\"datePublished\" content=\"September 23, 2023\">\r\n\t\t\t<meta itemprop=\"url\" content=\"https:\/\/paramedic.ca\/fr\/2023\/09\/23\/nosp-remporte-un-prix-international\/\">\r\n\t\t\t<meta itemprop=\"image\" content=\"https:\/\/paramedic.ca\/wp-content\/uploads\/2023\/09\/6A101B9E-E429-4D97-8DDA-BE068D0314D6-e1695467730135.png\">\r\n\t\t\t<meta itemprop=\"author\" content=\"Developer\">\r\n\t\t\n\t\t\t<\/div><!-- \/ end div  .post-title-holder -->\n\t\t\t\n\t\t<\/div><!-- \/ end div  .blog-head-line -->  \n\n\n\t\t\n\n\n\t\t \n\n\t\t<!-- space --> \n\n\t\t\n<p>F\u00e9licitations au Dr Alan Batt et \u00e0 l&#8217;\u00e9quipe qui a \u00e9labor\u00e9 la norme professionnelle nationale PAC\/CSA pour les ambulanciers param\u00e9dicaux, qui a remport\u00e9 le prix de recherche \u00ab Best of the Best \u00bb lors de la conf\u00e9rence internationale de l&#8217;Australasian College of Paramedicine la semaine derni\u00e8re \u00e0 Melbourne, en Australie. <\/p>\n\n<p>Un panel de juges a consid\u00e9r\u00e9 le #NOSP comme \u00e9tant la recherche de la meilleure qualit\u00e9 pr\u00e9sent\u00e9e lors de la conf\u00e9rence. <\/p>\n\n<p> Merci encore \u00e0 l&#8217;Australasian College pour cette reconnaissance, et \u00e0 toutes les personnes qui ont contribu\u00e9 \u00e0 ce projet.<\/p>\n\n\t<\/section> \n\n<\/article> \n<!-- \/ blog box--><\/div>\n<\/div><div class=\"row\"><div class=\"box one \">\n \n\n<!-- blog box-->\n<article class=\"blog_list loop post-7396 post type-post status-publish format-standard has-post-thumbnail hentry category-non-classifiee\" id=\"post-7396\">\n\n\t\n\n\t<section class=\"article_section with_icon\">\n\t\t\n\t\t<div class=\"blog-head-line clearfix\">    \n\n\t\t\t<div class=\"post-title-holder\">\n\n\t\t\t\t<!-- blog headline-->\n\t\t\t\t<h2><a href=\"https:\/\/paramedic.ca\/fr\/2023\/03\/21\/nosp-definira-la-profession\/\" rel=\"bookmark\">NOSP d\u00e9finira la profession<\/a><\/h2> \n\t\t\t\t<!-- \/ blog headline--> \n \n\t\t\t\t\t\t<!-- meta data -->\r\n\t\t<div class=\"post_data\">\r\n\t\t\t\r\n\t\t\t\t\t\t<!-- date -->\r\n\t\t\t<span class=\"icon-calendar date updated\">March 21, 2023<\/span>\r\n\t\t\t\t\t \t\t\t\r\n\t\t\t\t\t\t\t\r\n\t\t\t\t\t\t\r\n\t\t\t\r\n\t\t<\/div><!-- \/ end div  .post_data -->\r\n\t\r\n\t\t\t<meta itemprop=\"name\" content=\"NOSP d\u00e9finira la profession\">\r\n\t\t\t<meta itemprop=\"datePublished\" content=\"March 21, 2023\">\r\n\t\t\t<meta itemprop=\"url\" content=\"https:\/\/paramedic.ca\/fr\/2023\/03\/21\/nosp-definira-la-profession\/\">\r\n\t\t\t<meta itemprop=\"image\" content=\"https:\/\/paramedic.ca\/wp-content\/uploads\/2023\/03\/nosp-image2.jpg\">\r\n\t\t\t<meta itemprop=\"author\" content=\"Developer\">\r\n\t\t\n\t\t\t<\/div><!-- \/ end div  .post-title-holder -->\n\t\t\t\n\t\t<\/div><!-- \/ end div  .blog-head-line -->  \n\n\n\t\t\t\t\t<div class=\"imgeffect aligncenter\"> \n\t\t\t\t\t<a id=\"lightbox-302782\" class=\"icon-zoom-in lightbox_\" data-group=\"image_7390\" title=\"Enlarge Image\" data-title=\"NOSP d\u00e9finira la profession\" data-description=\"\" data-thumbnail=\"https:\/\/paramedic.ca\/wp-content\/uploads\/2023\/03\/nosp-image2-75x50.jpg\" data-thumbTooltip=\"\" data-scaleUp=\"\" data-href=\"\" data-width=\"\" data-height=\"\" data-flashHasPriority=\"\" data-poster=\"\" data-autoplay=\"\" data-audiotitle=\"\" href=\"https:\/\/paramedic.ca\/wp-content\/uploads\/2023\/03\/nosp-image2.jpg\"><\/a> \n\n\t\t\t\t\t<a href=\"https:\/\/paramedic.ca\/fr\/2023\/03\/21\/nosp-definira-la-profession\/\" class=\"icon-link\" title=\"NOSP d\u00e9finira la profession\" rel=\"bookmark\" ><\/a>\t\n\n\t\t\t\t\t<img decoding=\"async\" src=\"https:\/\/paramedic.ca\/wp-content\/uploads\/2023\/03\/nosp-image2-740x740.jpg\" alt=\"\" class=\"\" \/>\n\t\t\t<\/div>\n\t\t\n\n\t\t<p>l&#8217;APC tient \u00e0 remercier Pierre Poirier, le Dr Batt et les plus de 200 ambulanciers param\u00e9dicaux et autres professionnels de la sant\u00e9 impliqu\u00e9s dans le processus de d\u00e9veloppement pour leurs contributions \u00e0 ce projet. Le NOSP am\u00e9liore non seulement les comp\u00e9tences et les normes d&#8217;\u00e9ducation, il facilite \u00e9galement le cadre de l&#8217;enseignement du baccalaur\u00e9at param\u00e9dical.<\/p>\n\n\t<\/section> \n\n<\/article> \n<!-- \/ blog box--><\/div>\n<\/div><div class=\"row\"><div class=\"box one \">\n \n\n<!-- blog box-->\n<article class=\"blog_list loop post-7395 post type-post status-publish format-standard has-post-thumbnail hentry category-non-classifiee\" id=\"post-7395\">\n\n\t\n\n\t<section class=\"article_section with_icon\">\n\t\t\n\t\t<div class=\"blog-head-line clearfix\">    \n\n\t\t\t<div class=\"post-title-holder\">\n\n\t\t\t\t<!-- blog headline-->\n\t\t\t\t<h2><a href=\"https:\/\/paramedic.ca\/fr\/2023\/03\/21\/le-groupe-de-developpement-se-reunit-a-ottawa-on\/\" rel=\"bookmark\">Le groupe de d\u00e9veloppement se r\u00e9unit \u00e0 Ottawa, ON<\/a><\/h2> \n\t\t\t\t<!-- \/ blog headline--> \n \n\t\t\t\t\t\t<!-- meta data -->\r\n\t\t<div class=\"post_data\">\r\n\t\t\t\r\n\t\t\t\t\t\t<!-- date -->\r\n\t\t\t<span class=\"icon-calendar date updated\">March 21, 2023<\/span>\r\n\t\t\t\t\t \t\t\t\r\n\t\t\t\t\t\t\t\r\n\t\t\t\t\t\t\r\n\t\t\t\r\n\t\t<\/div><!-- \/ end div  .post_data -->\r\n\t\r\n\t\t\t<meta itemprop=\"name\" content=\"Le groupe de d\u00e9veloppement se r\u00e9unit \u00e0 Ottawa, ON\">\r\n\t\t\t<meta itemprop=\"datePublished\" content=\"March 21, 2023\">\r\n\t\t\t<meta itemprop=\"url\" content=\"https:\/\/paramedic.ca\/fr\/2023\/03\/21\/le-groupe-de-developpement-se-reunit-a-ottawa-on\/\">\r\n\t\t\t<meta itemprop=\"image\" content=\"https:\/\/paramedic.ca\/wp-content\/uploads\/2023\/03\/nosp-image1.jpg\">\r\n\t\t\t<meta itemprop=\"author\" content=\"Developer\">\r\n\t\t\n\t\t\t<\/div><!-- \/ end div  .post-title-holder -->\n\t\t\t\n\t\t<\/div><!-- \/ end div  .blog-head-line -->  \n\n\n\t\t\t\t\t<div class=\"imgeffect aligncenter\"> \n\t\t\t\t\t<a id=\"lightbox-390338\" class=\"icon-zoom-in lightbox_\" data-group=\"image_7388\" title=\"Enlarge Image\" data-title=\"Le groupe de d\u00e9veloppement se r\u00e9unit \u00e0 Ottawa, ON\" data-description=\"\" data-thumbnail=\"https:\/\/paramedic.ca\/wp-content\/uploads\/2023\/03\/nosp-image1-75x50.jpg\" data-thumbTooltip=\"\" data-scaleUp=\"\" data-href=\"\" data-width=\"\" data-height=\"\" data-flashHasPriority=\"\" data-poster=\"\" data-autoplay=\"\" data-audiotitle=\"\" href=\"https:\/\/paramedic.ca\/wp-content\/uploads\/2023\/03\/nosp-image1.jpg\"><\/a> \n\n\t\t\t\t\t<a href=\"https:\/\/paramedic.ca\/fr\/2023\/03\/21\/le-groupe-de-developpement-se-reunit-a-ottawa-on\/\" class=\"icon-link\" title=\"Le groupe de d\u00e9veloppement se r\u00e9unit \u00e0 Ottawa, ON\" rel=\"bookmark\" ><\/a>\t\n\n\t\t\t\t\t<img decoding=\"async\" src=\"https:\/\/paramedic.ca\/wp-content\/uploads\/2023\/03\/nosp-image1-740x740.jpg\" alt=\"\" class=\"\" \/>\n\t\t\t<\/div>\n\t\t\n\n\t\t<p>Cette semaine, un atelier de deux jours avec le groupe de d\u00e9veloppement se r\u00e9unit \u00e0 Ottawa, ON. Au cours de cette r\u00e9union, le DG regroupera et regroupera les donn\u00e9es cod\u00e9es (plus de 2 500 entr\u00e9es provenant de 28 sources) et utilisera ces informations pour \u00e9clairer la cr\u00e9ation d&#8217;activit\u00e9s et de comp\u00e9tences pour le NOSP. \u00c0 la suite de cet atelier, le contenu sera soumis au comit\u00e9 technique de la CSA pour examen final et discussion.<\/p>\n\n\t<\/section> \n\n<\/article> \n<!-- \/ blog box--><\/div>\n<\/div><div class=\"row\"><div class=\"box one \">\n \n\n<!-- blog box-->\n<article class=\"blog_list loop post-7378 post type-post status-publish format-standard has-post-thumbnail hentry category-non-classifiee\" id=\"post-7378\">\n\n\t\n\n\t<section class=\"article_section with_icon\">\n\t\t\n\t\t<div class=\"blog-head-line clearfix\">    \n\n\t\t\t<div class=\"post-title-holder\">\n\n\t\t\t\t<!-- blog headline-->\n\t\t\t\t<h2><a href=\"https:\/\/paramedic.ca\/fr\/2023\/03\/01\/modele-en-six-etapes-etape-4\/\" rel=\"bookmark\">Mod\u00e8le en six \u00e9tapes (\u00e9tape 4)<\/a><\/h2> \n\t\t\t\t<!-- \/ blog headline--> \n \n\t\t\t\t\t\t<!-- meta data -->\r\n\t\t<div class=\"post_data\">\r\n\t\t\t\r\n\t\t\t\t\t\t<!-- date -->\r\n\t\t\t<span class=\"icon-calendar date updated\">March 1, 2023<\/span>\r\n\t\t\t\t\t \t\t\t\r\n\t\t\t\t\t\t\t\r\n\t\t\t\t\t\t\r\n\t\t\t\r\n\t\t<\/div><!-- \/ end div  .post_data -->\r\n\t\r\n\t\t\t<meta itemprop=\"name\" content=\"Mod\u00e8le en six \u00e9tapes (\u00e9tape 4)\">\r\n\t\t\t<meta itemprop=\"datePublished\" content=\"March 1, 2023\">\r\n\t\t\t<meta itemprop=\"url\" content=\"https:\/\/paramedic.ca\/fr\/2023\/03\/01\/modele-en-six-etapes-etape-4\/\">\r\n\t\t\t<meta itemprop=\"image\" content=\"https:\/\/paramedic.ca\/wp-content\/uploads\/2023\/02\/NOSP-4.jpg\">\r\n\t\t\t<meta itemprop=\"author\" content=\"Developer\">\r\n\t\t\n\t\t\t<\/div><!-- \/ end div  .post-title-holder -->\n\t\t\t\n\t\t<\/div><!-- \/ end div  .blog-head-line -->  \n\n\n\t\t\t\t\t<div class=\"imgeffect aligncenter\"> \n\t\t\t\t\t<a id=\"lightbox-306310\" class=\"icon-zoom-in lightbox_\" data-group=\"image_7288\" title=\"Enlarge Image\" data-title=\"Mod\u00e8le en six \u00e9tapes (\u00e9tape 4)\" data-description=\"\" data-thumbnail=\"https:\/\/paramedic.ca\/wp-content\/uploads\/2023\/02\/NOSP-4-75x50.jpg\" data-thumbTooltip=\"\" data-scaleUp=\"\" data-href=\"\" data-width=\"\" data-height=\"\" data-flashHasPriority=\"\" data-poster=\"\" data-autoplay=\"\" data-audiotitle=\"\" href=\"https:\/\/paramedic.ca\/wp-content\/uploads\/2023\/02\/NOSP-4.jpg\"><\/a> \n\n\t\t\t\t\t<a href=\"https:\/\/paramedic.ca\/fr\/2023\/03\/01\/modele-en-six-etapes-etape-4\/\" class=\"icon-link\" title=\"Mod\u00e8le en six \u00e9tapes (\u00e9tape 4)\" rel=\"bookmark\" ><\/a>\t\n\n\t\t\t\t\t<img decoding=\"async\" src=\"https:\/\/paramedic.ca\/wp-content\/uploads\/2023\/02\/NOSP-4-740x740.jpg\" alt=\"\" class=\"\" \/>\n\t\t\t<\/div>\n\t\t\n\n\t\t<div>Il a \u00e9t\u00e9 annonc\u00e9 lors de la r\u00e9cente r\u00e9union du conseil d&#8217;administration du l&#8217;APC \u00e0 Toronto que le processus approche de l&#8217;\u00e9tape 5. Le draft&nbsp; document&nbsp; est &nbsp;pr\u00e9vu pour \u00eatre remis au Comit\u00e9 Technique en avril 2023.<\/div>\n\n\t<\/section> \n\n<\/article> \n<!-- \/ blog box--><\/div>\n<\/div><div class=\"row\"><div class=\"box one \">\n \n\n<!-- blog box-->\n<article class=\"blog_list loop post-7377 post type-post status-publish format-standard has-post-thumbnail hentry category-non-classifiee\" id=\"post-7377\">\n\n\t\n\n\t<section class=\"article_section with_icon\">\n\t\t\n\t\t<div class=\"blog-head-line clearfix\">    \n\n\t\t\t<div class=\"post-title-holder\">\n\n\t\t\t\t<!-- blog headline-->\n\t\t\t\t<h2><a href=\"https:\/\/paramedic.ca\/fr\/2023\/03\/01\/developper-des-cadres-de-competences\/\" rel=\"bookmark\">D\u00e9velopper des cadres de comp\u00e9tences<\/a><\/h2> \n\t\t\t\t<!-- \/ blog headline--> \n \n\t\t\t\t\t\t<!-- meta data -->\r\n\t\t<div class=\"post_data\">\r\n\t\t\t\r\n\t\t\t\t\t\t<!-- date -->\r\n\t\t\t<span class=\"icon-calendar date updated\">March 1, 2023<\/span>\r\n\t\t\t\t\t \t\t\t\r\n\t\t\t\t\t\t\t\r\n\t\t\t\t\t\t\r\n\t\t\t\r\n\t\t<\/div><!-- \/ end div  .post_data -->\r\n\t\r\n\t\t\t<meta itemprop=\"name\" content=\"D\u00e9velopper des cadres de comp\u00e9tences\">\r\n\t\t\t<meta itemprop=\"datePublished\" content=\"March 1, 2023\">\r\n\t\t\t<meta itemprop=\"url\" content=\"https:\/\/paramedic.ca\/fr\/2023\/03\/01\/developper-des-cadres-de-competences\/\">\r\n\t\t\t<meta itemprop=\"image\" content=\"https:\/\/paramedic.ca\/wp-content\/uploads\/2023\/02\/NOSP-3.jpg\">\r\n\t\t\t<meta itemprop=\"author\" content=\"Developer\">\r\n\t\t\n\t\t\t<\/div><!-- \/ end div  .post-title-holder -->\n\t\t\t\n\t\t<\/div><!-- \/ end div  .blog-head-line -->  \n\n\n\t\t\t\t\t<div class=\"imgeffect aligncenter\"> \n\t\t\t\t\t<a id=\"lightbox-908610\" class=\"icon-zoom-in lightbox_\" data-group=\"image_7286\" title=\"Enlarge Image\" data-title=\"D\u00e9velopper des cadres de comp\u00e9tences\" data-description=\"\" data-thumbnail=\"https:\/\/paramedic.ca\/wp-content\/uploads\/2023\/02\/NOSP-3-75x50.jpg\" data-thumbTooltip=\"\" data-scaleUp=\"\" data-href=\"\" data-width=\"\" data-height=\"\" data-flashHasPriority=\"\" data-poster=\"\" data-autoplay=\"\" data-audiotitle=\"\" href=\"https:\/\/paramedic.ca\/wp-content\/uploads\/2023\/02\/NOSP-3.jpg\"><\/a> \n\n\t\t\t\t\t<a href=\"https:\/\/paramedic.ca\/fr\/2023\/03\/01\/developper-des-cadres-de-competences\/\" class=\"icon-link\" title=\"D\u00e9velopper des cadres de comp\u00e9tences\" rel=\"bookmark\" ><\/a>\t\n\n\t\t\t\t\t<img decoding=\"async\" src=\"https:\/\/paramedic.ca\/wp-content\/uploads\/2023\/02\/NOSP-3-740x740.jpg\" alt=\"\" class=\"\" \/>\n\t\t\t<\/div>\n\t\t\n\n\t\t<div>Le mod\u00e8le en six \u00e9tapes pour le d\u00e9veloppement de cadres de comp\u00e9tences d\u00e9velopp\u00e9 par le Dr Batt et ses coll\u00e8gues d\u00e9crit le processus de d\u00e9veloppement et les r\u00e9sultats du projet NPNP.<\/div>\n\n\t<\/section> \n\n<\/article> \n<!-- \/ blog box--><\/div>\n<\/div>\t\t\t\t<\/div>\n\t\t\t\t<\/div>\n\t\t\t\t\t<\/div>\n\t\t<\/div>\n\t\t\t\t\t<\/div>\n\t\t<\/section>\n\t\t\t\t<\/div>\n\t\t","protected":false},"excerpt":{"rendered":"<p>PAC has appointed Dr. Alan Batt March 1, 2023 PAC has appointed Dr. Alan Batt, a Professor in the Paramedic Programs at Fanshawe College, Ontario, and Adjunct Senior Lecturer in Paramedicine at Monash University, Australia to lead the NOSP development project on behalf of PAC. Dr. Batt\u2019s research focuses on improving the development of competency [&hellip;]<\/p>\n","protected":false},"author":3,"featured_media":0,"parent":6232,"menu_order":1,"comment_status":"closed","ping_status":"closed","template":"builder-ready-left-sidebar.php","meta":{"footnotes":""},"class_list":["post-6229","page","type-page","status-publish","hentry"],"_links":{"self":[{"href":"https:\/\/paramedic.ca\/fr\/wp-json\/wp\/v2\/pages\/6229","targetHints":{"allow":["GET"]}}],"collection":[{"href":"https:\/\/paramedic.ca\/fr\/wp-json\/wp\/v2\/pages"}],"about":[{"href":"https:\/\/paramedic.ca\/fr\/wp-json\/wp\/v2\/types\/page"}],"author":[{"embeddable":true,"href":"https:\/\/paramedic.ca\/fr\/wp-json\/wp\/v2\/users\/3"}],"replies":[{"embeddable":true,"href":"https:\/\/paramedic.ca\/fr\/wp-json\/wp\/v2\/comments?post=6229"}],"version-history":[{"count":3,"href":"https:\/\/paramedic.ca\/fr\/wp-json\/wp\/v2\/pages\/6229\/revisions"}],"predecessor-version":[{"id":7359,"href":"https:\/\/paramedic.ca\/fr\/wp-json\/wp\/v2\/pages\/6229\/revisions\/7359"}],"up":[{"embeddable":true,"href":"https:\/\/paramedic.ca\/fr\/wp-json\/wp\/v2\/pages\/6232"}],"wp:attachment":[{"href":"https:\/\/paramedic.ca\/fr\/wp-json\/wp\/v2\/media?parent=6229"}],"curies":[{"name":"wp","href":"https:\/\/api.w.org\/{rel}","templated":true}]}}