{"id":6223,"date":"2022-06-27T11:14:41","date_gmt":"2022-06-27T11:14:41","guid":{"rendered":"https:\/\/paramedic.ca\/a-propos-de-lapc\/structure-lapc\/"},"modified":"2024-09-25T15:20:07","modified_gmt":"2024-09-25T15:20:07","slug":"structure-lapc","status":"publish","type":"page","link":"https:\/\/paramedic.ca\/fr\/a-propos-de-lapc\/structure-lapc\/","title":{"rendered":"Structure l&#8217;APC"},"content":{"rendered":"\t\t<div data-elementor-type=\"wp-page\" data-elementor-id=\"6223\" class=\"elementor elementor-6223 elementor-4395\">\n\t\t\t\t\t\t<section class=\"elementor-section elementor-top-section elementor-element elementor-element-9dcb493 elementor-section-full_width elementor-section-height-default elementor-section-height-default default-style\" data-id=\"9dcb493\" data-element_type=\"section\" data-settings=\"{&quot;rt_color_sets&quot;:&quot;default-style&quot;}\">\n\t\t\t\t\t\t<div class=\"elementor-container elementor-column-gap-default\">\n\t\t\t\t\t<div class=\"elementor-column elementor-col-100 elementor-top-column elementor-element elementor-element-fc9aa98\" data-id=\"fc9aa98\" data-element_type=\"column\">\n\t\t\t<div class=\"elementor-widget-wrap elementor-element-populated\">\n\t\t\t\t\t\t<div class=\"elementor-element elementor-element-5e995e7 elementor-widget elementor-widget-rt-sub-header\" data-id=\"5e995e7\" data-element_type=\"widget\" data-widget_type=\"rt-sub-header.default\">\n\t\t\t\t<div class=\"elementor-widget-container\">\n\t\t\t\t\t<section class=\"top_content clearfix\"><section class=\"info_bar clearfix \"><section class=\"heading\"><h1><\/h1><\/section> <section class=\"breadcrumb\"> <ol vocab=\"http:\/\/schema.org\/\" typeof=\"BreadcrumbList\">\n<li property=\"itemListElement\" typeof=\"ListItem\">\n<a property=\"item\" typeof=\"WebPage\" class=\"icon-home\" href=\"https:\/\/paramedic.ca\/fr\/\"><span property=\"name\">Home<\/span><\/a>\n<meta property=\"position\" content=\"1\"><\/li>\n <span class=\"icon-angle-right\"><\/span> <\/ol>\n <\/section><\/section><\/section>\t\t\t\t<\/div>\n\t\t\t\t<\/div>\n\t\t\t\t\t<\/div>\n\t\t<\/div>\n\t\t\t\t\t<\/div>\n\t\t<\/section>\n\t\t\t\t<section class=\"elementor-section elementor-top-section elementor-element elementor-element-35a2357 elementor-section-boxed elementor-section-height-default elementor-section-height-default default-style\" data-id=\"35a2357\" data-element_type=\"section\" data-settings=\"{&quot;rt_color_sets&quot;:&quot;default-style&quot;}\">\n\t\t\t\t\t\t<div class=\"elementor-container elementor-column-gap-default\">\n\t\t\t\t\t<div class=\"elementor-column elementor-col-100 elementor-top-column elementor-element elementor-element-7c9433c\" data-id=\"7c9433c\" data-element_type=\"column\">\n\t\t\t<div class=\"elementor-widget-wrap elementor-element-populated\">\n\t\t\t\t\t\t<div class=\"elementor-element elementor-element-6253272 elementor-widget elementor-widget-heading\" data-id=\"6253272\" data-element_type=\"widget\" data-widget_type=\"heading.default\">\n\t\t\t\t<div class=\"elementor-widget-container\">\n\t\t\t\t\t<h1 class=\"elementor-heading-title elementor-size-default\">Votre ex\u00e9cutif et votre conseil d'administration<\/h1>\t\t\t\t<\/div>\n\t\t\t\t<\/div>\n\t\t\t\t<div class=\"elementor-element elementor-element-1ec26a5 elementor-widget elementor-widget-text-editor\" data-id=\"1ec26a5\" data-element_type=\"widget\" data-widget_type=\"text-editor.default\">\n\t\t\t\t<div class=\"elementor-widget-container\">\n\t\t\t\t\t\t\t\t\t<p>Voici une ventilation des postes et des personnes impliqu\u00e9es dans l&#8217;Association des param\u00e9dics du Canada. Il y a toujours d&#8217;autres personnes dans les coulisses qui peuvent ne pas \u00eatre reconnues ici pour leur contribution. Leur apport est n\u00e9anmoins inestimable pour l&#8217;association.<\/p>\n\t\t\t\t\t\t\t\t<\/div>\n\t\t\t\t<\/div>\n\t\t\t\t\t<\/div>\n\t\t<\/div>\n\t\t\t\t\t<\/div>\n\t\t<\/section>\n\t\t\t\t<section class=\"elementor-section elementor-top-section elementor-element elementor-element-f6638e0 elementor-section-boxed elementor-section-height-default elementor-section-height-default default-style\" data-id=\"f6638e0\" data-element_type=\"section\" data-settings=\"{&quot;rt_color_sets&quot;:&quot;default-style&quot;}\">\n\t\t\t\t\t\t<div class=\"elementor-container elementor-column-gap-default\">\n\t\t\t\t\t<div class=\"elementor-column elementor-col-100 elementor-top-column elementor-element elementor-element-dceb7e6\" data-id=\"dceb7e6\" data-element_type=\"column\">\n\t\t\t<div class=\"elementor-widget-wrap elementor-element-populated\">\n\t\t\t\t\t\t<div class=\"elementor-element elementor-element-fd40d26 elementor-widget elementor-widget-wpb-heading\" data-id=\"fd40d26\" data-element_type=\"widget\" data-widget_type=\"wpb-heading.default\">\n\t\t\t\t<div class=\"elementor-widget-container\">\n\t\t\t\t\t<h2 class=\"wpbits-heading\"><span>EX\u00c9CUTIF<em>  l'APC<\/em><\/span><\/h2>\t\t\t\t<\/div>\n\t\t\t\t<\/div>\n\t\t\t\t<div class=\"elementor-element elementor-element-43fee79 elementor-widget elementor-widget-shortcode\" data-id=\"43fee79\" data-element_type=\"widget\" data-widget_type=\"shortcode.default\">\n\t\t\t\t<div class=\"elementor-widget-container\">\n\t\t\t\t\t\t\t<div class=\"elementor-shortcode\"><hr class=\"style-six margin-t0 margin-b0 \"  data-rt-animate=\"animate\" data-rt-animation-type=\"fadeInDown\" data-rt-animation-group=\"single\" ><\/div>\n\t\t\t\t\t\t<\/div>\n\t\t\t\t<\/div>\n\t\t\t\t<section class=\"elementor-section elementor-inner-section elementor-element elementor-element-4b8f341 elementor-section-boxed elementor-section-height-default elementor-section-height-default default-style\" data-id=\"4b8f341\" data-element_type=\"section\" data-settings=\"{&quot;background_background&quot;:&quot;classic&quot;,&quot;rt_color_sets&quot;:&quot;default-style&quot;}\">\n\t\t\t\t\t\t<div class=\"elementor-container elementor-column-gap-default\">\n\t\t\t\t\t<div class=\"elementor-column elementor-col-50 elementor-inner-column elementor-element elementor-element-52b2ff2\" data-id=\"52b2ff2\" data-element_type=\"column\">\n\t\t\t<div class=\"elementor-widget-wrap elementor-element-populated\">\n\t\t\t\t\t\t<div class=\"elementor-element elementor-element-e4dbdc0 elementor-widget elementor-widget-heading\" data-id=\"e4dbdc0\" data-element_type=\"widget\" data-widget_type=\"heading.default\">\n\t\t\t\t<div class=\"elementor-widget-container\">\n\t\t\t\t\t<h2 class=\"elementor-heading-title elementor-size-default\">PR\u00c9SIDENT<\/h2>\t\t\t\t<\/div>\n\t\t\t\t<\/div>\n\t\t\t\t\t<\/div>\n\t\t<\/div>\n\t\t\t\t<div class=\"elementor-column elementor-col-50 elementor-inner-column elementor-element elementor-element-33f84f0\" data-id=\"33f84f0\" data-element_type=\"column\">\n\t\t\t<div class=\"elementor-widget-wrap elementor-element-populated\">\n\t\t\t\t\t\t<div class=\"elementor-element elementor-element-3702aca elementor-widget elementor-widget-text-editor\" data-id=\"3702aca\" data-element_type=\"widget\" data-widget_type=\"text-editor.default\">\n\t\t\t\t<div class=\"elementor-widget-container\">\n\t\t\t\t\t\t\t\t\t<p style=\"text-align: left;\">DAVE DEINES<\/p>\n\t\t\t\t\t\t\t\t<\/div>\n\t\t\t\t<\/div>\n\t\t\t\t\t<\/div>\n\t\t<\/div>\n\t\t\t\t\t<\/div>\n\t\t<\/section>\n\t\t\t\t<section class=\"elementor-section elementor-inner-section elementor-element elementor-element-c4341ca elementor-section-boxed elementor-section-height-default elementor-section-height-default default-style\" data-id=\"c4341ca\" data-element_type=\"section\" data-settings=\"{&quot;rt_color_sets&quot;:&quot;default-style&quot;}\">\n\t\t\t\t\t\t<div class=\"elementor-container elementor-column-gap-default\">\n\t\t\t\t\t<div class=\"elementor-column elementor-col-50 elementor-inner-column elementor-element elementor-element-c08a3b6\" data-id=\"c08a3b6\" data-element_type=\"column\">\n\t\t\t<div class=\"elementor-widget-wrap elementor-element-populated\">\n\t\t\t\t\t\t<div class=\"elementor-element elementor-element-43c8b9b elementor-widget elementor-widget-heading\" data-id=\"43c8b9b\" data-element_type=\"widget\" data-widget_type=\"heading.default\">\n\t\t\t\t<div class=\"elementor-widget-container\">\n\t\t\t\t\t<h2 class=\"elementor-heading-title elementor-size-default\">SECR\u00c9TAIRE TR\u00c9SORIER<\/h2>\t\t\t\t<\/div>\n\t\t\t\t<\/div>\n\t\t\t\t\t<\/div>\n\t\t<\/div>\n\t\t\t\t<div class=\"elementor-column elementor-col-50 elementor-inner-column elementor-element elementor-element-53e44d6\" data-id=\"53e44d6\" data-element_type=\"column\">\n\t\t\t<div class=\"elementor-widget-wrap elementor-element-populated\">\n\t\t\t\t\t\t<div class=\"elementor-element elementor-element-a8ceabe elementor-widget elementor-widget-text-editor\" data-id=\"a8ceabe\" data-element_type=\"widget\" data-widget_type=\"text-editor.default\">\n\t\t\t\t<div class=\"elementor-widget-container\">\n\t\t\t\t\t\t\t\t\t<p style=\"text-align: left;\">TIM STAIRS<\/p>\n\t\t\t\t\t\t\t\t<\/div>\n\t\t\t\t<\/div>\n\t\t\t\t\t<\/div>\n\t\t<\/div>\n\t\t\t\t\t<\/div>\n\t\t<\/section>\n\t\t\t\t<section class=\"elementor-section elementor-inner-section elementor-element elementor-element-e59556d elementor-section-boxed elementor-section-height-default elementor-section-height-default default-style\" data-id=\"e59556d\" data-element_type=\"section\" data-settings=\"{&quot;rt_color_sets&quot;:&quot;default-style&quot;}\">\n\t\t\t\t\t\t<div class=\"elementor-container elementor-column-gap-default\">\n\t\t\t\t\t<div class=\"elementor-column elementor-col-50 elementor-inner-column elementor-element elementor-element-43f57f6\" data-id=\"43f57f6\" data-element_type=\"column\">\n\t\t\t<div class=\"elementor-widget-wrap elementor-element-populated\">\n\t\t\t\t\t\t<div class=\"elementor-element elementor-element-ce44f9a elementor-widget elementor-widget-heading\" data-id=\"ce44f9a\" data-element_type=\"widget\" data-widget_type=\"heading.default\">\n\t\t\t\t<div class=\"elementor-widget-container\">\n\t\t\t\t\t<h2 class=\"elementor-heading-title elementor-size-default\">PR\u00c9SIDENT DU CONSEIL<\/h2>\t\t\t\t<\/div>\n\t\t\t\t<\/div>\n\t\t\t\t\t<\/div>\n\t\t<\/div>\n\t\t\t\t<div class=\"elementor-column elementor-col-50 elementor-inner-column elementor-element elementor-element-56e6111\" data-id=\"56e6111\" data-element_type=\"column\">\n\t\t\t<div class=\"elementor-widget-wrap elementor-element-populated\">\n\t\t\t\t\t\t<div class=\"elementor-element elementor-element-257e3ce elementor-widget elementor-widget-text-editor\" data-id=\"257e3ce\" data-element_type=\"widget\" data-widget_type=\"text-editor.default\">\n\t\t\t\t<div class=\"elementor-widget-container\">\n\t\t\t\t\t\t\t\t\t<p style=\"text-align: left;\">CHAD DROVER<\/p>\t\t\t\t\t\t\t\t<\/div>\n\t\t\t\t<\/div>\n\t\t\t\t\t<\/div>\n\t\t<\/div>\n\t\t\t\t\t<\/div>\n\t\t<\/section>\n\t\t\t\t<section class=\"elementor-section elementor-inner-section elementor-element elementor-element-6f3a5af elementor-section-boxed elementor-section-height-default elementor-section-height-default default-style\" data-id=\"6f3a5af\" data-element_type=\"section\" data-settings=\"{&quot;rt_color_sets&quot;:&quot;default-style&quot;}\">\n\t\t\t\t\t\t<div class=\"elementor-container elementor-column-gap-default\">\n\t\t\t\t\t<div class=\"elementor-column elementor-col-50 elementor-inner-column elementor-element elementor-element-e387653\" data-id=\"e387653\" data-element_type=\"column\">\n\t\t\t<div class=\"elementor-widget-wrap elementor-element-populated\">\n\t\t\t\t\t\t<div class=\"elementor-element elementor-element-f96bbde elementor-widget elementor-widget-heading\" data-id=\"f96bbde\" data-element_type=\"widget\" data-widget_type=\"heading.default\">\n\t\t\t\t<div class=\"elementor-widget-container\">\n\t\t\t\t\t<h2 class=\"elementor-heading-title elementor-size-default\">DIRECTEUR ADMINISTRATIF<\/h2>\t\t\t\t<\/div>\n\t\t\t\t<\/div>\n\t\t\t\t\t<\/div>\n\t\t<\/div>\n\t\t\t\t<div class=\"elementor-column elementor-col-50 elementor-inner-column elementor-element elementor-element-7131fcf\" data-id=\"7131fcf\" data-element_type=\"column\">\n\t\t\t<div class=\"elementor-widget-wrap elementor-element-populated\">\n\t\t\t\t\t\t<div class=\"elementor-element elementor-element-865a525 elementor-widget elementor-widget-text-editor\" data-id=\"865a525\" data-element_type=\"widget\" data-widget_type=\"text-editor.default\">\n\t\t\t\t<div class=\"elementor-widget-container\">\n\t\t\t\t\t\t\t\t\t<p style=\"text-align: left;\">LINDSAY KELLOSALMI<\/p>\n\t\t\t\t\t\t\t\t<\/div>\n\t\t\t\t<\/div>\n\t\t\t\t\t<\/div>\n\t\t<\/div>\n\t\t\t\t\t<\/div>\n\t\t<\/section>\n\t\t\t\t\t<\/div>\n\t\t<\/div>\n\t\t\t\t\t<\/div>\n\t\t<\/section>\n\t\t\t\t<section class=\"elementor-section elementor-top-section elementor-element elementor-element-9e4b6de elementor-section-boxed elementor-section-height-default elementor-section-height-default default-style\" data-id=\"9e4b6de\" data-element_type=\"section\" data-settings=\"{&quot;background_background&quot;:&quot;classic&quot;,&quot;rt_color_sets&quot;:&quot;default-style&quot;}\">\n\t\t\t\t\t\t<div class=\"elementor-container elementor-column-gap-default\">\n\t\t\t\t\t<div class=\"elementor-column elementor-col-100 elementor-top-column elementor-element elementor-element-49e6e45\" data-id=\"49e6e45\" data-element_type=\"column\">\n\t\t\t<div class=\"elementor-widget-wrap elementor-element-populated\">\n\t\t\t\t\t\t<div class=\"elementor-element elementor-element-04d38ba elementor-widget elementor-widget-wpb-heading\" data-id=\"04d38ba\" data-element_type=\"widget\" data-widget_type=\"wpb-heading.default\">\n\t\t\t\t<div class=\"elementor-widget-container\">\n\t\t\t\t\t<h2 class=\"wpbits-heading\"><span>CONSEIL DE <em>\nADMINISTRATEURS<\/em> <\/span><\/h2>\t\t\t\t<\/div>\n\t\t\t\t<\/div>\n\t\t\t\t<div class=\"elementor-element elementor-element-c5eb0f1 elementor-widget elementor-widget-shortcode\" data-id=\"c5eb0f1\" data-element_type=\"widget\" data-widget_type=\"shortcode.default\">\n\t\t\t\t<div class=\"elementor-widget-container\">\n\t\t\t\t\t\t\t<div class=\"elementor-shortcode\"><hr class=\"style-six margin-t0 margin-b0 \"  data-rt-animate=\"animate\" data-rt-animation-type=\"fadeInDown\" data-rt-animation-group=\"single\" ><\/div>\n\t\t\t\t\t\t<\/div>\n\t\t\t\t<\/div>\n\t\t\t\t<div class=\"elementor-element elementor-element-6e68697 elementor-widget elementor-widget-text-editor\" data-id=\"6e68697\" data-element_type=\"widget\" data-widget_type=\"text-editor.default\">\n\t\t\t\t<div class=\"elementor-widget-container\">\n\t\t\t\t\t\t\t\t\t<p>Le conseil d&#8217;administration est compos\u00e9 de 14 membres au maximum ; 13 administrateurs et un pr\u00e9sident qui sera le pr\u00e9sident ou son repr\u00e9sentant de chaque chapitre provincial ou territorial.<\/p>\n\t\t\t\t\t\t\t\t<\/div>\n\t\t\t\t<\/div>\n\t\t\t\t<div class=\"elementor-element elementor-element-92e256d elementor-widget elementor-widget-text-editor\" data-id=\"92e256d\" data-element_type=\"widget\" data-widget_type=\"text-editor.default\">\n\t\t\t\t<div class=\"elementor-widget-container\">\n\t\t\t\t\t\t\t\t\t<p>Jason Jackson &#8211; Ambulanciers Param\u00e9dicaux de la Colombie-Britannique <br \/>Jennifer Larre &#8211; Chefs Des Services Param\u00e9dics de la Saskatchewan <br \/>Brent Bekiaris &#8211; Association Des Param\u00e9dics du Manitoba <br \/>Darryl Wilton &#8211; Association Des Param\u00e9dics de l&#8217;Ontario <br \/>Joey Ouellet &#8211; Corporation Des Param\u00e9dics Du Qu\u00e9bec <br \/>Tyler Graves &#8211; Association Des Param\u00e9dics de l&#8217;\u00ce.-P.-\u00c9. <br \/>Rodney Gaudet &#8211; Association Des Param\u00e9dics de T.-N.-L. et du Labrador <br \/>Chad Drover &#8211; Association Des Param\u00e9dics professionnels de la Nouvelle-\u00c9cosse<br \/>Becky Donelon &#8211; Section Canadienne des \u00c9ducateurs Des Param\u00e9dicaux<\/p>\t\t\t\t\t\t\t\t<\/div>\n\t\t\t\t<\/div>\n\t\t\t\t<div class=\"elementor-element elementor-element-961b619 elementor-widget elementor-widget-wpb-heading\" data-id=\"961b619\" data-element_type=\"widget\" data-widget_type=\"wpb-heading.default\">\n\t\t\t\t<div class=\"elementor-widget-container\">\n\t\t\t\t\t<h2 class=\"wpbits-heading\"><span>CONSEILLERS &amp; <em>\nPR\u00c9SIDENTS<\/em> <\/span><\/h2>\t\t\t\t<\/div>\n\t\t\t\t<\/div>\n\t\t\t\t<div class=\"elementor-element elementor-element-c40d18e elementor-widget elementor-widget-shortcode\" data-id=\"c40d18e\" data-element_type=\"widget\" data-widget_type=\"shortcode.default\">\n\t\t\t\t<div class=\"elementor-widget-container\">\n\t\t\t\t\t\t\t<div class=\"elementor-shortcode\"><hr class=\"style-six margin-t0 margin-b0 \"  data-rt-animate=\"animate\" data-rt-animation-type=\"fadeInDown\" data-rt-animation-group=\"single\" ><\/div>\n\t\t\t\t\t\t<\/div>\n\t\t\t\t<\/div>\n\t\t\t\t<div class=\"elementor-element elementor-element-946fb74 elementor-widget elementor-widget-text-editor\" data-id=\"946fb74\" data-element_type=\"widget\" data-widget_type=\"text-editor.default\">\n\t\t\t\t<div class=\"elementor-widget-container\">\n\t\t\t\t\t\t\t\t\t<p>Grant Ross &#8211; Comit\u00e9 de bienfaisance<br>Pierre Poirier &#8211; Directeur Recherche, Normes et Relations gouvernementales<br>Tim Stairs &#8211; Param\u00e9decine au Canada<br>Grant Ross &#8211; R\u00e8glements<br>Poste vacant &#8211; Formation continue<br>Vacant &#8211; Pr\u00e9sident du comit\u00e9 de recherche l&#8217;APC<br>Tom Zajac &#8211; Prix<br>Adjum S\u00e9bastien Morin (JS) &#8211; Minist\u00e8re de la D\u00e9fense Nationale et Des Forces Canadiennes&nbsp;<\/p>\t\t\t\t\t\t\t\t<\/div>\n\t\t\t\t<\/div>\n\t\t\t\t\t<\/div>\n\t\t<\/div>\n\t\t\t\t\t<\/div>\n\t\t<\/section>\n\t\t\t\t<\/div>\n\t\t","protected":false},"excerpt":{"rendered":"<p>Home Votre ex\u00e9cutif et votre conseil d&#8217;administration Voici une ventilation des postes et des personnes impliqu\u00e9es dans l&#8217;Association des param\u00e9dics du Canada. Il y a toujours d&#8217;autres personnes dans les coulisses qui peuvent ne pas \u00eatre reconnues ici pour leur contribution. Leur apport est n\u00e9anmoins inestimable pour l&#8217;association. EX\u00c9CUTIF l&#8217;APC PR\u00c9SIDENT DAVE DEINES SECR\u00c9TAIRE TR\u00c9SORIER [&hellip;]<\/p>\n","protected":false},"author":3,"featured_media":0,"parent":6181,"menu_order":0,"comment_status":"closed","ping_status":"closed","template":"builder-ready.php","meta":{"footnotes":""},"class_list":["post-6223","page","type-page","status-publish","hentry"],"_links":{"self":[{"href":"https:\/\/paramedic.ca\/fr\/wp-json\/wp\/v2\/pages\/6223","targetHints":{"allow":["GET"]}}],"collection":[{"href":"https:\/\/paramedic.ca\/fr\/wp-json\/wp\/v2\/pages"}],"about":[{"href":"https:\/\/paramedic.ca\/fr\/wp-json\/wp\/v2\/types\/page"}],"author":[{"embeddable":true,"href":"https:\/\/paramedic.ca\/fr\/wp-json\/wp\/v2\/users\/3"}],"replies":[{"embeddable":true,"href":"https:\/\/paramedic.ca\/fr\/wp-json\/wp\/v2\/comments?post=6223"}],"version-history":[{"count":16,"href":"https:\/\/paramedic.ca\/fr\/wp-json\/wp\/v2\/pages\/6223\/revisions"}],"predecessor-version":[{"id":8909,"href":"https:\/\/paramedic.ca\/fr\/wp-json\/wp\/v2\/pages\/6223\/revisions\/8909"}],"up":[{"embeddable":true,"href":"https:\/\/paramedic.ca\/fr\/wp-json\/wp\/v2\/pages\/6181"}],"wp:attachment":[{"href":"https:\/\/paramedic.ca\/fr\/wp-json\/wp\/v2\/media?parent=6223"}],"curies":[{"name":"wp","href":"https:\/\/api.w.org\/{rel}","templated":true}]}}