{"id":6205,"date":"2022-07-10T11:21:57","date_gmt":"2022-07-10T11:21:57","guid":{"rendered":"https:\/\/paramedic.ca\/a-propos-de-lapc\/histoire-de-lapc\/"},"modified":"2022-10-25T17:08:12","modified_gmt":"2022-10-25T17:08:12","slug":"histoire-de-lapc","status":"publish","type":"page","link":"https:\/\/paramedic.ca\/fr\/a-propos-de-lapc\/histoire-de-lapc\/","title":{"rendered":"Histoire de l\u2019APC"},"content":{"rendered":"\t\t<div data-elementor-type=\"wp-page\" data-elementor-id=\"6205\" class=\"elementor elementor-6205 elementor-4672\">\n\t\t\t\t\t\t<section class=\"elementor-section elementor-top-section elementor-element elementor-element-f435004 elementor-section-boxed elementor-section-height-default elementor-section-height-default default-style\" data-id=\"f435004\" data-element_type=\"section\" data-settings=\"{&quot;rt_color_sets&quot;:&quot;default-style&quot;}\">\n\t\t\t\t\t\t<div class=\"elementor-container elementor-column-gap-default\">\n\t\t\t\t\t<div class=\"elementor-column elementor-col-100 elementor-top-column elementor-element elementor-element-718db21\" data-id=\"718db21\" data-element_type=\"column\">\n\t\t\t<div class=\"elementor-widget-wrap elementor-element-populated\">\n\t\t\t\t\t\t<div class=\"elementor-element elementor-element-bdd5abc elementor-widget elementor-widget-wpb-heading\" data-id=\"bdd5abc\" data-element_type=\"widget\" data-widget_type=\"wpb-heading.default\">\n\t\t\t\t<div class=\"elementor-widget-container\">\n\t\t\t\t\t<h2 class=\"wpbits-heading\"><span>HISTOIRE DE L'ASSOCIATION DES PARAM\u00c9DICS DU CANADA<\/span><\/h2>\t\t\t\t<\/div>\n\t\t\t\t<\/div>\n\t\t\t\t<div class=\"elementor-element elementor-element-4878280 elementor-widget elementor-widget-text-editor\" data-id=\"4878280\" data-element_type=\"widget\" data-widget_type=\"text-editor.default\">\n\t\t\t\t<div class=\"elementor-widget-container\">\n\t\t\t\t\t\t\t\t\t<div class=\"col-sm-7 col-xs-12 col-xs-12\">\n<div id=\"content\">L\u2019Association des param\u00e9dicaux du Canada (APC), appel\u00e9e \u00e0 l\u2019origine Soci\u00e9t\u00e9 Canadienne de personnel ambulancier (SCPA), est la seule organisation AMU du Canada de praticiens hospitaliers. L\u2019association existe depuis 1984 et est actuellement compos\u00e9e de plus de 14 000 praticiens situ\u00e9s dans les chapitres divisionnaires suivants: Colombie-Britannique, Manitoba, Ontario, Qu\u00e9bec, Nouveau-Brunswick, \u00eele du Prince \u00c9douard, Terre-Neuve et Labrador et les Forces arm\u00e9es canadiennes.<\/div>\n<\/div>\n\t\t\t\t\t\t\t\t<\/div>\n\t\t\t\t<\/div>\n\t\t\t\t<div class=\"elementor-element elementor-element-35450d55 elementor-widget elementor-widget-wpb-timeline\" data-id=\"35450d55\" data-element_type=\"widget\" data-widget_type=\"wpb-timeline.default\">\n\t\t\t\t<div class=\"elementor-widget-container\">\n\t\t\t\t\t\n\t\t\t\t<div class=\"wpbits-afe-timeline wpbits-afe-timeline-indicator-center wpbits-afe-timeline-orientation-odd line-center\">\n\t\t\t\t\t<ul>\n\t\t\t\t\t\t\n\t\t\t\t\t\t\t\t<li>\n\t\t\t\t\t\t\t\t\t<div class=\"wpbits-afe-timeline-content\">\n\t\t\t\t\t\t\t\t\t\t<figure class=\"wpbits-afe-timeline-content-image\"><\/figure>\n\t\t\t\t\t\t\t\t\t\t\n\t\t\t\t\t\t\t\t\t\t<div class=\"wpbits-afe-timeline-content-desc\"><p>La Soci\u00e9t\u00e9 Canadienne du Personnel Ambulancier (SCPA) est la seule organisation SMU de praticiens pr\u00e9hospitaliers au Canada.<\/p><\/div>\n\t\t\t\t\t\t\t\t\t<\/div>\n\t\t\t\t\t\t\t\t\t<div class=\"wpbits-afe-timeline-indicator\"><\/div>\n\t\t\t\t\t\t\t\t\t\t<div class=\"wpbits-afe-timeline-date\"><span class=\"date-1\">JANVIER 1984<\/span><\/div>\n\t\t\t\t\t\t\t\t<\/li>\t\t\t\t\t\n\t\t\t\t\t\t\t\t\n\t\t\t\t\t\t\t\t<li>\n\t\t\t\t\t\t\t\t\t<div class=\"wpbits-afe-timeline-content\">\n\t\t\t\t\t\t\t\t\t\t<figure class=\"wpbits-afe-timeline-content-image\"><\/figure>\n\t\t\t\t\t\t\t\t\t\t\n\t\t\t\t\t\t\t\t\t\t<div class=\"wpbits-afe-timeline-content-desc\"><p>Le concept de mobilit\u00e9 de la main-d&#8217;\u0153uvre, tel qu&#8217;il s&#8217;applique \u00e0 la param\u00e9decine, a \u00e9t\u00e9 fond\u00e9 dans des ententes interprovinciales<\/p><\/div>\n\t\t\t\t\t\t\t\t\t<\/div>\n\t\t\t\t\t\t\t\t\t<div class=\"wpbits-afe-timeline-indicator\"><\/div>\n\t\t\t\t\t\t\t\t\t\t<div class=\"wpbits-afe-timeline-date\"><span class=\"date-1\">JUIN 1999<\/span><\/div>\n\t\t\t\t\t\t\t\t<\/li>\t\t\t\t\t\n\t\t\t\t\t\t\t\t\n\t\t\t\t\t\t\t\t<li>\n\t\t\t\t\t\t\t\t\t<div class=\"wpbits-afe-timeline-content\">\n\t\t\t\t\t\t\t\t\t\t<figure class=\"wpbits-afe-timeline-content-image\"><\/figure>\n\t\t\t\t\t\t\t\t\t\t\n\t\t\t\t\t\t\t\t\t\t<div class=\"wpbits-afe-timeline-content-desc\"><p>L&#8217;Association des Param\u00e9dics du Canada (APC) a pr\u00e9sent\u00e9 le Profil national des comp\u00e9tences professionnelles des param\u00e9dics ainsi que les titres professionnels<\/p><\/div>\n\t\t\t\t\t\t\t\t\t<\/div>\n\t\t\t\t\t\t\t\t\t<div class=\"wpbits-afe-timeline-indicator\"><\/div>\n\t\t\t\t\t\t\t\t\t\t<div class=\"wpbits-afe-timeline-date\"><span class=\"date-1\">MARS 2000<\/span><\/div>\n\t\t\t\t\t\t\t\t<\/li>\t\t\t\t\t\n\t\t\t\t\t\t\t\t\n\t\t\t\t\t\t\t\t<li>\n\t\t\t\t\t\t\t\t\t<div class=\"wpbits-afe-timeline-content\">\n\t\t\t\t\t\t\t\t\t\t<figure class=\"wpbits-afe-timeline-content-image\"><\/figure>\n\t\t\t\t\t\t\t\t\t\t\n\t\t\t\t\t\t\t\t\t\t<div class=\"wpbits-afe-timeline-content-desc\"><p>Le processus d&#8217;examen d&#8217;un nouveau Profil national des comp\u00e9tences professionnelles pour les param\u00e9dics a commenc\u00e9<\/p><\/div>\n\t\t\t\t\t\t\t\t\t<\/div>\n\t\t\t\t\t\t\t\t\t<div class=\"wpbits-afe-timeline-indicator\"><\/div>\n\t\t\t\t\t\t\t\t\t\t<div class=\"wpbits-afe-timeline-date\"><span class=\"date-1\">2006<\/span><\/div>\n\t\t\t\t\t\t\t\t<\/li>\t\t\t\t\t\n\t\t\t\t\t\t\t\t\n\t\t\t\t\t\t\t\t<li>\n\t\t\t\t\t\t\t\t\t<div class=\"wpbits-afe-timeline-content\">\n\t\t\t\t\t\t\t\t\t\t<figure class=\"wpbits-afe-timeline-content-image\"><\/figure>\n\t\t\t\t\t\t\t\t\t\t\n\t\t\t\t\t\t\t\t\t\t<div class=\"wpbits-afe-timeline-content-desc\"><p>Avec l&#8217;appui de Ressources humaines et D\u00e9veloppement des comp\u00e9tences Canada, plusieurs organismes de r\u00e9glementation provinciaux se sont r\u00e9unis pour cr\u00e9er un organisme national d&#8217;organismes de r\u00e9glementation param\u00e9dicaux afin d&#8217;aborder les normes nationales dans le contexte de la mobilit\u00e9 de la main-d&#8217;\u0153uvre.<\/p><\/div>\n\t\t\t\t\t\t\t\t\t<\/div>\n\t\t\t\t\t\t\t\t\t<div class=\"wpbits-afe-timeline-indicator\"><\/div>\n\t\t\t\t\t\t\t\t\t\t<div class=\"wpbits-afe-timeline-date\"><span class=\"date-1\">2008<\/span><\/div>\n\t\t\t\t\t\t\t\t<\/li>\t\t\t\t\t\n\t\t\t\t\t\t\t\t\n\t\t\t\t\t\t\t\t<li>\n\t\t\t\t\t\t\t\t\t<div class=\"wpbits-afe-timeline-content\">\n\t\t\t\t\t\t\t\t\t\t<figure class=\"wpbits-afe-timeline-content-image\"><\/figure>\n\t\t\t\t\t\t\t\t\t\t\n\t\t\t\t\t\t\t\t\t\t<div class=\"wpbits-afe-timeline-content-desc\"><p>L&#8217;Organisation Canadienne des Organismes de R\u00e9glementation des services param\u00e9dic a \u00e9t\u00e9 cr\u00e9\u00e9e<\/p><\/div>\n\t\t\t\t\t\t\t\t\t<\/div>\n\t\t\t\t\t\t\t\t\t<div class=\"wpbits-afe-timeline-indicator\"><\/div>\n\t\t\t\t\t\t\t\t\t\t<div class=\"wpbits-afe-timeline-date\"><span class=\"date-1\">2009<\/span><\/div>\n\t\t\t\t\t\t\t\t<\/li>\t\t\t\t\t\n\t\t\t\t\t\t\t\t\n\t\t\t\t\t\t\t\t<li>\n\t\t\t\t\t\t\t\t\t<div class=\"wpbits-afe-timeline-content\">\n\t\t\t\t\t\t\t\t\t\t<figure class=\"wpbits-afe-timeline-content-image\"><\/figure>\n\t\t\t\t\t\t\t\t\t\t\n\t\t\t\t\t\t\t\t\t\t<div class=\"wpbits-afe-timeline-content-desc\"><p>L&#8217;Organisation Canadienne des Organismes de R\u00e9glementation param\u00e9dic et l&#8217;Association des Param\u00e9dics du Canada adopteront le Profil national des comp\u00e9tences professionnelles 2011<\/p><\/div>\n\t\t\t\t\t\t\t\t\t<\/div>\n\t\t\t\t\t\t\t\t\t<div class=\"wpbits-afe-timeline-indicator\"><\/div>\n\t\t\t\t\t\t\t\t\t\t<div class=\"wpbits-afe-timeline-date\"><span class=\"date-1\">2011<\/span><\/div>\n\t\t\t\t\t\t\t\t<\/li>\t\t\t\t\t\n\t\t\t\t\t\t\t\t\n\t\t\t\t\t\t\t\t<li>\n\t\t\t\t\t\t\t\t\t<div class=\"wpbits-afe-timeline-content\">\n\t\t\t\t\t\t\t\t\t\t<figure class=\"wpbits-afe-timeline-content-image\"><\/figure>\n\t\t\t\t\t\t\t\t\t\t\n\t\t\t\t\t\t\t\t\t\t<div class=\"wpbits-afe-timeline-content-desc\"><p>Pour la premi\u00e8re fois dans le domaine de la param\u00e9decine, il existe une perspective nationale repr\u00e9sentant l&#8217;\u00e9ducation, la r\u00e9glementation, les op\u00e9rations et la pratique professionnelle<\/p><\/div>\n\t\t\t\t\t\t\t\t\t<\/div>\n\t\t\t\t\t\t\t\t\t<div class=\"wpbits-afe-timeline-indicator\"><\/div>\n\t\t\t\t\t\t\t\t\t\t<div class=\"wpbits-afe-timeline-date\"><span class=\"date-1\">AUJOURD&#039;HUI<\/span><\/div>\n\t\t\t\t\t\t\t\t<\/li>\t\t\t\t\t\n\t\t\t\t\t\t\t\t \n\t\t\t\t\t<\/ul>\n\n\t\t\t\t<\/div>\n        \t\t\t\t<\/div>\n\t\t\t\t<\/div>\n\t\t\t\t\t<\/div>\n\t\t<\/div>\n\t\t\t\t\t<\/div>\n\t\t<\/section>\n\t\t\t\t<section class=\"elementor-section elementor-top-section elementor-element elementor-element-f831d06 elementor-section-boxed elementor-section-height-default elementor-section-height-default default-style\" data-id=\"f831d06\" data-element_type=\"section\" data-settings=\"{&quot;rt_color_sets&quot;:&quot;default-style&quot;}\">\n\t\t\t\t\t\t<div class=\"elementor-container elementor-column-gap-default\">\n\t\t\t\t\t<div class=\"elementor-column elementor-col-100 elementor-top-column elementor-element elementor-element-a71ccf1\" data-id=\"a71ccf1\" data-element_type=\"column\">\n\t\t\t<div class=\"elementor-widget-wrap elementor-element-populated\">\n\t\t\t\t\t\t<section class=\"elementor-section elementor-inner-section elementor-element elementor-element-871c5d2 elementor-section-boxed elementor-section-height-default elementor-section-height-default default-style\" data-id=\"871c5d2\" data-element_type=\"section\" data-settings=\"{&quot;rt_color_sets&quot;:&quot;default-style&quot;}\">\n\t\t\t\t\t\t<div class=\"elementor-container elementor-column-gap-default\">\n\t\t\t\t\t<div class=\"elementor-column elementor-col-50 elementor-inner-column elementor-element elementor-element-a0d4d26\" data-id=\"a0d4d26\" data-element_type=\"column\">\n\t\t\t<div class=\"elementor-widget-wrap elementor-element-populated\">\n\t\t\t\t\t\t<div class=\"elementor-element elementor-element-011352a elementor-widget elementor-widget-text-editor\" data-id=\"011352a\" data-element_type=\"widget\" data-widget_type=\"text-editor.default\">\n\t\t\t\t<div class=\"elementor-widget-container\">\n\t\t\t\t\t\t\t\t\t<p><em>&#8220;PAC s&#8217;engage \u00e0 diriger la profession param\u00e9dicale, gr\u00e2ce \u00e0 un esprit de collaboration, un engagement envers la vision et un leadership fort. Nous ferons preuve d&#8217;honn\u00eatet\u00e9, d&#8217;int\u00e9grit\u00e9 et de transparence dans nos affaires, rendrons des comptes aux chapitres et repr\u00e9senterons \u00e9quitablement les param\u00e9dics avec un Nous nous engageons \u00e0 renouveler le Profil national des comp\u00e9tences professionnelles (PNCP), \u00e0 \u00e9laborer un examen national et \u00e0 cr\u00e9er un registre national.&#8221;<\/em><\/p>\t\t\t\t\t\t\t\t<\/div>\n\t\t\t\t<\/div>\n\t\t\t\t\t<\/div>\n\t\t<\/div>\n\t\t\t\t<div class=\"elementor-column elementor-col-50 elementor-inner-column elementor-element elementor-element-62b5779\" data-id=\"62b5779\" data-element_type=\"column\">\n\t\t\t<div class=\"elementor-widget-wrap elementor-element-populated\">\n\t\t\t\t\t\t<div class=\"elementor-element elementor-element-5880297 elementor-view-default elementor-widget elementor-widget-icon\" data-id=\"5880297\" data-element_type=\"widget\" data-widget_type=\"icon.default\">\n\t\t\t\t<div class=\"elementor-widget-container\">\n\t\t\t\t\t\t\t<div class=\"elementor-icon-wrapper\">\n\t\t\t<div class=\"elementor-icon\">\n\t\t\t<i aria-hidden=\"true\" class=\"fas fa-quote-right\"><\/i>\t\t\t<\/div>\n\t\t<\/div>\n\t\t\t\t\t\t<\/div>\n\t\t\t\t<\/div>\n\t\t\t\t\t<\/div>\n\t\t<\/div>\n\t\t\t\t\t<\/div>\n\t\t<\/section>\n\t\t\t\t\t<\/div>\n\t\t<\/div>\n\t\t\t\t\t<\/div>\n\t\t<\/section>\n\t\t\t\t<\/div>\n\t\t","protected":false},"excerpt":{"rendered":"<p>HISTOIRE DE L&#8217;ASSOCIATION DES PARAM\u00c9DICS DU CANADA L\u2019Association des param\u00e9dicaux du Canada (APC), appel\u00e9e \u00e0 l\u2019origine Soci\u00e9t\u00e9 Canadienne de personnel ambulancier (SCPA), est la seule organisation AMU du Canada de praticiens hospitaliers. L\u2019association existe depuis 1984 et est actuellement compos\u00e9e de plus de 14 000 praticiens situ\u00e9s dans les chapitres divisionnaires suivants: Colombie-Britannique, Manitoba, Ontario, [&hellip;]<\/p>\n","protected":false},"author":3,"featured_media":0,"parent":6181,"menu_order":2,"comment_status":"closed","ping_status":"closed","template":"elementor_header_footer","meta":{"footnotes":""},"class_list":["post-6205","page","type-page","status-publish","hentry"],"_links":{"self":[{"href":"https:\/\/paramedic.ca\/fr\/wp-json\/wp\/v2\/pages\/6205","targetHints":{"allow":["GET"]}}],"collection":[{"href":"https:\/\/paramedic.ca\/fr\/wp-json\/wp\/v2\/pages"}],"about":[{"href":"https:\/\/paramedic.ca\/fr\/wp-json\/wp\/v2\/types\/page"}],"author":[{"embeddable":true,"href":"https:\/\/paramedic.ca\/fr\/wp-json\/wp\/v2\/users\/3"}],"replies":[{"embeddable":true,"href":"https:\/\/paramedic.ca\/fr\/wp-json\/wp\/v2\/comments?post=6205"}],"version-history":[{"count":10,"href":"https:\/\/paramedic.ca\/fr\/wp-json\/wp\/v2\/pages\/6205\/revisions"}],"predecessor-version":[{"id":6216,"href":"https:\/\/paramedic.ca\/fr\/wp-json\/wp\/v2\/pages\/6205\/revisions\/6216"}],"up":[{"embeddable":true,"href":"https:\/\/paramedic.ca\/fr\/wp-json\/wp\/v2\/pages\/6181"}],"wp:attachment":[{"href":"https:\/\/paramedic.ca\/fr\/wp-json\/wp\/v2\/media?parent=6205"}],"curies":[{"name":"wp","href":"https:\/\/api.w.org\/{rel}","templated":true}]}}