{"id":6181,"date":"2011-09-23T15:15:41","date_gmt":"2011-09-23T15:15:41","guid":{"rendered":"https:\/\/paramedic.ca\/a-propos-de-lapc\/"},"modified":"2024-09-25T12:59:11","modified_gmt":"2024-09-25T12:59:11","slug":"a-propos-de-lapc","status":"publish","type":"page","link":"https:\/\/paramedic.ca\/fr\/a-propos-de-lapc\/","title":{"rendered":"\u00c0 propos de l&#8217;APC"},"content":{"rendered":"\t\t<div data-elementor-type=\"wp-page\" data-elementor-id=\"6181\" class=\"elementor elementor-6181 elementor-862\">\n\t\t\t\t\t\t<section class=\"elementor-section elementor-top-section elementor-element elementor-element-1de174c0 elementor-section-content-middle row-style-1 wpbits-el-parallax-background elementor-section-boxed elementor-section-height-default elementor-section-height-default\" data-id=\"1de174c0\" data-element_type=\"section\" data-settings=\"{&quot;background_background&quot;:&quot;classic&quot;,&quot;rt_color_sets&quot;:&quot;row-style-1&quot;,&quot;wpb_parallax&quot;:&quot;wpbits-el-parallax-background&quot;,&quot;wpb_bg_parallax_effect&quot;:&quot;4&quot;,&quot;wpb_bg_parallax_speed&quot;:&quot;1&quot;}\">\n\t\t\t\t\t\t<div class=\"elementor-container elementor-column-gap-default\">\n\t\t\t\t\t<div class=\"elementor-column elementor-col-50 elementor-top-column elementor-element elementor-element-7949f776\" data-id=\"7949f776\" data-element_type=\"column\">\n\t\t\t<div class=\"elementor-widget-wrap elementor-element-populated\">\n\t\t\t\t\t\t<div class=\"elementor-element elementor-element-65610eb9 elementor-widget elementor-widget-heading\" data-id=\"65610eb9\" data-element_type=\"widget\" data-widget_type=\"heading.default\">\n\t\t\t\t<div class=\"elementor-widget-container\">\n\t\t\t\t\t<h1 class=\"elementor-heading-title elementor-size-default\">Notre mission, notre vision<\/h1>\t\t\t\t<\/div>\n\t\t\t\t<\/div>\n\t\t\t\t<div class=\"elementor-element elementor-element-c1c1764 elementor-widget elementor-widget-text-editor\" data-id=\"c1c1764\" data-element_type=\"widget\" data-widget_type=\"text-editor.default\">\n\t\t\t\t<div class=\"elementor-widget-container\">\n\t\t\t\t\t\t\t\t\t<p>La vision de l&#8217;Association des param\u00e9dics du Canada est de faire reconna\u00eetre la param\u00e9decine dans les soins de sant\u00e9 primaires. La mission de l&#8217;Association des param\u00e9dics du Canada est de fournir des soins de qualit\u00e9 au public en faisant preuve de leadership dans l&#8217;avancement de la profession de param\u00e9dic. Nos valeurs sont int\u00e9gr\u00e9es dans l&#8217;\u00e9nonc\u00e9 suivant :<\/p>\n\t\t\t\t\t\t\t\t<\/div>\n\t\t\t\t<\/div>\n\t\t\t\t<div class=\"elementor-element elementor-element-5d63b7a elementor-widget elementor-widget-text-editor\" data-id=\"5d63b7a\" data-element_type=\"widget\" data-widget_type=\"text-editor.default\">\n\t\t\t\t<div class=\"elementor-widget-container\">\n\t\t\t\t\t\t\t\t\t<p>PAC est compos\u00e9 de pr\u00e8s de 40 000 ambulanciers param\u00e9dicaux d&#8217;un oc\u00e9an \u00e0 l&#8217;autre. L&#8217;Association est une organisation nationale de praticiens pr\u00e9hospitaliers qui existe pour promouvoir des soins de qualit\u00e9 et professionnels aux patients gr\u00e2ce \u00e0 des relations de travail entre des organisations ayant des int\u00e9r\u00eats similaires. La protection du public et le d\u00e9veloppement de la profession dans l&#8217;int\u00e9r\u00eat public en sont les fondements.<\/p>\n\t\t\t\t\t\t\t\t<\/div>\n\t\t\t\t<\/div>\n\t\t\t\t\t<\/div>\n\t\t<\/div>\n\t\t\t\t<div class=\"elementor-column elementor-col-50 elementor-top-column elementor-element elementor-element-44daab0e\" data-id=\"44daab0e\" data-element_type=\"column\">\n\t\t\t<div class=\"elementor-widget-wrap elementor-element-populated\">\n\t\t\t\t\t\t<section class=\"elementor-section elementor-inner-section elementor-element elementor-element-31463e06 elementor-section-content-middle elementor-section-boxed elementor-section-height-default elementor-section-height-default default-style\" data-id=\"31463e06\" data-element_type=\"section\" data-settings=\"{&quot;rt_color_sets&quot;:&quot;default-style&quot;}\">\n\t\t\t\t\t\t<div class=\"elementor-container elementor-column-gap-no\">\n\t\t\t\t\t<div class=\"elementor-column elementor-col-100 elementor-inner-column elementor-element elementor-element-1d4023d9\" data-id=\"1d4023d9\" data-element_type=\"column\">\n\t\t\t<div class=\"elementor-widget-wrap elementor-element-populated\">\n\t\t\t\t\t\t<div class=\"elementor-element elementor-element-5a0b2e83 wpbits-parallax-effects elementor-absolute elementor-widget elementor-widget-wpb-tooltip\" data-id=\"5a0b2e83\" data-element_type=\"widget\" data-settings=\"{&quot;wpbits_afe_pro_parallax&quot;:&quot;wpbits-parallax-effects&quot;,&quot;wpbits_afe_pro_translate_y&quot;:&quot;true&quot;,&quot;wpbits_afe_pro_parallax_y&quot;:{&quot;unit&quot;:&quot;px&quot;,&quot;size&quot;:-100,&quot;sizes&quot;:[]},&quot;_position&quot;:&quot;absolute&quot;,&quot;wpbits_afe_pro_parallax_y_to&quot;:{&quot;unit&quot;:&quot;px&quot;,&quot;size&quot;:0,&quot;sizes&quot;:[]},&quot;wpbits_afe_pro_parallax_y_start&quot;:{&quot;unit&quot;:&quot;px&quot;,&quot;size&quot;:0,&quot;sizes&quot;:[]},&quot;wpbits_afe_pro_parallax_y_end&quot;:{&quot;unit&quot;:&quot;px&quot;,&quot;size&quot;:0,&quot;sizes&quot;:[]}}\" data-widget_type=\"wpb-tooltip.default\">\n\t\t\t\t<div class=\"elementor-widget-container\">\n\t\t\t\t\t        <div class=\"wpb-tooltip-wrapper\" data-tpid=\"wpb-tooltip-5a0b2e83 animated fast \" data-followmouse=\"false\" data-motp=\"false\" data-placement=\"s\" data-smart=\"true\" data-offset=\"15\">\n        <div class=\"wpb-tooltip wpb-tooltip-type-image\" data-powertip=\"\"><img decoding=\"async\" src=\"https:\/\/paramedic.ca\/wp-content\/uploads\/2022\/07\/24-20220518_193501-Edit.jpg\" title=\"\" alt=\"\" loading=\"lazy\" \/><\/div>        <\/div>\n   \t\t\t\t<\/div>\n\t\t\t\t<\/div>\n\t\t\t\t<div class=\"elementor-element elementor-element-2915167 wpbits-parallax-effects elementor-widget elementor-widget-wpb-tooltip\" data-id=\"2915167\" data-element_type=\"widget\" data-settings=\"{&quot;wpbits_afe_pro_parallax&quot;:&quot;wpbits-parallax-effects&quot;,&quot;wpbits_afe_pro_translate_y&quot;:&quot;true&quot;,&quot;wpbits_afe_pro_parallax_y_to&quot;:{&quot;unit&quot;:&quot;px&quot;,&quot;size&quot;:-50,&quot;sizes&quot;:[]},&quot;wpbits_afe_pro_parallax_y&quot;:{&quot;unit&quot;:&quot;px&quot;,&quot;size&quot;:0,&quot;sizes&quot;:[]},&quot;wpbits_afe_pro_parallax_y_start&quot;:{&quot;unit&quot;:&quot;px&quot;,&quot;size&quot;:0,&quot;sizes&quot;:[]},&quot;wpbits_afe_pro_parallax_y_end&quot;:{&quot;unit&quot;:&quot;px&quot;,&quot;size&quot;:0,&quot;sizes&quot;:[]}}\" data-widget_type=\"wpb-tooltip.default\">\n\t\t\t\t<div class=\"elementor-widget-container\">\n\t\t\t\t\t        <div class=\"wpb-tooltip-wrapper\" data-tpid=\"wpb-tooltip-2915167 animated fast none\" data-followmouse=\"false\" data-motp=\"false\" data-placement=\"n\" data-smart=\"true\" data-offset=\"15\">\n        <div class=\"wpb-tooltip wpb-tooltip-type-image\" data-powertip=\"\"><img fetchpriority=\"high\" decoding=\"async\" width=\"640\" height=\"320\" src=\"https:\/\/paramedic.ca\/wp-content\/uploads\/2022\/06\/about-1.png\" class=\"attachment-medium_large size-medium_large wp-image-4362\" alt=\"\" srcset=\"https:\/\/paramedic.ca\/wp-content\/uploads\/2022\/06\/about-1.png 640w, https:\/\/paramedic.ca\/wp-content\/uploads\/2022\/06\/about-1-600x300.png 600w, https:\/\/paramedic.ca\/wp-content\/uploads\/2022\/06\/about-1-300x150.png 300w\" sizes=\"(max-width: 640px) 100vw, 640px\" \/><\/div>        <\/div>\n   \t\t\t\t<\/div>\n\t\t\t\t<\/div>\n\t\t\t\t\t<\/div>\n\t\t<\/div>\n\t\t\t\t\t<\/div>\n\t\t<\/section>\n\t\t\t\t\t<\/div>\n\t\t<\/div>\n\t\t\t\t\t<\/div>\n\t\t<\/section>\n\t\t\t\t<section class=\"elementor-section elementor-top-section elementor-element elementor-element-2a340dca row-style-1 elementor-section-boxed elementor-section-height-default elementor-section-height-default\" data-id=\"2a340dca\" data-element_type=\"section\" data-settings=\"{&quot;background_background&quot;:&quot;classic&quot;,&quot;rt_color_sets&quot;:&quot;row-style-1&quot;,&quot;shape_divider_top&quot;:&quot;arrow&quot;}\">\n\t\t\t\t\t<div class=\"elementor-shape elementor-shape-top\" aria-hidden=\"true\" data-negative=\"false\">\n\t\t\t<svg xmlns=\"http:\/\/www.w3.org\/2000\/svg\" viewBox=\"0 0 700 10\" preserveAspectRatio=\"none\">\n\t<path class=\"elementor-shape-fill\" d=\"M350,10L340,0h20L350,10z\"\/>\n<\/svg>\t\t<\/div>\n\t\t\t\t\t<div class=\"elementor-container elementor-column-gap-default\">\n\t\t\t\t\t<div class=\"elementor-column elementor-col-20 elementor-top-column elementor-element elementor-element-6194245b\" data-id=\"6194245b\" data-element_type=\"column\">\n\t\t\t<div class=\"elementor-widget-wrap elementor-element-populated\">\n\t\t\t\t\t\t<div class=\"elementor-element elementor-element-725514c5 elementor-widget elementor-widget-wpb-counter\" data-id=\"725514c5\" data-element_type=\"widget\" data-widget_type=\"wpb-counter.default\">\n\t\t\t\t<div class=\"elementor-widget-container\">\n\t\t\t\t\t        <div id=\"wpb-counter-725514c5\" class=\"wpb-counter v-layout\">\n            \n\t\t\t            \t<div class=\"wpb-counter-icon\"><i aria-hidden=\"true\" class=\"fas fa-user-md\"><\/i><\/div>\n\t\t\t\t\t\t\n\t\t\t\t\n            \n\t\t\t<div class=\"wpb-counter-number\" data-endingnumber=\"40\" data-animduration=\"1000\" data-scrollanim >\n                <span>0<\/span>K            <\/div>\n            \n\t\t\t\n\t\t\t            \t<div class=\"wpb-counter-title\">Param\u00e9dics<\/div>\n\t\t\t\t\t\t\n\t\t\t\n        <\/div>\n\t\t\t\t\t<\/div>\n\t\t\t\t<\/div>\n\t\t\t\t\t<\/div>\n\t\t<\/div>\n\t\t\t\t<div class=\"elementor-column elementor-col-20 elementor-top-column elementor-element elementor-element-4e235a7a\" data-id=\"4e235a7a\" data-element_type=\"column\">\n\t\t\t<div class=\"elementor-widget-wrap elementor-element-populated\">\n\t\t\t\t\t\t<div class=\"elementor-element elementor-element-4f7d0086 elementor-widget elementor-widget-wpb-counter\" data-id=\"4f7d0086\" data-element_type=\"widget\" data-widget_type=\"wpb-counter.default\">\n\t\t\t\t<div class=\"elementor-widget-container\">\n\t\t\t\t\t        <div id=\"wpb-counter-4f7d0086\" class=\"wpb-counter v-layout\">\n            \n\t\t\t            \t<div class=\"wpb-counter-icon\"><i aria-hidden=\"true\" class=\"far fa-clock\"><\/i><\/div>\n\t\t\t\t\t\t\n\t\t\t\t\n            \n\t\t\t<div class=\"wpb-counter-number\" data-endingnumber=\"37\" data-animduration=\"1500\" data-scrollanim >\n                <span>0<\/span>            <\/div>\n            \n\t\t\t\n\t\t\t            \t<div class=\"wpb-counter-title\">Moy. \u00c2ge<\/div>\n\t\t\t\t\t\t\n\t\t\t\n        <\/div>\n\t\t\t\t\t<\/div>\n\t\t\t\t<\/div>\n\t\t\t\t\t<\/div>\n\t\t<\/div>\n\t\t\t\t<div class=\"elementor-column elementor-col-20 elementor-top-column elementor-element elementor-element-ae6eeb1\" data-id=\"ae6eeb1\" data-element_type=\"column\">\n\t\t\t<div class=\"elementor-widget-wrap elementor-element-populated\">\n\t\t\t\t\t\t<div class=\"elementor-element elementor-element-74c65570 elementor-widget elementor-widget-wpb-counter\" data-id=\"74c65570\" data-element_type=\"widget\" data-widget_type=\"wpb-counter.default\">\n\t\t\t\t<div class=\"elementor-widget-container\">\n\t\t\t\t\t        <div id=\"wpb-counter-74c65570\" class=\"wpb-counter v-layout\">\n            \n\t\t\t            \t<div class=\"wpb-counter-icon\"><i aria-hidden=\"true\" class=\"fab fa-medrt\"><\/i><\/div>\n\t\t\t\t\t\t\n\t\t\t\t\n            \n\t\t\t<div class=\"wpb-counter-number\" data-endingnumber=\"4\" data-animduration=\"1250\" data-scrollanim >\n                <span>0<\/span>            <\/div>\n            \n\t\t\t\n\t\t\t            \t<div class=\"wpb-counter-title\">Niveaux de soins<\/div>\n\t\t\t\t\t\t\n\t\t\t\n        <\/div>\n\t\t\t\t\t<\/div>\n\t\t\t\t<\/div>\n\t\t\t\t\t<\/div>\n\t\t<\/div>\n\t\t\t\t<div class=\"elementor-column elementor-col-20 elementor-top-column elementor-element elementor-element-412d124c\" data-id=\"412d124c\" data-element_type=\"column\">\n\t\t\t<div class=\"elementor-widget-wrap elementor-element-populated\">\n\t\t\t\t\t\t<div class=\"elementor-element elementor-element-ffd806b elementor-widget elementor-widget-wpb-counter\" data-id=\"ffd806b\" data-element_type=\"widget\" data-widget_type=\"wpb-counter.default\">\n\t\t\t\t<div class=\"elementor-widget-container\">\n\t\t\t\t\t        <div id=\"wpb-counter-ffd806b\" class=\"wpb-counter v-layout\">\n            \n\t\t\t            \t<div class=\"wpb-counter-icon\"><i aria-hidden=\"true\" class=\"fas fa-hand-holding-medical\"><\/i><\/div>\n\t\t\t\t\t\t\n\t\t\t\t\n            \n\t\t\t<div class=\"wpb-counter-number\" data-endingnumber=\"11\" data-animduration=\"1750\" data-scrollanim data-seperator>\n                <span>0<\/span>%            <\/div>\n            \n\t\t\t\n\t\t\t            \t<div class=\"wpb-counter-title\">Croissance de l&#039;emploi<\/div>\n\t\t\t\t\t\t\n\t\t\t\n        <\/div>\n\t\t\t\t\t<\/div>\n\t\t\t\t<\/div>\n\t\t\t\t\t<\/div>\n\t\t<\/div>\n\t\t\t\t<div class=\"elementor-column elementor-col-20 elementor-top-column elementor-element elementor-element-ddf5079\" data-id=\"ddf5079\" data-element_type=\"column\">\n\t\t\t<div class=\"elementor-widget-wrap elementor-element-populated\">\n\t\t\t\t\t\t<div class=\"elementor-element elementor-element-0fcc7a0 elementor-widget elementor-widget-wpb-counter\" data-id=\"0fcc7a0\" data-element_type=\"widget\" data-widget_type=\"wpb-counter.default\">\n\t\t\t\t<div class=\"elementor-widget-container\">\n\t\t\t\t\t        <div id=\"wpb-counter-0fcc7a0\" class=\"wpb-counter v-layout\">\n            \n\t\t\t            \t<div class=\"wpb-counter-icon\"><i aria-hidden=\"true\" class=\"fas fa-phone\"><\/i><\/div>\n\t\t\t\t\t\t\n\t\t\t\t\n            \n\t\t\t<div class=\"wpb-counter-number\" data-endingnumber=\"3000000\" data-animduration=\"1750\" data-scrollanim data-seperator>\n                <span>0<\/span>+            <\/div>\n            \n\t\t\t\n\t\t\t            \t<div class=\"wpb-counter-title\">Appels de service<\/div>\n\t\t\t\t\t\t\n\t\t\t\n        <\/div>\n\t\t\t\t\t<\/div>\n\t\t\t\t<\/div>\n\t\t\t\t\t<\/div>\n\t\t<\/div>\n\t\t\t\t\t<\/div>\n\t\t<\/section>\n\t\t\t\t<section class=\"elementor-section elementor-top-section elementor-element elementor-element-f831d06 elementor-section-boxed elementor-section-height-default elementor-section-height-default default-style\" data-id=\"f831d06\" data-element_type=\"section\" data-settings=\"{&quot;rt_color_sets&quot;:&quot;default-style&quot;}\">\n\t\t\t\t\t\t<div class=\"elementor-container elementor-column-gap-default\">\n\t\t\t\t\t<div class=\"elementor-column elementor-col-100 elementor-top-column elementor-element elementor-element-a71ccf1\" data-id=\"a71ccf1\" data-element_type=\"column\">\n\t\t\t<div class=\"elementor-widget-wrap elementor-element-populated\">\n\t\t\t\t\t\t<section class=\"elementor-section elementor-inner-section elementor-element elementor-element-871c5d2 elementor-section-boxed elementor-section-height-default elementor-section-height-default default-style\" data-id=\"871c5d2\" data-element_type=\"section\" data-settings=\"{&quot;rt_color_sets&quot;:&quot;default-style&quot;}\">\n\t\t\t\t\t\t<div class=\"elementor-container elementor-column-gap-default\">\n\t\t\t\t\t<div class=\"elementor-column elementor-col-50 elementor-inner-column elementor-element elementor-element-a0d4d26\" data-id=\"a0d4d26\" data-element_type=\"column\">\n\t\t\t<div class=\"elementor-widget-wrap elementor-element-populated\">\n\t\t\t\t\t\t<div class=\"elementor-element elementor-element-011352a elementor-widget elementor-widget-text-editor\" data-id=\"011352a\" data-element_type=\"widget\" data-widget_type=\"text-editor.default\">\n\t\t\t\t<div class=\"elementor-widget-container\">\n\t\t\t\t\t\t\t\t\t<p><em>&#8220;PAC s&#8217;engage \u00e0 diriger la profession param\u00e9dicale, gr\u00e2ce \u00e0 un esprit de collaboration, un engagement envers la vision et un leadership fort. Nous ferons preuve d&#8217;honn\u00eatet\u00e9, d&#8217;int\u00e9grit\u00e9 et de transparence dans nos affaires, rendrons des comptes aux chapitres et repr\u00e9senterons \u00e9quitablement les param\u00e9dics avec un Nous nous engageons \u00e0 renouveler le Profil national des comp\u00e9tences professionnelles (PNCP), \u00e0 \u00e9laborer un examen national et \u00e0 cr\u00e9er un registre national.<\/em><\/p>\n\t\t\t\t\t\t\t\t<\/div>\n\t\t\t\t<\/div>\n\t\t\t\t\t<\/div>\n\t\t<\/div>\n\t\t\t\t<div class=\"elementor-column elementor-col-50 elementor-inner-column elementor-element elementor-element-62b5779\" data-id=\"62b5779\" data-element_type=\"column\">\n\t\t\t<div class=\"elementor-widget-wrap elementor-element-populated\">\n\t\t\t\t\t\t<div class=\"elementor-element elementor-element-5880297 elementor-view-default elementor-widget elementor-widget-icon\" data-id=\"5880297\" data-element_type=\"widget\" data-widget_type=\"icon.default\">\n\t\t\t\t<div class=\"elementor-widget-container\">\n\t\t\t\t\t\t\t<div class=\"elementor-icon-wrapper\">\n\t\t\t<div class=\"elementor-icon\">\n\t\t\t<i aria-hidden=\"true\" class=\"fas fa-quote-right\"><\/i>\t\t\t<\/div>\n\t\t<\/div>\n\t\t\t\t\t\t<\/div>\n\t\t\t\t<\/div>\n\t\t\t\t\t<\/div>\n\t\t<\/div>\n\t\t\t\t\t<\/div>\n\t\t<\/section>\n\t\t\t\t\t<\/div>\n\t\t<\/div>\n\t\t\t\t\t<\/div>\n\t\t<\/section>\n\t\t\t\t<\/div>\n\t\t","protected":false},"excerpt":{"rendered":"<p>Notre mission, notre vision La vision de l&#8217;Association des param\u00e9dics du Canada est de faire reconna\u00eetre la param\u00e9decine dans les soins de sant\u00e9 primaires. La mission de l&#8217;Association des param\u00e9dics du Canada est de fournir des soins de qualit\u00e9 au public en faisant preuve de leadership dans l&#8217;avancement de la profession de param\u00e9dic. Nos valeurs [&hellip;]<\/p>\n","protected":false},"author":3,"featured_media":0,"parent":0,"menu_order":0,"comment_status":"closed","ping_status":"closed","template":"elementor_header_footer","meta":{"footnotes":""},"class_list":["post-6181","page","type-page","status-publish","hentry"],"_links":{"self":[{"href":"https:\/\/paramedic.ca\/fr\/wp-json\/wp\/v2\/pages\/6181","targetHints":{"allow":["GET"]}}],"collection":[{"href":"https:\/\/paramedic.ca\/fr\/wp-json\/wp\/v2\/pages"}],"about":[{"href":"https:\/\/paramedic.ca\/fr\/wp-json\/wp\/v2\/types\/page"}],"author":[{"embeddable":true,"href":"https:\/\/paramedic.ca\/fr\/wp-json\/wp\/v2\/users\/3"}],"replies":[{"embeddable":true,"href":"https:\/\/paramedic.ca\/fr\/wp-json\/wp\/v2\/comments?post=6181"}],"version-history":[{"count":7,"href":"https:\/\/paramedic.ca\/fr\/wp-json\/wp\/v2\/pages\/6181\/revisions"}],"predecessor-version":[{"id":8886,"href":"https:\/\/paramedic.ca\/fr\/wp-json\/wp\/v2\/pages\/6181\/revisions\/8886"}],"wp:attachment":[{"href":"https:\/\/paramedic.ca\/fr\/wp-json\/wp\/v2\/media?parent=6181"}],"curies":[{"name":"wp","href":"https:\/\/api.w.org\/{rel}","templated":true}]}}